{"id":617,"date":"2022-09-23T16:54:39","date_gmt":"2022-09-23T14:54:39","guid":{"rendered":"https:\/\/evenements.infopro-digital.com\/lemoniteur\/actu-formations\/?page_id=617"},"modified":"2025-11-07T10:52:54","modified_gmt":"2025-11-07T09:52:54","slug":"telechargez-le-catalogue-des-formations","status":"publish","type":"page","link":"https:\/\/evenements.infopro-digital.com\/lemoniteur\/actu-formations\/telechargez-le-catalogue-des-formations\/","title":{"rendered":"T\u00e9l\u00e9chargez le catalogue des formations"},"content":{"rendered":"<div  class=\"strate strate--equal-height alignfull has-bg-img bg-img--cover has-background-color-opacity-10\" style=\" background-image: url(https:\/\/evenements.infopro-digital.com\/lemoniteur\/actu-formations\/\/app\/uploads\/sites\/2\/2022\/05\/scott-webb-M5PYMJ83OfE-unsplash-scaled.jpg); background-position: 50% 50%;\"><div class=\"centrage\">\n\n<div class=\"has-2-columns wp-block-columns\">\n<div class=\" wp-block-column\" style=\"flex-basis:65%\"><figure  class=\"block-img is-style-default alignleft width-25 only-all\"><img loading=\"lazy\" class=\"\" style=\"\" src=\"https:\/\/evenements.infopro-digital.com\/lemoniteur\/actu-formations\/\/app\/uploads\/sites\/2\/2022\/03\/Moniteur_Formations.jpg\" alt=\"\" width=\"550\" height=\"200\"><\/figure>\n\n\n<div style=\"height:20px\" aria-hidden=\"true\" class=\"wp-block-spacer\"><\/div>\n\n\n\n<p class=\"has-large-font-size\"><strong>T\u00e9l\u00e9chargez le catalogue des formations du Moniteur.<\/strong><\/p>\n\n\n\n<div class=\"has-2-columns wp-block-columns has-color-3-background-color has-background\">\n<div class=\" wp-block-column\">\n<p><strong>\u2714 Intelligence Artificielle (IA) dans la construction<\/strong><\/p>\n\n\n\n<p><strong>\u2714 Building Information Modeling (BIM)<\/strong><\/p>\n\n\n\n<p><strong>\u2714 R\u00e9glementation de la construction<\/strong><\/p>\n\n\n\n<p><strong>\u2714 Techniques de construction et de r\u00e9habilitation<\/strong><\/p>\n\n\n\n<p><strong>\u2714<\/strong> <strong>Construction bois<\/strong><\/p>\n\n\n\n<p><strong>\u2714 Travaux publics<\/strong><\/p>\n\n\n\n<p><strong>\u2714<\/strong> <strong>Conduite de chantiers<\/strong><\/p>\n\n\n\n<p class=\"has-medium-font-size\"><strong><sub>\u2714<\/sub> Performance \u00e9nerg\u00e9tique<\/strong><br><sub><strong>\u2714<\/strong><\/sub> <strong>Urbanisme et Am\u00e9nagement<\/strong><\/p>\n\n\n\n<p class=\"has-medium-font-size\"><sub><strong>\u2714<\/strong><\/sub> <strong>Immobilier et logement social<\/strong><br><sub><strong>\u2714<\/strong><\/sub> <strong>March\u00e9s publics et priv\u00e9s<\/strong><br><sub><strong>\u2714<\/strong> <\/sub><strong>Soft Skills<\/strong><br><\/p>\n<\/div>\n\n\n\n<div class=\" wp-block-column\">\n<figure class=\"wp-block-image size-large\"><img loading=\"lazy\" width=\"779\" height=\"985\" src=\"https:\/\/evenements.infopro-digital.com\/lemoniteur\/actu-formations\/\/app\/uploads\/sites\/2\/2025\/10\/Couv-catalogue-2026V1-1.png\" alt=\"\" class=\"wp-image-1139\" srcset=\"https:\/\/evenements.infopro-digital.com\/lemoniteur\/actu-formations\/\/app\/uploads\/sites\/2\/2025\/10\/Couv-catalogue-2026V1-1.png 779w, https:\/\/evenements.infopro-digital.com\/lemoniteur\/actu-formations\/\/app\/uploads\/sites\/2\/2025\/10\/Couv-catalogue-2026V1-1-237x300.png 237w, https:\/\/evenements.infopro-digital.com\/lemoniteur\/actu-formations\/\/app\/uploads\/sites\/2\/2025\/10\/Couv-catalogue-2026V1-1-768x971.png 768w, https:\/\/evenements.infopro-digital.com\/lemoniteur\/actu-formations\/\/app\/uploads\/sites\/2\/2025\/10\/Couv-catalogue-2026V1-1-400x506.png 400w\" sizes=\"(max-width: 779px) 100vw, 779px\" \/><\/figure>\n\n\n\n<figure class=\"wp-block-image size-large is-resized\"><img loading=\"lazy\" src=\"https:\/\/evenements.infopro-digital.com\/lemoniteur\/actu-formations\/\/app\/uploads\/sites\/2\/2023\/10\/logo-qualiopi-avec-action-de-formation-1.png\" alt=\"\" class=\"wp-image-825\" width=\"142\" height=\"119\" srcset=\"https:\/\/evenements.infopro-digital.com\/lemoniteur\/actu-formations\/\/app\/uploads\/sites\/2\/2023\/10\/logo-qualiopi-avec-action-de-formation-1.png 980w, https:\/\/evenements.infopro-digital.com\/lemoniteur\/actu-formations\/\/app\/uploads\/sites\/2\/2023\/10\/logo-qualiopi-avec-action-de-formation-1-300x253.png 300w, https:\/\/evenements.infopro-digital.com\/lemoniteur\/actu-formations\/\/app\/uploads\/sites\/2\/2023\/10\/logo-qualiopi-avec-action-de-formation-1-768x647.png 768w, https:\/\/evenements.infopro-digital.com\/lemoniteur\/actu-formations\/\/app\/uploads\/sites\/2\/2023\/10\/logo-qualiopi-avec-action-de-formation-1-800x673.png 800w, https:\/\/evenements.infopro-digital.com\/lemoniteur\/actu-formations\/\/app\/uploads\/sites\/2\/2023\/10\/logo-qualiopi-avec-action-de-formation-1-400x337.png 400w\" sizes=\"(max-width: 142px) 100vw, 142px\" \/><\/figure>\n<\/div>\n<\/div>\n\n\n\n<div class=\"has-1-columns wp-block-columns\">\n<div class=\" wp-block-column\"><\/div>\n<\/div>\n<\/div>\n\n\n\n<div class=\" wp-block-column\" style=\"flex-basis:40%\"><div class=\"swform form-defaut has-background has-background has-color-3-background-color\"><div role=\"form\" class=\"wpcf7\" id=\"wpcf7-f616-o1\" lang=\"fr-FR\" dir=\"ltr\">\n<div class=\"screen-reader-response\"><p role=\"status\" aria-live=\"polite\" aria-atomic=\"true\"><\/p> <ul><\/ul><\/div>\n<form action=\"\/lemoniteur\/actu-formations\/wp-json\/wp\/v2\/pages\/617#wpcf7-f616-o1\" method=\"post\" class=\"wpcf7-form init\" novalidate=\"novalidate\" data-status=\"init\">\n<div style=\"display: none;\">\n<input type=\"hidden\" name=\"_wpcf7\" value=\"616\" \/>\n<input type=\"hidden\" name=\"_wpcf7_version\" value=\"5.4.2\" \/>\n<input type=\"hidden\" name=\"_wpcf7_locale\" value=\"fr_FR\" \/>\n<input type=\"hidden\" name=\"_wpcf7_unit_tag\" value=\"wpcf7-f616-o1\" \/>\n<input type=\"hidden\" name=\"_wpcf7_container_post\" value=\"0\" \/>\n<input type=\"hidden\" name=\"_wpcf7_posted_data_hash\" value=\"\" \/>\n<input type=\"hidden\" name=\"_wpcf7_recaptcha_response\" value=\"\" \/>\n<\/div>\n<div class=\"swform__wrapper\">\n<div class=\"swform__cont-field\">\n<label>Votre nom*<\/label><span class=\"wpcf7-form-control-wrap nom\"><input type=\"text\" name=\"nom\" value=\"\" size=\"40\" class=\"wpcf7-form-control wpcf7-text wpcf7-validates-as-required\" aria-required=\"true\" aria-invalid=\"false\" \/><\/span>\n<\/div>\n<div class=\"swform__cont-field\">\n<label>Votre pr\u00e9nom*<\/label><span class=\"wpcf7-form-control-wrap prenom\"><input type=\"text\" name=\"prenom\" value=\"\" size=\"40\" class=\"wpcf7-form-control wpcf7-text wpcf7-validates-as-required\" aria-required=\"true\" aria-invalid=\"false\" \/><\/span>\n<\/div>\n<div class=\"swform__cont-field swform__cont-field--email\">\n<label>Votre adresse email*<\/label><span class=\"wpcf7-form-control-wrap your-email\"><input type=\"email\" name=\"your-email\" value=\"\" size=\"40\" class=\"wpcf7-form-control wpcf7-text wpcf7-email wpcf7-validates-as-required wpcf7-validates-as-email\" aria-required=\"true\" aria-invalid=\"false\" \/><\/span>\n<\/div>\n<div class=\"swform__cont-field\">\n<label>Votre t\u00e9l\u00e9phone*<\/label><span class=\"wpcf7-form-control-wrap tel\"><input type=\"tel\" name=\"tel\" value=\"\" size=\"40\" class=\"wpcf7-form-control wpcf7-text wpcf7-tel wpcf7-validates-as-required wpcf7-validates-as-tel\" aria-required=\"true\" aria-invalid=\"false\" \/><\/span>\n<\/div>\n<div class=\"swform__cont-field\">\n<label>Votre fonction*<\/label><span class=\"wpcf7-form-control-wrap fonction\"><input type=\"text\" name=\"fonction\" value=\"\" size=\"40\" class=\"wpcf7-form-control wpcf7-text wpcf7-validates-as-required\" aria-required=\"true\" aria-invalid=\"false\" \/><\/span>\n<\/div>\n<div class=\"swform__cont-field\">\n<label>Raison sociale*<\/label><span class=\"wpcf7-form-control-wrap raison_social\"><input type=\"text\" name=\"raison_social\" value=\"\" size=\"40\" class=\"wpcf7-form-control wpcf7-text wpcf7-validates-as-required\" aria-required=\"true\" aria-invalid=\"false\" \/><\/span>\n<\/div>\n<div class=\"swform__cont-field\">\n<label>D\u00e9crivez ici votre besoin en formation (optionnel)<\/label><span class=\"wpcf7-form-control-wrap your-message\"><textarea name=\"your-message\" cols=\"40\" rows=\"10\" class=\"wpcf7-form-control wpcf7-textarea\" aria-invalid=\"false\"><\/textarea><\/span>\n<\/div>\n<p>*Champs obligatoires<\/p>\n<div class=\"swform__cont-field swform__cont-field--submit\">\n<div class=\"cont-submit\">\n<button class=\"bttn icon-avion-papier\" type=\"submit\"> Je t\u00e9l\u00e9charge le catalogue <\/button>\n<\/div>\n<\/div>\n<p>Formulaire non compatible avec Internet Explorer <\/p>\n<p><small>Les donn\u00e9es personnelles sont collect\u00e9es et trait\u00e9es par le Groupe Moniteur, RCS&nbsp;Cr\u00e9teil&nbsp;B&nbsp;403&nbsp;080&nbsp;823 filiale du Groupe Infopro Digital, afin de traiter votre demande et constituer un fichier de prospection commerciale portant sur les produits et services de notre soci\u00e9t\u00e9. Vos donn\u00e9es pourront \u00eatre transmises aux soci\u00e9t\u00e9s du groupe Infopro Digital pour vous proposer des produits et\/ou services utiles \u00e0 vos activit\u00e9s professionnelles ou vous int\u00e9grer dans des annuaires professionnels. Ces traitements sont r\u00e9alis\u00e9s sur le fondement de notre int\u00e9r\u00eat l\u00e9gitime \u00e0 exercer une activit\u00e9 commerciale. \u2013 consulter notre \u202f: <a href=\"https:\/\/www.infopro-digital.com\/fr\/protection-des-donnees\/\" rel=\"noopener\" target=\"_blank\"> politique en mati\u00e8re de donn\u00e9es personnelles.<\/small><\/p>\n<p><\/a> Vous pouvez exercer vos droits sur vos donn\u00e9es (acc\u00e8s, rectification etc.) en \u00e9crivant \u00e0 <a href=\"bWFpbHRvOnByaXZhY3ktZm9ybWF0aW9uc0BpbmZvcHJvLWRpZ2l0YWwuY29t\" data-protectedlink=\"1\" style=\"color:#0073e6; text-decoration:underline;\"><br \/>\n      privacy-formations@infopro-digital.com<br \/>\n    <\/a>.<br \/>\n  <\/span>\n<\/p>\n<\/div>\n<div class=\"wpcf7-response-output\" aria-hidden=\"true\"><\/div><\/form><\/div><\/div><\/div>\n<\/div>\n\n<\/div><\/div>\n\n\n<p><\/p>\n","protected":false},"excerpt":{"rendered":"","protected":false},"author":5,"featured_media":0,"parent":0,"menu_order":0,"comment_status":"closed","ping_status":"closed","template":"tpl_portail.php","meta":[],"yoast_head":"<!-- This site is optimized with the Yoast SEO plugin v18.9 - https:\/\/yoast.com\/wordpress\/plugins\/seo\/ -->\n<title>T\u00e9l\u00e9chargez le catalogue des formations - Formation Lemoniteur<\/title>\n<meta name=\"robots\" content=\"index, follow, max-snippet:-1, max-image-preview:large, max-video-preview:-1\" \/>\n<link rel=\"canonical\" href=\"https:\/\/evenements.infopro-digital.com\/lemoniteur\/actu-formations\/telechargez-le-catalogue-des-formations\/\" \/>\n<meta property=\"og:locale\" content=\"fr_FR\" \/>\n<meta property=\"og:type\" content=\"article\" \/>\n<meta property=\"og:title\" content=\"T\u00e9l\u00e9chargez le catalogue des formations - Formation Lemoniteur\" \/>\n<meta property=\"og:url\" content=\"https:\/\/evenements.infopro-digital.com\/lemoniteur\/actu-formations\/telechargez-le-catalogue-des-formations\/\" \/>\n<meta property=\"og:site_name\" content=\"Formation Lemoniteur\" \/>\n<meta property=\"article:modified_time\" content=\"2025-11-07T09:52:54+00:00\" \/>\n<meta property=\"og:image\" content=\"https:\/\/evenements.infopro-digital.com\/lemoniteur\/actu-formations\/\/app\/uploads\/sites\/2\/2025\/10\/Couv-catalogue-2026V1-1.png\" \/>\n<meta name=\"twitter:card\" content=\"summary_large_image\" \/>\n<meta name=\"twitter:label1\" content=\"Est. reading time\" \/>\n\t<meta name=\"twitter:data1\" content=\"1 minute\" \/>\n<script type=\"application\/ld+json\" class=\"yoast-schema-graph\">{\"@context\":\"https:\/\/schema.org\",\"@graph\":[{\"@type\":\"WebSite\",\"@id\":\"https:\/\/evenements.infopro-digital.com\/lemoniteur\/actu-formations\/#website\",\"url\":\"https:\/\/evenements.infopro-digital.com\/lemoniteur\/actu-formations\/\",\"name\":\"Formation Lemoniteur\",\"description\":\"Un site utilisant Les sites de Formation argus\",\"potentialAction\":[{\"@type\":\"SearchAction\",\"target\":{\"@type\":\"EntryPoint\",\"urlTemplate\":\"https:\/\/evenements.infopro-digital.com\/lemoniteur\/actu-formations\/?s={search_term_string}\"},\"query-input\":\"required name=search_term_string\"}],\"inLanguage\":\"fr-FR\"},{\"@type\":\"ImageObject\",\"inLanguage\":\"fr-FR\",\"@id\":\"https:\/\/evenements.infopro-digital.com\/lemoniteur\/actu-formations\/telechargez-le-catalogue-des-formations\/#primaryimage\",\"url\":\"https:\/\/evenements.infopro-digital.com\/lemoniteur\/actu-formations\/\/app\/uploads\/sites\/2\/2025\/10\/Couv-catalogue-2026V1-1.png\",\"contentUrl\":\"https:\/\/evenements.infopro-digital.com\/lemoniteur\/actu-formations\/\/app\/uploads\/sites\/2\/2025\/10\/Couv-catalogue-2026V1-1.png\",\"width\":779,\"height\":985},{\"@type\":\"WebPage\",\"@id\":\"https:\/\/evenements.infopro-digital.com\/lemoniteur\/actu-formations\/telechargez-le-catalogue-des-formations\/#webpage\",\"url\":\"https:\/\/evenements.infopro-digital.com\/lemoniteur\/actu-formations\/telechargez-le-catalogue-des-formations\/\",\"name\":\"T\u00e9l\u00e9chargez le catalogue des formations - Formation Lemoniteur\",\"isPartOf\":{\"@id\":\"https:\/\/evenements.infopro-digital.com\/lemoniteur\/actu-formations\/#website\"},\"primaryImageOfPage\":{\"@id\":\"https:\/\/evenements.infopro-digital.com\/lemoniteur\/actu-formations\/telechargez-le-catalogue-des-formations\/#primaryimage\"},\"datePublished\":\"2022-09-23T14:54:39+00:00\",\"dateModified\":\"2025-11-07T09:52:54+00:00\",\"breadcrumb\":{\"@id\":\"https:\/\/evenements.infopro-digital.com\/lemoniteur\/actu-formations\/telechargez-le-catalogue-des-formations\/#breadcrumb\"},\"inLanguage\":\"fr-FR\",\"potentialAction\":[{\"@type\":\"ReadAction\",\"target\":[\"https:\/\/evenements.infopro-digital.com\/lemoniteur\/actu-formations\/telechargez-le-catalogue-des-formations\/\"]}]},{\"@type\":\"BreadcrumbList\",\"@id\":\"https:\/\/evenements.infopro-digital.com\/lemoniteur\/actu-formations\/telechargez-le-catalogue-des-formations\/#breadcrumb\",\"itemListElement\":[{\"@type\":\"ListItem\",\"position\":1,\"name\":\"Accueil\",\"item\":\"https:\/\/evenements.infopro-digital.com\/lemoniteur\/actu-formations\/\"},{\"@type\":\"ListItem\",\"position\":2,\"name\":\"T\u00e9l\u00e9chargez le catalogue des formations\"}]}]}<\/script>\n<!-- \/ Yoast SEO plugin. -->","yoast_head_json":{"title":"T\u00e9l\u00e9chargez le catalogue des formations - Formation Lemoniteur","robots":{"index":"index","follow":"follow","max-snippet":"max-snippet:-1","max-image-preview":"max-image-preview:large","max-video-preview":"max-video-preview:-1"},"canonical":"https:\/\/evenements.infopro-digital.com\/lemoniteur\/actu-formations\/telechargez-le-catalogue-des-formations\/","og_locale":"fr_FR","og_type":"article","og_title":"T\u00e9l\u00e9chargez le catalogue des formations - Formation Lemoniteur","og_url":"https:\/\/evenements.infopro-digital.com\/lemoniteur\/actu-formations\/telechargez-le-catalogue-des-formations\/","og_site_name":"Formation Lemoniteur","article_modified_time":"2025-11-07T09:52:54+00:00","og_image":[{"url":"https:\/\/evenements.infopro-digital.com\/lemoniteur\/actu-formations\/\/app\/uploads\/sites\/2\/2025\/10\/Couv-catalogue-2026V1-1.png"}],"twitter_card":"summary_large_image","twitter_misc":{"Est. reading time":"1 minute"},"schema":{"@context":"https:\/\/schema.org","@graph":[{"@type":"WebSite","@id":"https:\/\/evenements.infopro-digital.com\/lemoniteur\/actu-formations\/#website","url":"https:\/\/evenements.infopro-digital.com\/lemoniteur\/actu-formations\/","name":"Formation Lemoniteur","description":"Un site utilisant Les sites de Formation argus","potentialAction":[{"@type":"SearchAction","target":{"@type":"EntryPoint","urlTemplate":"https:\/\/evenements.infopro-digital.com\/lemoniteur\/actu-formations\/?s={search_term_string}"},"query-input":"required name=search_term_string"}],"inLanguage":"fr-FR"},{"@type":"ImageObject","inLanguage":"fr-FR","@id":"https:\/\/evenements.infopro-digital.com\/lemoniteur\/actu-formations\/telechargez-le-catalogue-des-formations\/#primaryimage","url":"https:\/\/evenements.infopro-digital.com\/lemoniteur\/actu-formations\/\/app\/uploads\/sites\/2\/2025\/10\/Couv-catalogue-2026V1-1.png","contentUrl":"https:\/\/evenements.infopro-digital.com\/lemoniteur\/actu-formations\/\/app\/uploads\/sites\/2\/2025\/10\/Couv-catalogue-2026V1-1.png","width":779,"height":985},{"@type":"WebPage","@id":"https:\/\/evenements.infopro-digital.com\/lemoniteur\/actu-formations\/telechargez-le-catalogue-des-formations\/#webpage","url":"https:\/\/evenements.infopro-digital.com\/lemoniteur\/actu-formations\/telechargez-le-catalogue-des-formations\/","name":"T\u00e9l\u00e9chargez le catalogue des formations - Formation Lemoniteur","isPartOf":{"@id":"https:\/\/evenements.infopro-digital.com\/lemoniteur\/actu-formations\/#website"},"primaryImageOfPage":{"@id":"https:\/\/evenements.infopro-digital.com\/lemoniteur\/actu-formations\/telechargez-le-catalogue-des-formations\/#primaryimage"},"datePublished":"2022-09-23T14:54:39+00:00","dateModified":"2025-11-07T09:52:54+00:00","breadcrumb":{"@id":"https:\/\/evenements.infopro-digital.com\/lemoniteur\/actu-formations\/telechargez-le-catalogue-des-formations\/#breadcrumb"},"inLanguage":"fr-FR","potentialAction":[{"@type":"ReadAction","target":["https:\/\/evenements.infopro-digital.com\/lemoniteur\/actu-formations\/telechargez-le-catalogue-des-formations\/"]}]},{"@type":"BreadcrumbList","@id":"https:\/\/evenements.infopro-digital.com\/lemoniteur\/actu-formations\/telechargez-le-catalogue-des-formations\/#breadcrumb","itemListElement":[{"@type":"ListItem","position":1,"name":"Accueil","item":"https:\/\/evenements.infopro-digital.com\/lemoniteur\/actu-formations\/"},{"@type":"ListItem","position":2,"name":"T\u00e9l\u00e9chargez le catalogue des formations"}]}]}},"_links":{"self":[{"href":"https:\/\/evenements.infopro-digital.com\/lemoniteur\/actu-formations\/wp-json\/wp\/v2\/pages\/617"}],"collection":[{"href":"https:\/\/evenements.infopro-digital.com\/lemoniteur\/actu-formations\/wp-json\/wp\/v2\/pages"}],"about":[{"href":"https:\/\/evenements.infopro-digital.com\/lemoniteur\/actu-formations\/wp-json\/wp\/v2\/types\/page"}],"author":[{"embeddable":true,"href":"https:\/\/evenements.infopro-digital.com\/lemoniteur\/actu-formations\/wp-json\/wp\/v2\/users\/5"}],"replies":[{"embeddable":true,"href":"https:\/\/evenements.infopro-digital.com\/lemoniteur\/actu-formations\/wp-json\/wp\/v2\/comments?post=617"}],"version-history":[{"count":17,"href":"https:\/\/evenements.infopro-digital.com\/lemoniteur\/actu-formations\/wp-json\/wp\/v2\/pages\/617\/revisions"}],"predecessor-version":[{"id":1149,"href":"https:\/\/evenements.infopro-digital.com\/lemoniteur\/actu-formations\/wp-json\/wp\/v2\/pages\/617\/revisions\/1149"}],"wp:attachment":[{"href":"https:\/\/evenements.infopro-digital.com\/lemoniteur\/actu-formations\/wp-json\/wp\/v2\/media?parent=617"}],"curies":[{"name":"wp","href":"https:\/\/api.w.org\/{rel}","templated":true}]}}