{"id":264,"date":"2022-04-08T15:29:02","date_gmt":"2022-04-08T13:29:02","guid":{"rendered":"https:\/\/evenements.infopro-digital.com\/lemoniteur\/actu-formations\/?page_id=264"},"modified":"2025-02-18T18:02:16","modified_gmt":"2025-02-18T17:02:16","slug":"lequipe-dediee-a-lintra","status":"publish","type":"page","link":"https:\/\/evenements.infopro-digital.com\/lemoniteur\/actu-formations\/intra-entreprise-et-sur-mesure\/lequipe-dediee-a-lintra\/","title":{"rendered":"D\u00e9couvrez l&rsquo;\u00e9quipe"},"content":{"rendered":"<div  class=\"strate alignfull has-background-color-opacity-100\" style=\" background-position: 50% 50%;\"><div class=\"centrage\">\n\n<p style=\"font-size:30px\">Une \u00e9quipe \u00e0 vos c\u00f4t\u00e9s<\/p>\n\n\n\n<figure class=\"wp-block-image size-large is-resized is-style-default\"><img loading=\"lazy\" src=\"https:\/\/evenements.infopro-digital.com\/lemoniteur\/actu-formations\/\/app\/uploads\/sites\/2\/2022\/05\/INTRA-1024x232.png\" alt=\"\" class=\"wp-image-413\" width=\"1195\" height=\"271\" srcset=\"https:\/\/evenements.infopro-digital.com\/lemoniteur\/actu-formations\/\/app\/uploads\/sites\/2\/2022\/05\/INTRA-1024x232.png 1024w, https:\/\/evenements.infopro-digital.com\/lemoniteur\/actu-formations\/\/app\/uploads\/sites\/2\/2022\/05\/INTRA-300x68.png 300w, https:\/\/evenements.infopro-digital.com\/lemoniteur\/actu-formations\/\/app\/uploads\/sites\/2\/2022\/05\/INTRA-768x174.png 768w, https:\/\/evenements.infopro-digital.com\/lemoniteur\/actu-formations\/\/app\/uploads\/sites\/2\/2022\/05\/INTRA-1200x272.png 1200w, https:\/\/evenements.infopro-digital.com\/lemoniteur\/actu-formations\/\/app\/uploads\/sites\/2\/2022\/05\/INTRA-800x182.png 800w, https:\/\/evenements.infopro-digital.com\/lemoniteur\/actu-formations\/\/app\/uploads\/sites\/2\/2022\/05\/INTRA-400x91.png 400w, https:\/\/evenements.infopro-digital.com\/lemoniteur\/actu-formations\/\/app\/uploads\/sites\/2\/2022\/05\/INTRA.png 1423w\" sizes=\"(max-width: 1195px) 100vw, 1195px\" \/><\/figure>\n\n\n\n<div class=\"has-4-columns wp-block-columns\">\n<div class=\" wp-block-column\"><div class=\"keys-figures\" style=\"\"><p class=\"keys-figures__chiffre has-ipd-18-font-size  has-text-align-center\">Isabelle Badolle-Girardon<\/p><div class=\"separator    separator--line separator--thickness-1  separator--md separator--center\"><\/div><p class=\"has-ipd-16-font-size  has-text-align-center\">Commerciale Grands Comptes<br><\/p><\/div><\/div>\n\n\n\n<div class=\" wp-block-column\"><div class=\"keys-figures\" style=\"\"><p class=\"keys-figures__chiffre has-ipd-18-font-size  has-text-align-center\">Yvette Mafouana-Banzouzi<\/p><div class=\"separator    separator--line separator--thickness-1  separator--md separator--center\"><\/div><p class=\"has-ipd-16-font-size  has-text-align-center\">Responsable Service Relation Client<br><\/p><\/div><\/div>\n\n\n\n<div class=\" wp-block-column\"><div class=\"keys-figures\" style=\"\"><p class=\"keys-figures__chiffre has-ipd-18-font-size  has-text-align-center\">H\u00e9l\u00e8ne Ribeiro<\/p><div class=\"separator    separator--line separator--thickness-1  separator--md separator--center\"><\/div><p class=\"has-ipd-16-font-size  has-text-align-center\">Directrice Commerciale<br><\/p><\/div><\/div>\n\n\n\n<div class=\" wp-block-column\"><div class=\"keys-figures\" style=\"\"><p class=\"keys-figures__chiffre has-ipd-18-font-size  has-text-align-center\">Sylvain Lecercle<\/p><div class=\"separator    separator--line separator--thickness-1  separator--md separator--center\"><\/div><p class=\"has-ipd-16-font-size  has-text-align-center\">Responsable de client\u00e8le<br><\/p><\/div><\/div>\n<\/div>\n\n\n<hr class=\"separator separator--center separator--line has-white-separator-color separator--thickness-10 separator--md\"\/>\n\n<div class=\"bttn-align-center\"><a href=\"https:\/\/evenements.infopro-digital.com\/lemoniteur\/contact\/context\/6#\/\" target=\"_self\" class=\"bttn bttn--icon  bttn--lg\"><span class=\"bttn__cont-label-icon\"><span class=\"bttn__label\">Contactez-nous <\/span><svg role=\"img\" aria-hidden=\"true\" viewBox=\"0 0 16 16\"><use href=\"#icon-avion-papier\" class=\"icon__unicolor\" \/><\/svg><\/span><\/a><\/div>\n<\/div><\/div>","protected":false},"excerpt":{"rendered":"","protected":false},"author":5,"featured_media":0,"parent":233,"menu_order":0,"comment_status":"closed","ping_status":"closed","template":"","meta":[],"yoast_head":"<!-- This site is optimized with the Yoast SEO plugin v18.9 - https:\/\/yoast.com\/wordpress\/plugins\/seo\/ -->\n<title>D\u00e9couvrez l&#039;\u00e9quipe - Formation Lemoniteur<\/title>\n<meta name=\"robots\" content=\"index, follow, max-snippet:-1, max-image-preview:large, max-video-preview:-1\" \/>\n<link rel=\"canonical\" href=\"https:\/\/evenements.infopro-digital.com\/lemoniteur\/actu-formations\/intra-entreprise-et-sur-mesure\/lequipe-dediee-a-lintra\/\" \/>\n<meta property=\"og:locale\" content=\"fr_FR\" \/>\n<meta property=\"og:type\" content=\"article\" \/>\n<meta property=\"og:title\" content=\"D\u00e9couvrez l&#039;\u00e9quipe - Formation Lemoniteur\" \/>\n<meta property=\"og:url\" content=\"https:\/\/evenements.infopro-digital.com\/lemoniteur\/actu-formations\/intra-entreprise-et-sur-mesure\/lequipe-dediee-a-lintra\/\" \/>\n<meta property=\"og:site_name\" content=\"Formation Lemoniteur\" \/>\n<meta property=\"article:modified_time\" content=\"2025-02-18T17:02:16+00:00\" \/>\n<meta property=\"og:image\" content=\"https:\/\/evenements.infopro-digital.com\/lemoniteur\/actu-formations\/\/app\/uploads\/sites\/2\/2022\/05\/INTRA-1024x232.png\" \/>\n<meta name=\"twitter:card\" content=\"summary_large_image\" \/>\n<meta name=\"twitter:label1\" content=\"Est. reading time\" \/>\n\t<meta name=\"twitter:data1\" content=\"1 minute\" \/>\n<script type=\"application\/ld+json\" class=\"yoast-schema-graph\">{\"@context\":\"https:\/\/schema.org\",\"@graph\":[{\"@type\":\"WebSite\",\"@id\":\"https:\/\/evenements.infopro-digital.com\/lemoniteur\/actu-formations\/#website\",\"url\":\"https:\/\/evenements.infopro-digital.com\/lemoniteur\/actu-formations\/\",\"name\":\"Formation Lemoniteur\",\"description\":\"Un site utilisant Les sites de Formation argus\",\"potentialAction\":[{\"@type\":\"SearchAction\",\"target\":{\"@type\":\"EntryPoint\",\"urlTemplate\":\"https:\/\/evenements.infopro-digital.com\/lemoniteur\/actu-formations\/?s={search_term_string}\"},\"query-input\":\"required name=search_term_string\"}],\"inLanguage\":\"fr-FR\"},{\"@type\":\"ImageObject\",\"inLanguage\":\"fr-FR\",\"@id\":\"https:\/\/evenements.infopro-digital.com\/lemoniteur\/actu-formations\/intra-entreprise-et-sur-mesure\/lequipe-dediee-a-lintra\/#primaryimage\",\"url\":\"https:\/\/evenements.infopro-digital.com\/lemoniteur\/actu-formations\/\/app\/uploads\/sites\/2\/2022\/05\/INTRA.png\",\"contentUrl\":\"https:\/\/evenements.infopro-digital.com\/lemoniteur\/actu-formations\/\/app\/uploads\/sites\/2\/2022\/05\/INTRA.png\",\"width\":1423,\"height\":323},{\"@type\":\"WebPage\",\"@id\":\"https:\/\/evenements.infopro-digital.com\/lemoniteur\/actu-formations\/intra-entreprise-et-sur-mesure\/lequipe-dediee-a-lintra\/#webpage\",\"url\":\"https:\/\/evenements.infopro-digital.com\/lemoniteur\/actu-formations\/intra-entreprise-et-sur-mesure\/lequipe-dediee-a-lintra\/\",\"name\":\"D\u00e9couvrez l'\u00e9quipe - Formation Lemoniteur\",\"isPartOf\":{\"@id\":\"https:\/\/evenements.infopro-digital.com\/lemoniteur\/actu-formations\/#website\"},\"primaryImageOfPage\":{\"@id\":\"https:\/\/evenements.infopro-digital.com\/lemoniteur\/actu-formations\/intra-entreprise-et-sur-mesure\/lequipe-dediee-a-lintra\/#primaryimage\"},\"datePublished\":\"2022-04-08T13:29:02+00:00\",\"dateModified\":\"2025-02-18T17:02:16+00:00\",\"breadcrumb\":{\"@id\":\"https:\/\/evenements.infopro-digital.com\/lemoniteur\/actu-formations\/intra-entreprise-et-sur-mesure\/lequipe-dediee-a-lintra\/#breadcrumb\"},\"inLanguage\":\"fr-FR\",\"potentialAction\":[{\"@type\":\"ReadAction\",\"target\":[\"https:\/\/evenements.infopro-digital.com\/lemoniteur\/actu-formations\/intra-entreprise-et-sur-mesure\/lequipe-dediee-a-lintra\/\"]}]},{\"@type\":\"BreadcrumbList\",\"@id\":\"https:\/\/evenements.infopro-digital.com\/lemoniteur\/actu-formations\/intra-entreprise-et-sur-mesure\/lequipe-dediee-a-lintra\/#breadcrumb\",\"itemListElement\":[{\"@type\":\"ListItem\",\"position\":1,\"name\":\"Accueil\",\"item\":\"https:\/\/evenements.infopro-digital.com\/lemoniteur\/actu-formations\/\"},{\"@type\":\"ListItem\",\"position\":2,\"name\":\"Intra-entreprise et sur-mesure\",\"item\":\"https:\/\/evenements.infopro-digital.com\/lemoniteur\/actu-formations\/intra-entreprise-et-sur-mesure\/\"},{\"@type\":\"ListItem\",\"position\":3,\"name\":\"D\u00e9couvrez l&rsquo;\u00e9quipe\"}]}]}<\/script>\n<!-- \/ Yoast SEO plugin. -->","yoast_head_json":{"title":"D\u00e9couvrez l'\u00e9quipe - Formation Lemoniteur","robots":{"index":"index","follow":"follow","max-snippet":"max-snippet:-1","max-image-preview":"max-image-preview:large","max-video-preview":"max-video-preview:-1"},"canonical":"https:\/\/evenements.infopro-digital.com\/lemoniteur\/actu-formations\/intra-entreprise-et-sur-mesure\/lequipe-dediee-a-lintra\/","og_locale":"fr_FR","og_type":"article","og_title":"D\u00e9couvrez l'\u00e9quipe - Formation Lemoniteur","og_url":"https:\/\/evenements.infopro-digital.com\/lemoniteur\/actu-formations\/intra-entreprise-et-sur-mesure\/lequipe-dediee-a-lintra\/","og_site_name":"Formation Lemoniteur","article_modified_time":"2025-02-18T17:02:16+00:00","og_image":[{"url":"https:\/\/evenements.infopro-digital.com\/lemoniteur\/actu-formations\/\/app\/uploads\/sites\/2\/2022\/05\/INTRA-1024x232.png"}],"twitter_card":"summary_large_image","twitter_misc":{"Est. reading time":"1 minute"},"schema":{"@context":"https:\/\/schema.org","@graph":[{"@type":"WebSite","@id":"https:\/\/evenements.infopro-digital.com\/lemoniteur\/actu-formations\/#website","url":"https:\/\/evenements.infopro-digital.com\/lemoniteur\/actu-formations\/","name":"Formation Lemoniteur","description":"Un site utilisant Les sites de Formation argus","potentialAction":[{"@type":"SearchAction","target":{"@type":"EntryPoint","urlTemplate":"https:\/\/evenements.infopro-digital.com\/lemoniteur\/actu-formations\/?s={search_term_string}"},"query-input":"required name=search_term_string"}],"inLanguage":"fr-FR"},{"@type":"ImageObject","inLanguage":"fr-FR","@id":"https:\/\/evenements.infopro-digital.com\/lemoniteur\/actu-formations\/intra-entreprise-et-sur-mesure\/lequipe-dediee-a-lintra\/#primaryimage","url":"https:\/\/evenements.infopro-digital.com\/lemoniteur\/actu-formations\/\/app\/uploads\/sites\/2\/2022\/05\/INTRA.png","contentUrl":"https:\/\/evenements.infopro-digital.com\/lemoniteur\/actu-formations\/\/app\/uploads\/sites\/2\/2022\/05\/INTRA.png","width":1423,"height":323},{"@type":"WebPage","@id":"https:\/\/evenements.infopro-digital.com\/lemoniteur\/actu-formations\/intra-entreprise-et-sur-mesure\/lequipe-dediee-a-lintra\/#webpage","url":"https:\/\/evenements.infopro-digital.com\/lemoniteur\/actu-formations\/intra-entreprise-et-sur-mesure\/lequipe-dediee-a-lintra\/","name":"D\u00e9couvrez l'\u00e9quipe - Formation Lemoniteur","isPartOf":{"@id":"https:\/\/evenements.infopro-digital.com\/lemoniteur\/actu-formations\/#website"},"primaryImageOfPage":{"@id":"https:\/\/evenements.infopro-digital.com\/lemoniteur\/actu-formations\/intra-entreprise-et-sur-mesure\/lequipe-dediee-a-lintra\/#primaryimage"},"datePublished":"2022-04-08T13:29:02+00:00","dateModified":"2025-02-18T17:02:16+00:00","breadcrumb":{"@id":"https:\/\/evenements.infopro-digital.com\/lemoniteur\/actu-formations\/intra-entreprise-et-sur-mesure\/lequipe-dediee-a-lintra\/#breadcrumb"},"inLanguage":"fr-FR","potentialAction":[{"@type":"ReadAction","target":["https:\/\/evenements.infopro-digital.com\/lemoniteur\/actu-formations\/intra-entreprise-et-sur-mesure\/lequipe-dediee-a-lintra\/"]}]},{"@type":"BreadcrumbList","@id":"https:\/\/evenements.infopro-digital.com\/lemoniteur\/actu-formations\/intra-entreprise-et-sur-mesure\/lequipe-dediee-a-lintra\/#breadcrumb","itemListElement":[{"@type":"ListItem","position":1,"name":"Accueil","item":"https:\/\/evenements.infopro-digital.com\/lemoniteur\/actu-formations\/"},{"@type":"ListItem","position":2,"name":"Intra-entreprise et sur-mesure","item":"https:\/\/evenements.infopro-digital.com\/lemoniteur\/actu-formations\/intra-entreprise-et-sur-mesure\/"},{"@type":"ListItem","position":3,"name":"D\u00e9couvrez l&rsquo;\u00e9quipe"}]}]}},"_links":{"self":[{"href":"https:\/\/evenements.infopro-digital.com\/lemoniteur\/actu-formations\/wp-json\/wp\/v2\/pages\/264"}],"collection":[{"href":"https:\/\/evenements.infopro-digital.com\/lemoniteur\/actu-formations\/wp-json\/wp\/v2\/pages"}],"about":[{"href":"https:\/\/evenements.infopro-digital.com\/lemoniteur\/actu-formations\/wp-json\/wp\/v2\/types\/page"}],"author":[{"embeddable":true,"href":"https:\/\/evenements.infopro-digital.com\/lemoniteur\/actu-formations\/wp-json\/wp\/v2\/users\/5"}],"replies":[{"embeddable":true,"href":"https:\/\/evenements.infopro-digital.com\/lemoniteur\/actu-formations\/wp-json\/wp\/v2\/comments?post=264"}],"version-history":[{"count":10,"href":"https:\/\/evenements.infopro-digital.com\/lemoniteur\/actu-formations\/wp-json\/wp\/v2\/pages\/264\/revisions"}],"predecessor-version":[{"id":1044,"href":"https:\/\/evenements.infopro-digital.com\/lemoniteur\/actu-formations\/wp-json\/wp\/v2\/pages\/264\/revisions\/1044"}],"up":[{"embeddable":true,"href":"https:\/\/evenements.infopro-digital.com\/lemoniteur\/actu-formations\/wp-json\/wp\/v2\/pages\/233"}],"wp:attachment":[{"href":"https:\/\/evenements.infopro-digital.com\/lemoniteur\/actu-formations\/wp-json\/wp\/v2\/media?parent=264"}],"curies":[{"name":"wp","href":"https:\/\/api.w.org\/{rel}","templated":true}]}}