{"id":237,"date":"2022-04-08T15:00:39","date_gmt":"2022-04-08T13:00:39","guid":{"rendered":"https:\/\/evenements.infopro-digital.com\/lemoniteur\/actu-formations\/?page_id=237"},"modified":"2026-03-23T14:54:16","modified_gmt":"2026-03-23T13:54:16","slug":"qui-sommes-nous","status":"publish","type":"page","link":"https:\/\/evenements.infopro-digital.com\/lemoniteur\/actu-formations\/qui-sommes-nous\/","title":{"rendered":"Qui sommes-nous ?"},"content":{"rendered":"\n<p><\/p>\n\n\n<div  class=\"strate alignfull has-background-color-opacity-100\" style=\" background-position: 50% 50%;\"><div class=\"centrage\">\n<section style=\"\" class=\"media-text       media-text--img-50 aligncenter media-text--content-align-vertical-middle media-text--media-align-vertical-middle   media-text--img-cover\" ><div class=\"centrage media-text__layout\"><figure class=\"media-text__media\" style=\"background-image: url(https:\/\/evenements.infopro-digital.com\/lemoniteur\/actu-formations\/\/app\/uploads\/sites\/2\/2022\/05\/AdobeStock_297674857_Editorial_Use_Only_S-1200x879.jpg); background-position: 33% 76%; \"><img loading=\"lazy\" src=\"https:\/\/evenements.infopro-digital.com\/lemoniteur\/actu-formations\/\/app\/uploads\/sites\/2\/2022\/05\/AdobeStock_297674857_Editorial_Use_Only_S-1200x879.jpg\" width=\"1200\" height=\"879\" alt=\"\" style=\"\" \/><\/figure><div class=\"media-text__content\">\n\n<p class=\"has-medium-font-size\"><strong>Le Moniteur<\/strong>, leader fran\u00e7ais de l\u2019information et des services pour les secteurs de la construction, de l\u2019am\u00e9nagement, de l\u2019immobilier et de la commande publique propose aux professionnels diverses solutions d\u2019information&nbsp;reposant sur 4 piliers :<\/p>\n\n\n\n<p class=\"has-medium-font-size\">&#8211; Le magazine d\u2019actualit\u00e9s<br>&#8211; Les formations<br>&#8211; Les \u00e9v\u00e9nements &amp; salons<br>&#8211; Les ouvrages<\/p>\n\n<\/div><\/div><\/section>\n\n<hr class=\"separator separator--center separator--line has-white-separator-color separator--thickness-10 separator--md\"\/>\n\n<section style=\"\" class=\"media-text       media-text--img-30 aligncenter media-text--content-align-vertical-middle media-text--media-align-vertical-middle  media-text--img-right media-text--img-contain\" ><div class=\"centrage media-text__layout\"><figure class=\"media-text__media\"><img loading=\"lazy\" src=\"https:\/\/evenements.infopro-digital.com\/lemoniteur\/actu-formations\/\/app\/uploads\/sites\/2\/2025\/10\/Couv-catalogue-2026V1-1.png\" width=\"779\" height=\"985\" alt=\"\" style=\"\" \/><\/figure><div class=\"media-text__content\">\n\n<p class=\"has-color-1-color has-text-color\" style=\"font-size:30px\"><strong>Les formations Le Moniteur<\/strong><\/p>\n\n\n\n<p class=\"has-medium-font-size\">Depuis plus de 31&nbsp;ans, <strong>nous accompagnons&nbsp;et formons&nbsp;les professionnels de la Construction<\/strong>.<\/p>\n\n\n\n<p class=\"has-medium-font-size\">R\u00e9glementation, Techniques de construction et de r\u00e9habilitation, BIM, Conduite de chantiers, Immobilier et Logement social, Urbanisme et am\u00e9nagement, March\u00e9s publics et priv\u00e9s; nous vous proposons un <strong>large panel de formations adapt\u00e9es \u00e0 vos besoins et vos probl\u00e9matiques m\u00e9tiers.<\/strong><\/p>\n\n\n\n<p class=\"has-medium-font-size\">R\u00e9glementation, BIM, Techniques de construction et de r\u00e9habilitation, Bois, Conduite de chantiers, Travaux publics, Performance \u00e9nerg\u00e9tique et environnementale, Immobilier et logement social, Urbanisme et am\u00e9nagement, March\u00e9s publics et priv\u00e9s&nbsp;; nous vous proposons un <strong>large panel de formations adapt\u00e9es \u00e0 vos besoins et vos probl\u00e9matiques m\u00e9tiers.<\/strong><\/p>\n\n\n\n<p class=\"has-medium-font-size\">Formation INTER, INTRA, sur-mesure, qualifiante, e-learning, blended-learning, <strong>\u00e0 vous de choisir.<\/strong><em>&nbsp;<\/em><\/p>\n\n\n\n<p class=\"has-medium-font-size\"><strong>En pr\u00e9sentiel ou \u00e0 distance, vous trouverez forc\u00e9ment la formation qu&rsquo;il vous faut.&nbsp;<\/strong><\/p>\n\n<\/div><\/div><\/section>\n\n<hr class=\"separator separator--center separator--line has-white-separator-color separator--thickness-10 separator--md\"\/>\n\n<section style=\"\" class=\"media-text       media-text--img-50 aligncenter media-text--content-align-vertical-middle media-text--media-align-vertical-middle  media-text--img-right media-text--img-cover\" ><div class=\"centrage media-text__layout\"><figure class=\"media-text__media\" style=\"background-image: url(https:\/\/evenements.infopro-digital.com\/lemoniteur\/actu-formations\/\/app\/uploads\/sites\/2\/2022\/05\/Image3-1200x667.png); background-position: 50% 50%; \"><img loading=\"lazy\" src=\"https:\/\/evenements.infopro-digital.com\/lemoniteur\/actu-formations\/\/app\/uploads\/sites\/2\/2022\/05\/Image3-1200x667.png\" width=\"1200\" height=\"667\" alt=\"\" style=\"\" \/><\/figure><div class=\"media-text__content\">\n\n<p class=\"has-color-1-color has-text-color\" style=\"font-size:30px\"><strong>Les 6 raisons de nous choisir<\/strong><\/p>\n\n<\/div><\/div><\/section>\n\n\n<div class=\"has-3-columns wp-block-columns are-vertically-aligned-top is-style-jc-center\">\n<div class=\" wp-block-column is-vertically-aligned-top\"><div class=\"keys-figures\" style=\"\"><p class=\"keys-figures__chiffre has-ipd-24-font-size  has-text-align-center\"><strong><span class=\"has-inline-color has-color-1-color\">31 ans<\/span><\/strong><\/p><div class=\"separator  has-color-1-separator-color  separator--line separator--thickness-1  separator--md separator--center\"><\/div><p class=\"has-ipd-20-font-size  has-text-align-center\"><strong>d\u2019exp\u00e9rience<\/strong><br>dans le domaine<br>de la formation<\/p><\/div><\/div>\n\n\n\n<div class=\" wp-block-column is-vertically-aligned-top\"><div class=\"keys-figures\" style=\"\"><p class=\"keys-figures__chiffre has-ipd-24-font-size  has-text-align-center\"><strong><span class=\"has-inline-color has-color-1-color\">450 programmes<\/span><\/strong><\/p><div class=\"separator  has-color-1-separator-color  separator--line separator--thickness-1  separator--md separator--center\"><\/div><p class=\"has-ipd-20-font-size  has-text-align-center\"><strong>de formation<br>ancr\u00e9s dans l\u2019actualit\u00e9<\/strong><br>faisant \u00e9cho au magazine<br>d\u2019informations Le Moniteur<\/p><\/div><\/div>\n\n\n\n<div class=\" wp-block-column is-vertically-aligned-top\"><div class=\"keys-figures\" style=\"\"><p class=\"keys-figures__chiffre has-ipd-24-font-size  has-text-align-center\"><strong><span class=\"has-inline-color has-color-1-color\">2600 sessions<\/span><\/strong><\/p><div class=\"separator  has-color-1-separator-color  separator--line separator--thickness-1  separator--md separator--center\"><\/div><p class=\"has-ipd-20-font-size  has-text-align-center\"><strong>programm\u00e9es<br>chaque ann\u00e9e<\/strong><br>en M\u00e9tropole,<br>\u00e0 distance et<br>Outre-mer<\/p><\/div><\/div>\n<\/div>\n\n\n\n<div class=\"has-3-columns wp-block-columns are-vertically-aligned-top is-style-jc-center\">\n<div class=\" wp-block-column is-vertically-aligned-top\"><div class=\"keys-figures\" style=\"\"><p class=\"keys-figures__chiffre has-ipd-24-font-size  has-text-align-center\"><strong><span class=\"has-inline-color has-color-1-color\"><strong>300 formateurs<\/strong><\/span><\/strong><\/p><div class=\"separator  has-color-1-separator-color  separator--line separator--thickness-1  separator--md separator--center\"><\/div><p class=\"has-ipd-20-font-size  has-text-align-center\"><strong><strong>experts m\u00e9tiers<\/strong><\/strong><\/p><\/div><\/div>\n\n\n\n<div class=\" wp-block-column is-vertically-aligned-top\"><div class=\"keys-figures\" style=\"\"><p class=\"keys-figures__chiffre has-ipd-24-font-size  has-text-align-center\"><strong><span class=\"has-inline-color has-color-1-color\"><strong>92 %* de nos stagiaires<\/strong><\/span><\/strong><\/p><div class=\"separator  has-color-1-separator-color  separator--line separator--thickness-1  separator--md separator--center\"><\/div><p class=\"has-ipd-20-font-size  has-text-align-center\"><strong><strong>recommandent<br><\/strong>nos formations<\/strong><\/p><\/div>\n\n\n<p>*Enqu\u00eate satisfaction clients 2025<\/p>\n<\/div>\n\n\n\n<div class=\" wp-block-column is-vertically-aligned-top\"><div class=\"keys-figures\" style=\"\"><p class=\"keys-figures__chiffre has-ipd-24-font-size  has-text-align-center\"><strong><span class=\"has-inline-color has-color-1-color\"><strong>100% de nos formations<\/strong><\/span><\/strong><\/p><div class=\"separator  has-color-1-separator-color  separator--line separator--thickness-1  separator--md separator--center\"><\/div><p class=\"has-ipd-20-font-size  has-text-align-center\"><strong><strong>sont accessibles<\/strong><br><\/strong>aux personnes en<br>situation de handicap<\/p><\/div><\/div>\n<\/div>\n\n<\/div><\/div>","protected":false},"excerpt":{"rendered":"","protected":false},"author":5,"featured_media":0,"parent":0,"menu_order":0,"comment_status":"closed","ping_status":"closed","template":"","meta":[],"yoast_head":"<!-- This site is optimized with the Yoast SEO plugin v18.9 - https:\/\/yoast.com\/wordpress\/plugins\/seo\/ -->\n<title>Qui sommes-nous ? - Formation Lemoniteur<\/title>\n<meta name=\"robots\" content=\"index, follow, max-snippet:-1, max-image-preview:large, max-video-preview:-1\" \/>\n<link rel=\"canonical\" href=\"https:\/\/evenements.infopro-digital.com\/lemoniteur\/actu-formations\/qui-sommes-nous\/\" \/>\n<meta property=\"og:locale\" content=\"fr_FR\" \/>\n<meta property=\"og:type\" content=\"article\" \/>\n<meta property=\"og:title\" content=\"Qui sommes-nous ? - Formation Lemoniteur\" \/>\n<meta property=\"og:url\" content=\"https:\/\/evenements.infopro-digital.com\/lemoniteur\/actu-formations\/qui-sommes-nous\/\" \/>\n<meta property=\"og:site_name\" content=\"Formation Lemoniteur\" \/>\n<meta property=\"article:modified_time\" content=\"2026-03-23T13:54:16+00:00\" \/>\n<meta name=\"twitter:card\" content=\"summary_large_image\" \/>\n<meta name=\"twitter:label1\" content=\"Est. reading time\" \/>\n\t<meta name=\"twitter:data1\" content=\"1 minute\" \/>\n<script type=\"application\/ld+json\" class=\"yoast-schema-graph\">{\"@context\":\"https:\/\/schema.org\",\"@graph\":[{\"@type\":\"WebSite\",\"@id\":\"https:\/\/evenements.infopro-digital.com\/lemoniteur\/actu-formations\/#website\",\"url\":\"https:\/\/evenements.infopro-digital.com\/lemoniteur\/actu-formations\/\",\"name\":\"Formation Lemoniteur\",\"description\":\"Un site utilisant Les sites de Formation argus\",\"potentialAction\":[{\"@type\":\"SearchAction\",\"target\":{\"@type\":\"EntryPoint\",\"urlTemplate\":\"https:\/\/evenements.infopro-digital.com\/lemoniteur\/actu-formations\/?s={search_term_string}\"},\"query-input\":\"required name=search_term_string\"}],\"inLanguage\":\"fr-FR\"},{\"@type\":\"WebPage\",\"@id\":\"https:\/\/evenements.infopro-digital.com\/lemoniteur\/actu-formations\/qui-sommes-nous\/#webpage\",\"url\":\"https:\/\/evenements.infopro-digital.com\/lemoniteur\/actu-formations\/qui-sommes-nous\/\",\"name\":\"Qui sommes-nous ? - Formation Lemoniteur\",\"isPartOf\":{\"@id\":\"https:\/\/evenements.infopro-digital.com\/lemoniteur\/actu-formations\/#website\"},\"datePublished\":\"2022-04-08T13:00:39+00:00\",\"dateModified\":\"2026-03-23T13:54:16+00:00\",\"breadcrumb\":{\"@id\":\"https:\/\/evenements.infopro-digital.com\/lemoniteur\/actu-formations\/qui-sommes-nous\/#breadcrumb\"},\"inLanguage\":\"fr-FR\",\"potentialAction\":[{\"@type\":\"ReadAction\",\"target\":[\"https:\/\/evenements.infopro-digital.com\/lemoniteur\/actu-formations\/qui-sommes-nous\/\"]}]},{\"@type\":\"BreadcrumbList\",\"@id\":\"https:\/\/evenements.infopro-digital.com\/lemoniteur\/actu-formations\/qui-sommes-nous\/#breadcrumb\",\"itemListElement\":[{\"@type\":\"ListItem\",\"position\":1,\"name\":\"Accueil\",\"item\":\"https:\/\/evenements.infopro-digital.com\/lemoniteur\/actu-formations\/\"},{\"@type\":\"ListItem\",\"position\":2,\"name\":\"Qui sommes-nous ?\"}]}]}<\/script>\n<!-- \/ Yoast SEO plugin. -->","yoast_head_json":{"title":"Qui sommes-nous ? - Formation Lemoniteur","robots":{"index":"index","follow":"follow","max-snippet":"max-snippet:-1","max-image-preview":"max-image-preview:large","max-video-preview":"max-video-preview:-1"},"canonical":"https:\/\/evenements.infopro-digital.com\/lemoniteur\/actu-formations\/qui-sommes-nous\/","og_locale":"fr_FR","og_type":"article","og_title":"Qui sommes-nous ? - Formation Lemoniteur","og_url":"https:\/\/evenements.infopro-digital.com\/lemoniteur\/actu-formations\/qui-sommes-nous\/","og_site_name":"Formation Lemoniteur","article_modified_time":"2026-03-23T13:54:16+00:00","twitter_card":"summary_large_image","twitter_misc":{"Est. reading time":"1 minute"},"schema":{"@context":"https:\/\/schema.org","@graph":[{"@type":"WebSite","@id":"https:\/\/evenements.infopro-digital.com\/lemoniteur\/actu-formations\/#website","url":"https:\/\/evenements.infopro-digital.com\/lemoniteur\/actu-formations\/","name":"Formation Lemoniteur","description":"Un site utilisant Les sites de Formation argus","potentialAction":[{"@type":"SearchAction","target":{"@type":"EntryPoint","urlTemplate":"https:\/\/evenements.infopro-digital.com\/lemoniteur\/actu-formations\/?s={search_term_string}"},"query-input":"required name=search_term_string"}],"inLanguage":"fr-FR"},{"@type":"WebPage","@id":"https:\/\/evenements.infopro-digital.com\/lemoniteur\/actu-formations\/qui-sommes-nous\/#webpage","url":"https:\/\/evenements.infopro-digital.com\/lemoniteur\/actu-formations\/qui-sommes-nous\/","name":"Qui sommes-nous ? - Formation Lemoniteur","isPartOf":{"@id":"https:\/\/evenements.infopro-digital.com\/lemoniteur\/actu-formations\/#website"},"datePublished":"2022-04-08T13:00:39+00:00","dateModified":"2026-03-23T13:54:16+00:00","breadcrumb":{"@id":"https:\/\/evenements.infopro-digital.com\/lemoniteur\/actu-formations\/qui-sommes-nous\/#breadcrumb"},"inLanguage":"fr-FR","potentialAction":[{"@type":"ReadAction","target":["https:\/\/evenements.infopro-digital.com\/lemoniteur\/actu-formations\/qui-sommes-nous\/"]}]},{"@type":"BreadcrumbList","@id":"https:\/\/evenements.infopro-digital.com\/lemoniteur\/actu-formations\/qui-sommes-nous\/#breadcrumb","itemListElement":[{"@type":"ListItem","position":1,"name":"Accueil","item":"https:\/\/evenements.infopro-digital.com\/lemoniteur\/actu-formations\/"},{"@type":"ListItem","position":2,"name":"Qui sommes-nous ?"}]}]}},"_links":{"self":[{"href":"https:\/\/evenements.infopro-digital.com\/lemoniteur\/actu-formations\/wp-json\/wp\/v2\/pages\/237"}],"collection":[{"href":"https:\/\/evenements.infopro-digital.com\/lemoniteur\/actu-formations\/wp-json\/wp\/v2\/pages"}],"about":[{"href":"https:\/\/evenements.infopro-digital.com\/lemoniteur\/actu-formations\/wp-json\/wp\/v2\/types\/page"}],"author":[{"embeddable":true,"href":"https:\/\/evenements.infopro-digital.com\/lemoniteur\/actu-formations\/wp-json\/wp\/v2\/users\/5"}],"replies":[{"embeddable":true,"href":"https:\/\/evenements.infopro-digital.com\/lemoniteur\/actu-formations\/wp-json\/wp\/v2\/comments?post=237"}],"version-history":[{"count":43,"href":"https:\/\/evenements.infopro-digital.com\/lemoniteur\/actu-formations\/wp-json\/wp\/v2\/pages\/237\/revisions"}],"predecessor-version":[{"id":1219,"href":"https:\/\/evenements.infopro-digital.com\/lemoniteur\/actu-formations\/wp-json\/wp\/v2\/pages\/237\/revisions\/1219"}],"wp:attachment":[{"href":"https:\/\/evenements.infopro-digital.com\/lemoniteur\/actu-formations\/wp-json\/wp\/v2\/media?parent=237"}],"curies":[{"name":"wp","href":"https:\/\/api.w.org\/{rel}","templated":true}]}}