{"id":235,"date":"2022-04-08T15:00:20","date_gmt":"2022-04-08T13:00:20","guid":{"rendered":"https:\/\/evenements.infopro-digital.com\/lemoniteur\/actu-formations\/?page_id=235"},"modified":"2026-03-12T16:57:45","modified_gmt":"2026-03-12T15:57:45","slug":"engagements-qualite-le-moniteur","status":"publish","type":"page","link":"https:\/\/evenements.infopro-digital.com\/lemoniteur\/actu-formations\/qui-sommes-nous\/engagements-qualite-le-moniteur\/","title":{"rendered":"Nos engagements qualit\u00e9"},"content":{"rendered":"<div  class=\"strate alignfull has-background-color-opacity-100\" style=\" background-position: 50% 50%;\"><div class=\"centrage\">\n<section style=\"\" class=\"media-text       media-text--img-20  media-text--content-align-vertical-middle media-text--media-align-vertical-middle   media-text--img-contain\" ><div class=\"centrage media-text__layout\"><figure class=\"media-text__media\"><img loading=\"lazy\" src=\"https:\/\/evenements.infopro-digital.com\/lemoniteur\/actu-formations\/\/app\/uploads\/sites\/2\/2023\/10\/logo-qualiopi-avec-action-de-formation-1.png\" width=\"980\" height=\"825\" alt=\"\" style=\"\" \/><\/figure><div class=\"media-text__content\">\n\n<p class=\"has-medium-font-size\"><strong>Le Moniteur est un organisme de formation certifi\u00e9 Qualiopi.<\/strong> <br>Cette certification atteste du s\u00e9rieux, de la qualit\u00e9 et de la conformit\u00e9 de notre organisme et permet de b\u00e9n\u00e9ficier des fonds publics pour le financement de vos actions de formation.<\/p>\n\n\n\n<p>Notre engagement qualit\u00e9 comporte 2 piliers :<\/p>\n\n\n\n<p>1. La satisfaction client<br>2. L\u2019am\u00e9lioration continue de nos formations (contenu et d\u00e9roulement)<\/p>\n\n<\/div><\/div><\/section>\n\n<hr class=\"separator separator--center separator--line has-white-separator-color separator--thickness-10 separator--md\"\/>\n\n<section style=\"\" class=\"media-text       media-text--img-40 aligncenter media-text--content-align-vertical-middle media-text--media-align-vertical-middle  media-text--img-right media-text--img-cover\" ><div class=\"centrage media-text__layout\"><figure class=\"media-text__media\" style=\"background-image: url(https:\/\/evenements.infopro-digital.com\/lemoniteur\/actu-formations\/\/app\/uploads\/sites\/2\/2026\/03\/Fotolia_78175213_Subscription_Monthly_XL-1200x702.jpg); background-position: 87% 11%; \"><img loading=\"lazy\" src=\"https:\/\/evenements.infopro-digital.com\/lemoniteur\/actu-formations\/\/app\/uploads\/sites\/2\/2026\/03\/Fotolia_78175213_Subscription_Monthly_XL-1200x702.jpg\" width=\"1200\" height=\"702\" alt=\"\" style=\"\" \/><\/figure><div class=\"media-text__content\">\n\n<p class=\"has-color-1-color has-text-color\" style=\"font-size:30px\"><strong>La charte qualit\u00e9<\/strong><\/p>\n\n\n\n<p class=\"has-medium-font-size\">En tant qu\u2019organisme de formation, nous nous engageons sur les points ci-dessous :<\/p>\n\n\n\n<p class=\"has-medium-font-size\"><strong>Engagement #1<\/strong>&nbsp;: Analyser le besoin client afin de lui proposer un plan de formation adapt\u00e9<br><strong>Engagement #2&nbsp;<\/strong>: Assurer une r\u00e9activit\u00e9 satisfaisante (commerciale, p\u00e9dagogique, administrative)<br><strong>Engagement #3<\/strong>&nbsp;: S\u00e9lectionner les formateurs pour leur qualit\u00e9s p\u00e9dagogiques mais aussi pour leur comp\u00e9tences m\u00e9tier. Un processus de s\u00e9lection certifi\u00e9 Qualiopi est appliqu\u00e9 syst\u00e9matiquement.<br><strong>Engagement #4<\/strong>&nbsp;: Mesurer la satisfaction (\u00e0 chaud et \u00e0 froid) et assurer de mani\u00e8re hebdomadaire un comit\u00e9 Qualit\u00e9 afin de r\u00e9soudre les incidents \u00e9ventuels et \u00eatre dans une d\u00e9marche d\u2019am\u00e9lioration continue.<br><strong>Engagement #5<\/strong>&nbsp;: Assurer une p\u00e9dagogie moderne, bas\u00e9e sur des connaissances th\u00e9oriques mais surtout sur des cas pratiques lorsque cela est r\u00e9alisable. Un document p\u00e9dagogique est remis \u00e0 chaque participant \u00e0 l\u2019issue de la formation.<br><strong>Engagement #6<\/strong>&nbsp;: Actualiser syst\u00e9matiquement nos formations<\/p>\n\n<\/div><\/div><\/section>\n\n<hr class=\"separator separator--center separator--line has-white-separator-color separator--thickness-10 separator--md\"\/>\n\n<section style=\"\" class=\"media-text       media-text--img-30  media-text--content-align-vertical-middle media-text--media-align-vertical-middle   media-text--img-cover\" ><div class=\"centrage media-text__layout\"><figure class=\"media-text__media\" style=\"background-image: url(https:\/\/evenements.infopro-digital.com\/lemoniteur\/actu-formations\/\/app\/uploads\/sites\/2\/2022\/05\/Pack-Special-Architectes-23.png); background-position: 33% 56.99999999999999%; \"><img loading=\"lazy\" src=\"https:\/\/evenements.infopro-digital.com\/lemoniteur\/actu-formations\/\/app\/uploads\/sites\/2\/2022\/05\/Pack-Special-Architectes-23.png\" width=\"770\" height=\"433\" alt=\"\" style=\"\" \/><\/figure><div class=\"media-text__content\">\n\n<p class=\"has-color-1-color has-text-color\" style=\"font-size:30px\"><strong>Votre satisfaction est notre priorit\u00e9 <\/strong><\/p>\n\n\n\n<p>Chaque formation fait l\u2019objet d\u2019un suivi rigoureux de la satisfaction :<\/p>\n\n\n\n<p><strong>En amont de la formation :<\/strong>&nbsp;envoi aux participants d\u2019un questionnaire p\u00e9dagogique afin d\u2019\u00e9valuer les besoins particuliers de l\u2019apprenant, ainsi que son niveau de connaissance (sur la base des objectifs p\u00e9dagogiques). Le formateur consulte les r\u00e9sultats en amont de la formation et adapte la formation selon le profil des participants.<\/p>\n\n\n\n<p><strong>A l\u2019issue de la formation :&nbsp;<\/strong>une \u00e9valuation des acquis est r\u00e9alis\u00e9e \u00e0 la fin de la formation pour v\u00e9rifier la bonne acquisition des comp\u00e9tences. De plus, un questionnaire de satisfaction est rempli par le participant : nous analysons chacun des r\u00e9sultats, tant qualitativement que quantitativement, pour optimiser au mieux la qualit\u00e9 des formations. Cela permet de d\u00e9celer d\u2019\u00e9ventuels incidents qualit\u00e9.<br>De son c\u00f4t\u00e9, le formateur transmet \u00e0 l\u2019\u00e9quipe p\u00e9dagogique son \u00e9valuation de mani\u00e8re \u00e0 am\u00e9liorer le contenu de nos formateurs.<\/p>\n\n\n\n<p><strong>6 mois apr\u00e8s la formation :&nbsp;<\/strong>nous mettons en place un triple recueil d\u2019\u00e9valuation.<br>Une \u00e9valuation \u00e0 froid est envoy\u00e9e au participant afin d\u2019\u00e9valuer l\u2019acquisition des comp\u00e9tences relatives \u00e0 la formation et leur bonne mise en pratique.<br>Par ailleurs, nous adressons un formulaire au responsable formation et au financeur (si applicable).<br>Les questionnaires sont analys\u00e9s par l\u2019\u00e9quipe Qualit\u00e9 et nous traitons tout point particulier en contactant les participants, les prescripteurs ou financeurs concern\u00e9s.<\/p>\n\n\n\n<p><strong>Un incident ?&nbsp;<\/strong>Nous nous engageons \u00e0 analyser toute insatisfaction et \u00e0 mettre en place les mesures correctives ad\u00e9quates.<\/p>\n\n<\/div><\/div><\/section>\n\n<hr class=\"separator separator--center separator--line has-white-separator-color separator--thickness-10 separator--md\"\/>\n\n\n<div class=\"has-2-columns wp-block-columns has-white-color has-color-2-background-color has-text-color has-background\">\n<div class=\" wp-block-column\" style=\"flex-basis:66.66%\">\n<p class=\"has-medium-font-size\">Vous souhaitez en savoir + sur notre d\u00e9marche qualit\u00e9 ? <br>Contactez-nous.<\/p>\n<\/div>\n\n\n\n<div class=\" wp-block-column\" style=\"flex-basis:33.33%\"><div class=\"bttn-align-center\"><a href=\"https:\/\/evenements.infopro-digital.com\/lemoniteur\/contact\/type\/2#\/\" target=\"_self\" class=\"bttn is-style-default bttn--icon  bttn--md\"><span class=\"bttn__cont-label-icon\"><span class=\"bttn__label\">En savoir plus <\/span><svg role=\"img\" aria-hidden=\"true\" viewBox=\"0 0 16 16\"><use href=\"#icon-enveloppe\" class=\"icon__unicolor\" \/><\/svg><\/span><\/a><\/div><\/div>\n<\/div>\n\n<\/div><\/div>","protected":false},"excerpt":{"rendered":"","protected":false},"author":5,"featured_media":0,"parent":237,"menu_order":0,"comment_status":"closed","ping_status":"closed","template":"","meta":[],"yoast_head":"<!-- This site is optimized with the Yoast SEO plugin v18.9 - https:\/\/yoast.com\/wordpress\/plugins\/seo\/ -->\n<title>Nos engagements qualit\u00e9 - Formation Lemoniteur<\/title>\n<meta name=\"robots\" content=\"index, follow, max-snippet:-1, max-image-preview:large, max-video-preview:-1\" \/>\n<link rel=\"canonical\" href=\"https:\/\/evenements.infopro-digital.com\/lemoniteur\/actu-formations\/qui-sommes-nous\/engagements-qualite-le-moniteur\/\" \/>\n<meta property=\"og:locale\" content=\"fr_FR\" \/>\n<meta property=\"og:type\" content=\"article\" \/>\n<meta property=\"og:title\" content=\"Nos engagements qualit\u00e9 - Formation Lemoniteur\" \/>\n<meta property=\"og:url\" content=\"https:\/\/evenements.infopro-digital.com\/lemoniteur\/actu-formations\/qui-sommes-nous\/engagements-qualite-le-moniteur\/\" \/>\n<meta property=\"og:site_name\" content=\"Formation Lemoniteur\" \/>\n<meta property=\"article:modified_time\" content=\"2026-03-12T15:57:45+00:00\" \/>\n<meta name=\"twitter:card\" content=\"summary_large_image\" \/>\n<meta name=\"twitter:label1\" content=\"Est. reading time\" \/>\n\t<meta name=\"twitter:data1\" content=\"3 minutes\" \/>\n<script type=\"application\/ld+json\" class=\"yoast-schema-graph\">{\"@context\":\"https:\/\/schema.org\",\"@graph\":[{\"@type\":\"WebSite\",\"@id\":\"https:\/\/evenements.infopro-digital.com\/lemoniteur\/actu-formations\/#website\",\"url\":\"https:\/\/evenements.infopro-digital.com\/lemoniteur\/actu-formations\/\",\"name\":\"Formation Lemoniteur\",\"description\":\"Un site utilisant Les sites de Formation argus\",\"potentialAction\":[{\"@type\":\"SearchAction\",\"target\":{\"@type\":\"EntryPoint\",\"urlTemplate\":\"https:\/\/evenements.infopro-digital.com\/lemoniteur\/actu-formations\/?s={search_term_string}\"},\"query-input\":\"required name=search_term_string\"}],\"inLanguage\":\"fr-FR\"},{\"@type\":\"WebPage\",\"@id\":\"https:\/\/evenements.infopro-digital.com\/lemoniteur\/actu-formations\/qui-sommes-nous\/engagements-qualite-le-moniteur\/#webpage\",\"url\":\"https:\/\/evenements.infopro-digital.com\/lemoniteur\/actu-formations\/qui-sommes-nous\/engagements-qualite-le-moniteur\/\",\"name\":\"Nos engagements qualit\u00e9 - Formation Lemoniteur\",\"isPartOf\":{\"@id\":\"https:\/\/evenements.infopro-digital.com\/lemoniteur\/actu-formations\/#website\"},\"datePublished\":\"2022-04-08T13:00:20+00:00\",\"dateModified\":\"2026-03-12T15:57:45+00:00\",\"breadcrumb\":{\"@id\":\"https:\/\/evenements.infopro-digital.com\/lemoniteur\/actu-formations\/qui-sommes-nous\/engagements-qualite-le-moniteur\/#breadcrumb\"},\"inLanguage\":\"fr-FR\",\"potentialAction\":[{\"@type\":\"ReadAction\",\"target\":[\"https:\/\/evenements.infopro-digital.com\/lemoniteur\/actu-formations\/qui-sommes-nous\/engagements-qualite-le-moniteur\/\"]}]},{\"@type\":\"BreadcrumbList\",\"@id\":\"https:\/\/evenements.infopro-digital.com\/lemoniteur\/actu-formations\/qui-sommes-nous\/engagements-qualite-le-moniteur\/#breadcrumb\",\"itemListElement\":[{\"@type\":\"ListItem\",\"position\":1,\"name\":\"Accueil\",\"item\":\"https:\/\/evenements.infopro-digital.com\/lemoniteur\/actu-formations\/\"},{\"@type\":\"ListItem\",\"position\":2,\"name\":\"Qui sommes-nous ?\",\"item\":\"https:\/\/evenements.infopro-digital.com\/lemoniteur\/actu-formations\/qui-sommes-nous\/\"},{\"@type\":\"ListItem\",\"position\":3,\"name\":\"Nos engagements qualit\u00e9\"}]}]}<\/script>\n<!-- \/ Yoast SEO plugin. -->","yoast_head_json":{"title":"Nos engagements qualit\u00e9 - Formation Lemoniteur","robots":{"index":"index","follow":"follow","max-snippet":"max-snippet:-1","max-image-preview":"max-image-preview:large","max-video-preview":"max-video-preview:-1"},"canonical":"https:\/\/evenements.infopro-digital.com\/lemoniteur\/actu-formations\/qui-sommes-nous\/engagements-qualite-le-moniteur\/","og_locale":"fr_FR","og_type":"article","og_title":"Nos engagements qualit\u00e9 - Formation Lemoniteur","og_url":"https:\/\/evenements.infopro-digital.com\/lemoniteur\/actu-formations\/qui-sommes-nous\/engagements-qualite-le-moniteur\/","og_site_name":"Formation Lemoniteur","article_modified_time":"2026-03-12T15:57:45+00:00","twitter_card":"summary_large_image","twitter_misc":{"Est. reading time":"3 minutes"},"schema":{"@context":"https:\/\/schema.org","@graph":[{"@type":"WebSite","@id":"https:\/\/evenements.infopro-digital.com\/lemoniteur\/actu-formations\/#website","url":"https:\/\/evenements.infopro-digital.com\/lemoniteur\/actu-formations\/","name":"Formation Lemoniteur","description":"Un site utilisant Les sites de Formation argus","potentialAction":[{"@type":"SearchAction","target":{"@type":"EntryPoint","urlTemplate":"https:\/\/evenements.infopro-digital.com\/lemoniteur\/actu-formations\/?s={search_term_string}"},"query-input":"required name=search_term_string"}],"inLanguage":"fr-FR"},{"@type":"WebPage","@id":"https:\/\/evenements.infopro-digital.com\/lemoniteur\/actu-formations\/qui-sommes-nous\/engagements-qualite-le-moniteur\/#webpage","url":"https:\/\/evenements.infopro-digital.com\/lemoniteur\/actu-formations\/qui-sommes-nous\/engagements-qualite-le-moniteur\/","name":"Nos engagements qualit\u00e9 - Formation Lemoniteur","isPartOf":{"@id":"https:\/\/evenements.infopro-digital.com\/lemoniteur\/actu-formations\/#website"},"datePublished":"2022-04-08T13:00:20+00:00","dateModified":"2026-03-12T15:57:45+00:00","breadcrumb":{"@id":"https:\/\/evenements.infopro-digital.com\/lemoniteur\/actu-formations\/qui-sommes-nous\/engagements-qualite-le-moniteur\/#breadcrumb"},"inLanguage":"fr-FR","potentialAction":[{"@type":"ReadAction","target":["https:\/\/evenements.infopro-digital.com\/lemoniteur\/actu-formations\/qui-sommes-nous\/engagements-qualite-le-moniteur\/"]}]},{"@type":"BreadcrumbList","@id":"https:\/\/evenements.infopro-digital.com\/lemoniteur\/actu-formations\/qui-sommes-nous\/engagements-qualite-le-moniteur\/#breadcrumb","itemListElement":[{"@type":"ListItem","position":1,"name":"Accueil","item":"https:\/\/evenements.infopro-digital.com\/lemoniteur\/actu-formations\/"},{"@type":"ListItem","position":2,"name":"Qui sommes-nous ?","item":"https:\/\/evenements.infopro-digital.com\/lemoniteur\/actu-formations\/qui-sommes-nous\/"},{"@type":"ListItem","position":3,"name":"Nos engagements qualit\u00e9"}]}]}},"_links":{"self":[{"href":"https:\/\/evenements.infopro-digital.com\/lemoniteur\/actu-formations\/wp-json\/wp\/v2\/pages\/235"}],"collection":[{"href":"https:\/\/evenements.infopro-digital.com\/lemoniteur\/actu-formations\/wp-json\/wp\/v2\/pages"}],"about":[{"href":"https:\/\/evenements.infopro-digital.com\/lemoniteur\/actu-formations\/wp-json\/wp\/v2\/types\/page"}],"author":[{"embeddable":true,"href":"https:\/\/evenements.infopro-digital.com\/lemoniteur\/actu-formations\/wp-json\/wp\/v2\/users\/5"}],"replies":[{"embeddable":true,"href":"https:\/\/evenements.infopro-digital.com\/lemoniteur\/actu-formations\/wp-json\/wp\/v2\/comments?post=235"}],"version-history":[{"count":18,"href":"https:\/\/evenements.infopro-digital.com\/lemoniteur\/actu-formations\/wp-json\/wp\/v2\/pages\/235\/revisions"}],"predecessor-version":[{"id":1209,"href":"https:\/\/evenements.infopro-digital.com\/lemoniteur\/actu-formations\/wp-json\/wp\/v2\/pages\/235\/revisions\/1209"}],"up":[{"embeddable":true,"href":"https:\/\/evenements.infopro-digital.com\/lemoniteur\/actu-formations\/wp-json\/wp\/v2\/pages\/237"}],"wp:attachment":[{"href":"https:\/\/evenements.infopro-digital.com\/lemoniteur\/actu-formations\/wp-json\/wp\/v2\/media?parent=235"}],"curies":[{"name":"wp","href":"https:\/\/api.w.org\/{rel}","templated":true}]}}