{"id":2,"date":"2022-03-22T09:41:24","date_gmt":"2022-03-22T08:41:24","guid":{"rendered":"http:\/\/lemoniteur.smerle.modern.evenements-actus-argus.sbx.dev2.gisi-interactive.net\/?page_id=2"},"modified":"2026-01-09T09:20:34","modified_gmt":"2026-01-09T08:20:34","slug":"accueil","status":"publish","type":"page","link":"https:\/\/evenements.infopro-digital.com\/lemoniteur\/actu-formations\/","title":{"rendered":"Accueil"},"content":{"rendered":"\n<div class=\"wp-block-cover has-white-background-color has-background-dim\"><img loading=\"lazy\" width=\"1383\" height=\"919\" class=\"wp-block-cover__image-background wp-image-259\" alt=\"\" src=\"https:\/\/evenements.infopro-digital.com\/lemoniteur\/actu-formations\/\/app\/uploads\/sites\/2\/2022\/04\/hpmon.jpg\" style=\"object-position:53% 11%\" data-object-fit=\"cover\" data-object-position=\"53% 11%\" srcset=\"https:\/\/evenements.infopro-digital.com\/lemoniteur\/actu-formations\/\/app\/uploads\/sites\/2\/2022\/04\/hpmon.jpg 1383w, https:\/\/evenements.infopro-digital.com\/lemoniteur\/actu-formations\/\/app\/uploads\/sites\/2\/2022\/04\/hpmon-300x199.jpg 300w, https:\/\/evenements.infopro-digital.com\/lemoniteur\/actu-formations\/\/app\/uploads\/sites\/2\/2022\/04\/hpmon-1024x680.jpg 1024w, https:\/\/evenements.infopro-digital.com\/lemoniteur\/actu-formations\/\/app\/uploads\/sites\/2\/2022\/04\/hpmon-768x510.jpg 768w, https:\/\/evenements.infopro-digital.com\/lemoniteur\/actu-formations\/\/app\/uploads\/sites\/2\/2022\/04\/hpmon-1200x797.jpg 1200w, https:\/\/evenements.infopro-digital.com\/lemoniteur\/actu-formations\/\/app\/uploads\/sites\/2\/2022\/04\/hpmon-800x532.jpg 800w, https:\/\/evenements.infopro-digital.com\/lemoniteur\/actu-formations\/\/app\/uploads\/sites\/2\/2022\/04\/hpmon-400x266.jpg 400w\" sizes=\"(max-width: 1383px) 100vw, 1383px\" \/><div class=\"wp-block-cover__inner-container\">\n<p class=\"has-text-align-center has-black-color has-text-color\" style=\"font-size:62px;line-height:1\">Qui mieux que <\/p>\n\n\n\n<p class=\"has-text-align-center has-color-1-color has-text-color\" style=\"font-size:113px;line-height:1\">Le <em>M<\/em>oniteur<\/p>\n\n\n\n<p class=\"has-text-align-center has-black-color has-text-color\" style=\"font-size:62px;line-height:1\">pour vous former ?<\/p>\n<\/div><\/div>\n\n\n<div  class=\"strate alignfull has-background-color-opacity-100\" style=\" background-position: 50% 50%;\"><div class=\"centrage\"><\/div><\/div>\n\n<div  class=\"strate alignfull has-background-color-opacity-100\" style=\" background-position: 50% 50%;\"><div class=\"centrage\">\n\n<p class=\"has-color-1-color has-text-color\" style=\"font-size:30px\"><strong>Actualit\u00e9s<\/strong><\/p>\n\n\n<div class=\"has-3-columns wp-block-columns wp-block-columns-shortcode\"><div class=\"wp-block-column\"><section class=\"card-simple has-box-shadow card-simple--equal-height is-lien\" style=\"box-shadow:0px 5px 15px  rgba(0,0,0,0.1);\"><a href=\"https:\/\/evenements.infopro-digital.com\/lemoniteur\/actu-formations\/2026\/02\/04\/replay-webinaire-comment-tirer-profit-de-lintelligence-artificielle-tout-au-long-du-cycle-de-vie-des-batiments-1er-fevrier-2024\/\" class=\"card-simple__wrapper-lien\"><div itemscope itemtype=\"https:\/\/schema.org\/ImageObject\" class=\"card-simple__cont-img card-simple__cont-img--\" style=\"background-image: url(https:\/\/evenements.infopro-digital.com\/lemoniteur\/actu-formations\/\/app\/uploads\/sites\/2\/2022\/04\/Sans-titre-2-1200x2271.jpg)\"><meta itemprop=\"contentUrl\" content=\"https:\/\/evenements.infopro-digital.com\/lemoniteur\/actu-formations\/\/app\/uploads\/sites\/2\/2022\/04\/Sans-titre-2-1200x2271.jpg\"\/><\/div><div class=\"card-simple__cont-infos\"><time class=\"card-simple__date\" datetime=\"2026-02-04T09:06:00+01:00\">4 f\u00e9vrier 2026<\/time><h3 class=\"card-simple__titre \">[Replay Webinaire] Mettre en \u0153uvre une strat\u00e9gie de sobri\u00e9t\u00e9 fonci\u00e8re \u00e0 l\u2019aide de m\u00e9thodes adapt\u00e9es<\/h3><div class=\"card-simple__content\"><p>L\u2019artificialisation des sols a contribu\u00e9 \u00e0 d\u00e9grader notre environnement, comme notamment la contribution au r\u00e9chauffement climatique, perte de la biodiversit\u00e9,&hellip;<\/p><\/div><\/div><\/a><\/section><\/div><div class=\"wp-block-column\"><section class=\"card-simple has-box-shadow card-simple--equal-height is-lien\" style=\"box-shadow:0px 5px 15px  rgba(0,0,0,0.1);\"><a href=\"https:\/\/evenements.infopro-digital.com\/lemoniteur\/actu-formations\/2025\/07\/02\/replay-webinaire-construction-modulaire-et-hors-site-une-evolution-majeure-dans-le-secteur-du-btp\/\" class=\"card-simple__wrapper-lien\"><div itemscope itemtype=\"https:\/\/schema.org\/ImageObject\" class=\"card-simple__cont-img card-simple__cont-img--\" style=\"background-image: url(https:\/\/evenements.infopro-digital.com\/lemoniteur\/actu-formations\/\/app\/uploads\/sites\/2\/2025\/07\/Capture.jpg)\"><meta itemprop=\"contentUrl\" content=\"https:\/\/evenements.infopro-digital.com\/lemoniteur\/actu-formations\/\/app\/uploads\/sites\/2\/2025\/07\/Capture.jpg\"\/><\/div><div class=\"card-simple__cont-infos\"><time class=\"card-simple__date\" datetime=\"2025-07-02T14:15:09+02:00\">2 juillet 2025<\/time><h3 class=\"card-simple__titre \">[Replay Webinaire] Construction modulaire et hors site : une \u00e9volution majeure dans le secteur du BTP<\/h3><div class=\"card-simple__content\"><p>La construction hors-site et la construction modulaire progressent rapidement : en France, il pourrait atteindre 2,8 milliards d\u2019euros en 2030&hellip;<\/p><\/div><\/div><\/a><\/section><\/div><div class=\"wp-block-column\"><section class=\"card-simple has-box-shadow card-simple--equal-height is-lien\" style=\"box-shadow:0px 5px 15px  rgba(0,0,0,0.1);\"><a href=\"https:\/\/evenements.infopro-digital.com\/lemoniteur\/actu-formations\/2025\/06\/13\/replay-webinaire-decret-tertiaire-efficience-conformite-et-optimisation-financiere-de-votre-parc-ou-batiment\/\" class=\"card-simple__wrapper-lien\"><div itemscope itemtype=\"https:\/\/schema.org\/ImageObject\" class=\"card-simple__cont-img card-simple__cont-img--\" style=\"background-image: url(https:\/\/evenements.infopro-digital.com\/lemoniteur\/actu-formations\/\/app\/uploads\/sites\/2\/2025\/06\/Capture-1200x719.jpg)\"><meta itemprop=\"contentUrl\" content=\"https:\/\/evenements.infopro-digital.com\/lemoniteur\/actu-formations\/\/app\/uploads\/sites\/2\/2025\/06\/Capture-1200x719.jpg\"\/><\/div><div class=\"card-simple__cont-infos\"><time class=\"card-simple__date\" datetime=\"2025-06-13T14:47:29+02:00\">13 juin 2025<\/time><h3 class=\"card-simple__titre \">[Replay Webinaire] DECRET TERTIAIRE : Efficience, conformit\u00e9 et optimisation financi\u00e8re de votre parc ou b\u00e2timent<\/h3><div class=\"card-simple__content\"><p>Nous sommes \u00e0 l\u2019\u00e8re de la prise de conscience du d\u00e9r\u00e8glement climatique. Face \u00e0 ces enjeux, l\u2019UE a \u0153uvr\u00e9 et&hellip;<\/p><\/div><\/div><\/a><\/section><\/div><\/div>\n\n<div class=\"bttn-align-center\"><a href=\"https:\/\/evenements.infopro-digital.com\/lemoniteur\/actu-formations\/actualites\/\" target=\"_self\" class=\"bttn bttn--icon  bttn--big\"><span class=\"bttn__cont-label-icon\"><span class=\"bttn__label\">Voir tous les articles<\/span><svg role=\"img\" aria-hidden=\"true\" viewBox=\"0 0 16 16\"><use href=\"#icon-double-fleche-droite\" class=\"icon__unicolor\" \/><\/svg><\/span><\/a><\/div>\n<\/div><\/div>\n\n<section style=\"\" class=\"media-text       media-text--img-30  media-text--content-align-vertical-middle media-text--media-align-vertical-middle has-background has-color-2-background-color  media-text--img-contain\" ><div class=\"centrage media-text__layout\"><figure class=\"media-text__media\"><img loading=\"lazy\" src=\"https:\/\/evenements.infopro-digital.com\/lemoniteur\/actu-formations\/\/app\/uploads\/sites\/2\/2022\/05\/Image1.png\" width=\"998\" height=\"1072\" alt=\"\" style=\"\" \/><\/figure><div class=\"media-text__content\">\n\n<p style=\"font-size:30px\">Vous \u00eates Responsable formation \/ RH ?<\/p>\n\n\n\n<p class=\"has-medium-font-size\">Vous souhaitez b\u00e9n\u00e9ficier d&rsquo;une formation : <br>\u2013 Dans vos locaux ou \u00e0 distance, aux dates de votre choix ?<br>\u2013 100% personnalis\u00e9e, adapt\u00e9e aux besoins de vos collaborateurs, <br>    respectant vos objectifs et votre contexte ?<\/p>\n\n\n<div class=\"bttns bttns-align-center\">\n<div class=\"bttn-align-center\"><a href=\"https:\/\/evenements.infopro-digital.com\/lemoniteur\/actu-formations\/intra-entreprise-et-sur-mesure\/nos-solutions-intra\/\" target=\"_self\" class=\"bttn bttn--icon-left bttn--icon  bttn--md\"><span class=\"bttn__cont-label-icon\"><svg role=\"img\" aria-hidden=\"true\" viewBox=\"0 0 16 16\"><use href=\"#icon-fleche-droite-cercle\" class=\"icon__unicolor\" \/><\/svg><span class=\"bttn__label\">En savoir plus sur l&rsquo;intra-entreprise<\/span><\/span><\/a><\/div>\n\n<div class=\"bttn-align-center\"><a href=\"https:\/\/evenements.infopro-digital.com\/lemoniteur\/contact\/context\/6#\/\" target=\"_self\" class=\"bttn bttn--icon  bttn--md\"><span class=\"bttn__cont-label-icon\"><span class=\"bttn__label\">Nous contacter <\/span><svg role=\"img\" aria-hidden=\"true\" viewBox=\"0 0 16 16\"><use href=\"#icon-enveloppe\" class=\"icon__unicolor\" \/><\/svg><\/span><\/a><\/div>\n<\/div>\n<\/div><\/div><\/section>\n\n<hr class=\"separator separator--center separator--line has-white-separator-color separator--thickness-10 separator--md\"\/>\n\n<section style=\"\" class=\"media-text       media-text--img-20  media-text--content-align-vertical-middle media-text--media-align-vertical-middle has-background has-color-1-background-color media-text--img-right media-text--img-contain\" ><div class=\"centrage media-text__layout\"><figure class=\"media-text__media\"><img loading=\"lazy\" src=\"https:\/\/evenements.infopro-digital.com\/lemoniteur\/actu-formations\/\/app\/uploads\/sites\/2\/2025\/10\/Couv-catalogue-2026V1-1.png\" width=\"779\" height=\"985\" alt=\"\" style=\"\" \/><\/figure><div class=\"media-text__content\">\n\n<p class=\"has-text-align-center has-white-color has-color-1-background-color has-text-color has-background has-large-font-size\">T\u00e9l\u00e9chargez le catalogue <br>des formations 2026<\/p>\n\n\n<div class=\"bttn-align-center\"><a href=\"https:\/\/evenements.infopro-digital.com\/lemoniteur\/actu-formations\/telechargez-le-catalogue-des-formations\/\" target=\"_self\" class=\"bttn is-style-default bttn--icon has-white-bttn-color bttn--md\"><span class=\"bttn__cont-label-icon\"><span class=\"bttn__label\">Je t\u00e9l\u00e9charge <\/span><svg role=\"img\" aria-hidden=\"true\" viewBox=\"0 0 16 16\"><use href=\"#icon-fichier-pdf-2\" class=\"icon__unicolor\" \/><\/svg><\/span><\/a><\/div>\n<\/div><\/div><\/section>\n\n<div  class=\"strate alignfull has-background-color-opacity-100\" style=\" background-position: 50% 50%;\"><div class=\"centrage\"><\/div><\/div>","protected":false},"excerpt":{"rendered":"","protected":false},"author":1,"featured_media":284,"parent":0,"menu_order":0,"comment_status":"closed","ping_status":"open","template":"tpl_homepage.php","meta":[],"yoast_head":"<!-- This site is optimized with the Yoast SEO plugin v18.9 - https:\/\/yoast.com\/wordpress\/plugins\/seo\/ -->\n<title>Accueil - Formation Lemoniteur<\/title>\n<meta name=\"robots\" content=\"index, follow, max-snippet:-1, max-image-preview:large, max-video-preview:-1\" \/>\n<link rel=\"canonical\" href=\"https:\/\/evenements.infopro-digital.com\/lemoniteur\/actu-formations\/\" \/>\n<meta property=\"og:locale\" content=\"fr_FR\" \/>\n<meta property=\"og:type\" content=\"article\" \/>\n<meta property=\"og:title\" content=\"Accueil - Formation Lemoniteur\" \/>\n<meta property=\"og:url\" content=\"https:\/\/evenements.infopro-digital.com\/lemoniteur\/actu-formations\/\" \/>\n<meta property=\"og:site_name\" content=\"Formation Lemoniteur\" \/>\n<meta property=\"article:modified_time\" content=\"2026-01-09T08:20:34+00:00\" \/>\n<meta property=\"og:image\" content=\"https:\/\/evenements.infopro-digital.com\/lemoniteur\/actu-formations\/\/app\/uploads\/sites\/2\/2022\/05\/Image1-150x150-1.png\" \/>\n\t<meta property=\"og:image:width\" content=\"150\" \/>\n\t<meta property=\"og:image:height\" content=\"150\" \/>\n\t<meta property=\"og:image:type\" content=\"image\/png\" \/>\n<meta name=\"twitter:card\" content=\"summary_large_image\" \/>\n<meta name=\"twitter:label1\" content=\"Est. reading time\" \/>\n\t<meta name=\"twitter:data1\" content=\"1 minute\" \/>\n<script type=\"application\/ld+json\" class=\"yoast-schema-graph\">{\"@context\":\"https:\/\/schema.org\",\"@graph\":[{\"@type\":\"WebSite\",\"@id\":\"https:\/\/evenements.infopro-digital.com\/lemoniteur\/actu-formations\/#website\",\"url\":\"https:\/\/evenements.infopro-digital.com\/lemoniteur\/actu-formations\/\",\"name\":\"Formation Lemoniteur\",\"description\":\"Un site utilisant Les sites de Formation argus\",\"potentialAction\":[{\"@type\":\"SearchAction\",\"target\":{\"@type\":\"EntryPoint\",\"urlTemplate\":\"https:\/\/evenements.infopro-digital.com\/lemoniteur\/actu-formations\/?s={search_term_string}\"},\"query-input\":\"required name=search_term_string\"}],\"inLanguage\":\"fr-FR\"},{\"@type\":\"ImageObject\",\"inLanguage\":\"fr-FR\",\"@id\":\"https:\/\/evenements.infopro-digital.com\/lemoniteur\/actu-formations\/#primaryimage\",\"url\":\"https:\/\/evenements.infopro-digital.com\/lemoniteur\/actu-formations\/\/app\/uploads\/sites\/2\/2022\/05\/Image1-150x150-1.png\",\"contentUrl\":\"https:\/\/evenements.infopro-digital.com\/lemoniteur\/actu-formations\/\/app\/uploads\/sites\/2\/2022\/05\/Image1-150x150-1.png\",\"width\":150,\"height\":150},{\"@type\":\"WebPage\",\"@id\":\"https:\/\/evenements.infopro-digital.com\/lemoniteur\/actu-formations\/#webpage\",\"url\":\"https:\/\/evenements.infopro-digital.com\/lemoniteur\/actu-formations\/\",\"name\":\"Accueil - Formation Lemoniteur\",\"isPartOf\":{\"@id\":\"https:\/\/evenements.infopro-digital.com\/lemoniteur\/actu-formations\/#website\"},\"primaryImageOfPage\":{\"@id\":\"https:\/\/evenements.infopro-digital.com\/lemoniteur\/actu-formations\/#primaryimage\"},\"datePublished\":\"2022-03-22T08:41:24+00:00\",\"dateModified\":\"2026-01-09T08:20:34+00:00\",\"breadcrumb\":{\"@id\":\"https:\/\/evenements.infopro-digital.com\/lemoniteur\/actu-formations\/#breadcrumb\"},\"inLanguage\":\"fr-FR\",\"potentialAction\":[{\"@type\":\"ReadAction\",\"target\":[\"https:\/\/evenements.infopro-digital.com\/lemoniteur\/actu-formations\/\"]}]},{\"@type\":\"BreadcrumbList\",\"@id\":\"https:\/\/evenements.infopro-digital.com\/lemoniteur\/actu-formations\/#breadcrumb\",\"itemListElement\":[{\"@type\":\"ListItem\",\"position\":1,\"name\":\"Accueil\",\"item\":\"https:\/\/evenements.infopro-digital.com\/lemoniteur\/actu-formations\/\"},{\"@type\":\"ListItem\",\"position\":2,\"name\":\"Accueil\"}]}]}<\/script>\n<!-- \/ Yoast SEO plugin. -->","yoast_head_json":{"title":"Accueil - Formation Lemoniteur","robots":{"index":"index","follow":"follow","max-snippet":"max-snippet:-1","max-image-preview":"max-image-preview:large","max-video-preview":"max-video-preview:-1"},"canonical":"https:\/\/evenements.infopro-digital.com\/lemoniteur\/actu-formations\/","og_locale":"fr_FR","og_type":"article","og_title":"Accueil - Formation Lemoniteur","og_url":"https:\/\/evenements.infopro-digital.com\/lemoniteur\/actu-formations\/","og_site_name":"Formation Lemoniteur","article_modified_time":"2026-01-09T08:20:34+00:00","og_image":[{"width":150,"height":150,"url":"https:\/\/evenements.infopro-digital.com\/lemoniteur\/actu-formations\/\/app\/uploads\/sites\/2\/2022\/05\/Image1-150x150-1.png","type":"image\/png"}],"twitter_card":"summary_large_image","twitter_misc":{"Est. reading time":"1 minute"},"schema":{"@context":"https:\/\/schema.org","@graph":[{"@type":"WebSite","@id":"https:\/\/evenements.infopro-digital.com\/lemoniteur\/actu-formations\/#website","url":"https:\/\/evenements.infopro-digital.com\/lemoniteur\/actu-formations\/","name":"Formation Lemoniteur","description":"Un site utilisant Les sites de Formation argus","potentialAction":[{"@type":"SearchAction","target":{"@type":"EntryPoint","urlTemplate":"https:\/\/evenements.infopro-digital.com\/lemoniteur\/actu-formations\/?s={search_term_string}"},"query-input":"required name=search_term_string"}],"inLanguage":"fr-FR"},{"@type":"ImageObject","inLanguage":"fr-FR","@id":"https:\/\/evenements.infopro-digital.com\/lemoniteur\/actu-formations\/#primaryimage","url":"https:\/\/evenements.infopro-digital.com\/lemoniteur\/actu-formations\/\/app\/uploads\/sites\/2\/2022\/05\/Image1-150x150-1.png","contentUrl":"https:\/\/evenements.infopro-digital.com\/lemoniteur\/actu-formations\/\/app\/uploads\/sites\/2\/2022\/05\/Image1-150x150-1.png","width":150,"height":150},{"@type":"WebPage","@id":"https:\/\/evenements.infopro-digital.com\/lemoniteur\/actu-formations\/#webpage","url":"https:\/\/evenements.infopro-digital.com\/lemoniteur\/actu-formations\/","name":"Accueil - Formation Lemoniteur","isPartOf":{"@id":"https:\/\/evenements.infopro-digital.com\/lemoniteur\/actu-formations\/#website"},"primaryImageOfPage":{"@id":"https:\/\/evenements.infopro-digital.com\/lemoniteur\/actu-formations\/#primaryimage"},"datePublished":"2022-03-22T08:41:24+00:00","dateModified":"2026-01-09T08:20:34+00:00","breadcrumb":{"@id":"https:\/\/evenements.infopro-digital.com\/lemoniteur\/actu-formations\/#breadcrumb"},"inLanguage":"fr-FR","potentialAction":[{"@type":"ReadAction","target":["https:\/\/evenements.infopro-digital.com\/lemoniteur\/actu-formations\/"]}]},{"@type":"BreadcrumbList","@id":"https:\/\/evenements.infopro-digital.com\/lemoniteur\/actu-formations\/#breadcrumb","itemListElement":[{"@type":"ListItem","position":1,"name":"Accueil","item":"https:\/\/evenements.infopro-digital.com\/lemoniteur\/actu-formations\/"},{"@type":"ListItem","position":2,"name":"Accueil"}]}]}},"_links":{"self":[{"href":"https:\/\/evenements.infopro-digital.com\/lemoniteur\/actu-formations\/wp-json\/wp\/v2\/pages\/2"}],"collection":[{"href":"https:\/\/evenements.infopro-digital.com\/lemoniteur\/actu-formations\/wp-json\/wp\/v2\/pages"}],"about":[{"href":"https:\/\/evenements.infopro-digital.com\/lemoniteur\/actu-formations\/wp-json\/wp\/v2\/types\/page"}],"author":[{"embeddable":true,"href":"https:\/\/evenements.infopro-digital.com\/lemoniteur\/actu-formations\/wp-json\/wp\/v2\/users\/1"}],"replies":[{"embeddable":true,"href":"https:\/\/evenements.infopro-digital.com\/lemoniteur\/actu-formations\/wp-json\/wp\/v2\/comments?post=2"}],"version-history":[{"count":81,"href":"https:\/\/evenements.infopro-digital.com\/lemoniteur\/actu-formations\/wp-json\/wp\/v2\/pages\/2\/revisions"}],"predecessor-version":[{"id":1166,"href":"https:\/\/evenements.infopro-digital.com\/lemoniteur\/actu-formations\/wp-json\/wp\/v2\/pages\/2\/revisions\/1166"}],"wp:featuredmedia":[{"embeddable":true,"href":"https:\/\/evenements.infopro-digital.com\/lemoniteur\/actu-formations\/wp-json\/wp\/v2\/media\/284"}],"wp:attachment":[{"href":"https:\/\/evenements.infopro-digital.com\/lemoniteur\/actu-formations\/wp-json\/wp\/v2\/media?parent=2"}],"curies":[{"name":"wp","href":"https:\/\/api.w.org\/{rel}","templated":true}]}}