{"id":748,"date":"2023-03-03T15:14:22","date_gmt":"2023-03-03T14:14:22","guid":{"rendered":"https:\/\/evenements.infopro-digital.com\/gazette-des-communes\/actu-formations\/?page_id=748"},"modified":"2023-03-07T17:28:52","modified_gmt":"2023-03-07T16:28:52","slug":"nos-engagements-aupres-des-personnes-en-situation-dhandicap","status":"publish","type":"page","link":"https:\/\/evenements.infopro-digital.com\/gazette-des-communes\/actu-formations\/qui-sommes-nous\/nos-engagements-aupres-des-personnes-en-situation-dhandicap\/","title":{"rendered":"Personnes en situation de handicap : nos engagements"},"content":{"rendered":"<div  class=\"strate alignfull has-background-color-opacity-100\" style=\" background-position: 50% 50%;\"><div class=\"centrage\">\n\n<h2>Prise en charge des situations de handicap<\/h2>\n\n\n<section style=\"\" class=\"media-text       media-text--img-30  media-text--content-align-vertical-middle media-text--media-align-vertical-middle   media-text--img-contain\" ><div class=\"centrage media-text__layout\"><figure class=\"media-text__media\"><img loading=\"lazy\" src=\"https:\/\/evenements.infopro-digital.com\/gazette-des-communes\/actu-formations\/\/app\/uploads\/sites\/3\/2023\/03\/Sans-titre-2023-03-03T150950.237.png\" width=\"500\" height=\"200\" alt=\"\" style=\"\" \/><\/figure><div class=\"media-text__content\">\n<hr class=\"separator separator--center separator--line has-white-separator-color separator--thickness-1 separator--md\"\/>\n\n\n<p>Notre organisme de formation La Gazette des Communes Formations est tr\u00e8s sensible aux politiques en faveur de l\u2019emploi des personnes en situation d\u2019handicap.<\/p>\n\n\n\n<p>En tant qu\u2019acteur de la formation, nous prenons \u00e0 c\u0153ur l\u2019accessibilit\u00e9 de nos formations aux personnes en situation d\u2019handicap en leur garantissant un accompagnement et en leur facilitant l\u2019acc\u00e8s \u00e0 nos sessions.<\/p>\n\n\n<hr class=\"separator separator--center separator--line has-white-separator-color separator--thickness-1 separator--md\"\/>\n<\/div><\/div><\/section>\n\n<hr class=\"separator separator--center separator--line has-white-separator-color separator--thickness-1 separator--md\"\/>\n\n\n<h2><strong>Un dispositif adapt\u00e9 \u00e0 chaque handicap<\/strong><\/h2>\n\n\n<hr class=\"separator separator--center separator--line has-white-separator-color separator--thickness-1 separator--md\"\/>\n\n<section style=\"\" class=\"media-text       media-text--img-50  media-text--content-align-vertical-middle media-text--media-align-vertical-middle   media-text--img-contain\" ><div class=\"centrage media-text__layout\"><figure class=\"media-text__media\"><img loading=\"lazy\" src=\"https:\/\/evenements.infopro-digital.com\/gazette-des-communes\/actu-formations\/\/app\/uploads\/sites\/3\/2023\/03\/Sans-titre-2023-03-03T151751.223-1.png\" width=\"500\" height=\"200\" alt=\"\" style=\"\" \/><\/figure><div class=\"media-text__content\">\n\n<p><strong>Pour l\u2019accueil des personnes en situation de handicap, nous avons mis en place plusieurs actions : <\/strong><\/p>\n\n\n\n<ul><li>Le r\u00e9f\u00e9rent Handicap de l\u2019organisme de formation est en contact avec le r\u00e9seau des r\u00e9f\u00e9rents Handicap du groupe permettant l\u2019analyse des besoins en \u00e9quipements et les am\u00e9nagements de postes.<\/li><li>Nos salles de formation r\u00e9pondent aux normes \u00e9lectriques, aux normes d&rsquo;hygi\u00e8ne et s\u00e9curit\u00e9 et aux normes d&rsquo;accessibilit\u00e9 des travailleurs avec un handicap.<\/li><li>Toutes nos salles de formation ont un acc\u00e8s PMR.<\/li><li>Nous cherchons syst\u00e9matiquement une solution pour accueillir les personnes en situation de handicap et ce, quelle que soit la forme du handicap (auditif, visuel, moteur\u2026). Pour plus d&rsquo;informations, contactez le r\u00e9f\u00e9rent handicap.<\/li><li>Conform\u00e9ment \u00e0 l\u2019accord handicap groupe, nous tissons des liens de plus en plus forts avec des soci\u00e9t\u00e9s sp\u00e9cialis\u00e9es dans la formation et dans l&rsquo;accompagnement adapt\u00e9 aux personnes en situation de handicap.<\/li><li>Si besoin, nous utilisons des \u00e9crans de grandes tailles et disposons d&rsquo;affichages en gros caract\u00e8res pour les personnes d\u00e9ficientes visuelles.<\/li><li>Sur demande, nous accordons un d\u00e9lai suppl\u00e9mentaire pour passer les \u00e9preuves.<\/li><\/ul>\n\n<\/div><\/div><\/section>\n\n\n<h2>Acc\u00e8s et d\u00e9placements facilit\u00e9s<\/h2>\n\n\n<hr class=\"separator separator--center separator--line has-white-separator-color separator--thickness-1 separator--md\"\/>\n\n\n<p>Nos centres de formation r\u00e9pondent aux normes&nbsp;PMR et garantissent ainsi l\u2019acc\u00e8s aux personnes \u00e0 mobilit\u00e9 r\u00e9duite (ascenseurs, taille des lieux de passages, acc\u00e8s aux sanitaires, salles de pauses, salles de formation).<\/p>\n\n\n\n<p>Lors de la s\u00e9lection de nos locations de salles ext\u00e9rieures, nous nous assurons qu\u2019elles soient facilement accessibles en transports en commun et qu\u2019elles offrent aux alentours des commerces et services.<\/p>\n\n\n\n<h2>Notre r\u00e9f\u00e9rent handicap \u00e0 votre service pour pr\u00e9parer votre formation<\/h2>\n\n\n\n<p>Pour toute demande de prise en charge particuli\u00e8re de votre handicap, n\u2019h\u00e9sitez pas \u00e0 nous contacter \u00e0 l\u2019adresse mail <a href=\"bWFpbHRvOmZvcm1hdGlvbnNAbGFnYXpldHRlZGVzY29tbXVuZXMuY29t\" data-protectedlink=\"1\">formations@lagazettedescommunes.com<\/a> au moins 4 semaines avant le d\u00e9but de la date souhait\u00e9e de formation pour que l\u2019on puisse prendre les dispositions n\u00e9cessaires et ad\u00e9quates afin de vous accueillir dans les meilleures conditions.<\/p>\n\n\n<hr class=\"separator separator--center separator--line has-white-separator-color separator--thickness-1 separator--md\"\/>\n\n\n<div class=\"has-2-columns wp-block-columns has-white-color has-color-1-background-color has-text-color has-background\">\n<div class=\" wp-block-column\">\n<p class=\"has-medium-font-size\">Vous souhaitez en savoir plus sur notre d\u00e9marche qualit\u00e9 ?<\/p>\n\n\n\n<p class=\"has-medium-font-size\">Nos \u00e9quipes sont \u00e0 votre disposition pour r\u00e9pondre \u00e0 toutes vos questions.<\/p>\n<\/div>\n\n\n\n<div class=\" wp-block-column\"><hr class=\"separator separator--center separator--line has-color-1-separator-color separator--thickness-1 separator--md\"\/>\n\n<div class=\"bttn-align-center\"><a href=\"bWFpbHRvOmZvcm1hdGlvbnNAbGFnYXpldHRlY29tbXVuZXMuZnI=\" data-protectedlink=\"1\" target=\"_self\" class=\"bttn is-style-default has-white-bttn-color bttn--md\"><span class=\"bttn__cont-label-icon\"><span class=\"bttn__label\">En savoir plus <\/span><\/span><\/a><\/div>\n\n<hr class=\"separator separator--center separator--line has-color-1-separator-color separator--thickness-1 separator--md\"\/><\/div>\n<\/div>\n\n<\/div><\/div>\n\n\n<p><\/p>\n","protected":false},"excerpt":{"rendered":"","protected":false},"author":3,"featured_media":0,"parent":263,"menu_order":0,"comment_status":"closed","ping_status":"closed","template":"","meta":[],"yoast_head":"<!-- This site is optimized with the Yoast SEO plugin v18.9 - https:\/\/yoast.com\/wordpress\/plugins\/seo\/ -->\n<title>Personnes en situation de handicap : nos engagements - Formation Gazette<\/title>\n<meta name=\"robots\" content=\"index, follow, max-snippet:-1, max-image-preview:large, max-video-preview:-1\" \/>\n<link rel=\"canonical\" href=\"https:\/\/evenements.infopro-digital.com\/gazette-des-communes\/actu-formations\/qui-sommes-nous\/nos-engagements-aupres-des-personnes-en-situation-dhandicap\/\" \/>\n<meta property=\"og:locale\" content=\"fr_FR\" \/>\n<meta property=\"og:type\" content=\"article\" \/>\n<meta property=\"og:title\" content=\"Personnes en situation de handicap : nos engagements - Formation Gazette\" \/>\n<meta property=\"og:url\" content=\"https:\/\/evenements.infopro-digital.com\/gazette-des-communes\/actu-formations\/qui-sommes-nous\/nos-engagements-aupres-des-personnes-en-situation-dhandicap\/\" \/>\n<meta property=\"og:site_name\" content=\"Formation Gazette\" \/>\n<meta property=\"article:modified_time\" content=\"2023-03-07T16:28:52+00:00\" \/>\n<meta name=\"twitter:card\" content=\"summary_large_image\" \/>\n<meta name=\"twitter:label1\" content=\"Est. reading time\" \/>\n\t<meta name=\"twitter:data1\" content=\"2 minutes\" \/>\n<script type=\"application\/ld+json\" class=\"yoast-schema-graph\">{\"@context\":\"https:\/\/schema.org\",\"@graph\":[{\"@type\":\"WebSite\",\"@id\":\"https:\/\/evenements.infopro-digital.com\/gazette-des-communes\/actu-formations\/#website\",\"url\":\"https:\/\/evenements.infopro-digital.com\/gazette-des-communes\/actu-formations\/\",\"name\":\"Formation Gazette\",\"description\":\"Un site utilisant Les sites de Formation argus\",\"potentialAction\":[{\"@type\":\"SearchAction\",\"target\":{\"@type\":\"EntryPoint\",\"urlTemplate\":\"https:\/\/evenements.infopro-digital.com\/gazette-des-communes\/actu-formations\/?s={search_term_string}\"},\"query-input\":\"required name=search_term_string\"}],\"inLanguage\":\"fr-FR\"},{\"@type\":\"WebPage\",\"@id\":\"https:\/\/evenements.infopro-digital.com\/gazette-des-communes\/actu-formations\/qui-sommes-nous\/nos-engagements-aupres-des-personnes-en-situation-dhandicap\/#webpage\",\"url\":\"https:\/\/evenements.infopro-digital.com\/gazette-des-communes\/actu-formations\/qui-sommes-nous\/nos-engagements-aupres-des-personnes-en-situation-dhandicap\/\",\"name\":\"Personnes en situation de handicap : nos engagements - Formation Gazette\",\"isPartOf\":{\"@id\":\"https:\/\/evenements.infopro-digital.com\/gazette-des-communes\/actu-formations\/#website\"},\"datePublished\":\"2023-03-03T14:14:22+00:00\",\"dateModified\":\"2023-03-07T16:28:52+00:00\",\"breadcrumb\":{\"@id\":\"https:\/\/evenements.infopro-digital.com\/gazette-des-communes\/actu-formations\/qui-sommes-nous\/nos-engagements-aupres-des-personnes-en-situation-dhandicap\/#breadcrumb\"},\"inLanguage\":\"fr-FR\",\"potentialAction\":[{\"@type\":\"ReadAction\",\"target\":[\"https:\/\/evenements.infopro-digital.com\/gazette-des-communes\/actu-formations\/qui-sommes-nous\/nos-engagements-aupres-des-personnes-en-situation-dhandicap\/\"]}]},{\"@type\":\"BreadcrumbList\",\"@id\":\"https:\/\/evenements.infopro-digital.com\/gazette-des-communes\/actu-formations\/qui-sommes-nous\/nos-engagements-aupres-des-personnes-en-situation-dhandicap\/#breadcrumb\",\"itemListElement\":[{\"@type\":\"ListItem\",\"position\":1,\"name\":\"Accueil\",\"item\":\"https:\/\/evenements.infopro-digital.com\/gazette-des-communes\/actu-formations\/\"},{\"@type\":\"ListItem\",\"position\":2,\"name\":\"Qui sommes-nous ?\",\"item\":\"https:\/\/evenements.infopro-digital.com\/gazette-des-communes\/actu-formations\/qui-sommes-nous\/\"},{\"@type\":\"ListItem\",\"position\":3,\"name\":\"Personnes en situation de handicap : nos engagements\"}]}]}<\/script>\n<!-- \/ Yoast SEO plugin. -->","yoast_head_json":{"title":"Personnes en situation de handicap : nos engagements - Formation Gazette","robots":{"index":"index","follow":"follow","max-snippet":"max-snippet:-1","max-image-preview":"max-image-preview:large","max-video-preview":"max-video-preview:-1"},"canonical":"https:\/\/evenements.infopro-digital.com\/gazette-des-communes\/actu-formations\/qui-sommes-nous\/nos-engagements-aupres-des-personnes-en-situation-dhandicap\/","og_locale":"fr_FR","og_type":"article","og_title":"Personnes en situation de handicap : nos engagements - Formation Gazette","og_url":"https:\/\/evenements.infopro-digital.com\/gazette-des-communes\/actu-formations\/qui-sommes-nous\/nos-engagements-aupres-des-personnes-en-situation-dhandicap\/","og_site_name":"Formation Gazette","article_modified_time":"2023-03-07T16:28:52+00:00","twitter_card":"summary_large_image","twitter_misc":{"Est. reading time":"2 minutes"},"schema":{"@context":"https:\/\/schema.org","@graph":[{"@type":"WebSite","@id":"https:\/\/evenements.infopro-digital.com\/gazette-des-communes\/actu-formations\/#website","url":"https:\/\/evenements.infopro-digital.com\/gazette-des-communes\/actu-formations\/","name":"Formation Gazette","description":"Un site utilisant Les sites de Formation argus","potentialAction":[{"@type":"SearchAction","target":{"@type":"EntryPoint","urlTemplate":"https:\/\/evenements.infopro-digital.com\/gazette-des-communes\/actu-formations\/?s={search_term_string}"},"query-input":"required name=search_term_string"}],"inLanguage":"fr-FR"},{"@type":"WebPage","@id":"https:\/\/evenements.infopro-digital.com\/gazette-des-communes\/actu-formations\/qui-sommes-nous\/nos-engagements-aupres-des-personnes-en-situation-dhandicap\/#webpage","url":"https:\/\/evenements.infopro-digital.com\/gazette-des-communes\/actu-formations\/qui-sommes-nous\/nos-engagements-aupres-des-personnes-en-situation-dhandicap\/","name":"Personnes en situation de handicap : nos engagements - Formation Gazette","isPartOf":{"@id":"https:\/\/evenements.infopro-digital.com\/gazette-des-communes\/actu-formations\/#website"},"datePublished":"2023-03-03T14:14:22+00:00","dateModified":"2023-03-07T16:28:52+00:00","breadcrumb":{"@id":"https:\/\/evenements.infopro-digital.com\/gazette-des-communes\/actu-formations\/qui-sommes-nous\/nos-engagements-aupres-des-personnes-en-situation-dhandicap\/#breadcrumb"},"inLanguage":"fr-FR","potentialAction":[{"@type":"ReadAction","target":["https:\/\/evenements.infopro-digital.com\/gazette-des-communes\/actu-formations\/qui-sommes-nous\/nos-engagements-aupres-des-personnes-en-situation-dhandicap\/"]}]},{"@type":"BreadcrumbList","@id":"https:\/\/evenements.infopro-digital.com\/gazette-des-communes\/actu-formations\/qui-sommes-nous\/nos-engagements-aupres-des-personnes-en-situation-dhandicap\/#breadcrumb","itemListElement":[{"@type":"ListItem","position":1,"name":"Accueil","item":"https:\/\/evenements.infopro-digital.com\/gazette-des-communes\/actu-formations\/"},{"@type":"ListItem","position":2,"name":"Qui sommes-nous ?","item":"https:\/\/evenements.infopro-digital.com\/gazette-des-communes\/actu-formations\/qui-sommes-nous\/"},{"@type":"ListItem","position":3,"name":"Personnes en situation de handicap : nos engagements"}]}]}},"_links":{"self":[{"href":"https:\/\/evenements.infopro-digital.com\/gazette-des-communes\/actu-formations\/wp-json\/wp\/v2\/pages\/748"}],"collection":[{"href":"https:\/\/evenements.infopro-digital.com\/gazette-des-communes\/actu-formations\/wp-json\/wp\/v2\/pages"}],"about":[{"href":"https:\/\/evenements.infopro-digital.com\/gazette-des-communes\/actu-formations\/wp-json\/wp\/v2\/types\/page"}],"author":[{"embeddable":true,"href":"https:\/\/evenements.infopro-digital.com\/gazette-des-communes\/actu-formations\/wp-json\/wp\/v2\/users\/3"}],"replies":[{"embeddable":true,"href":"https:\/\/evenements.infopro-digital.com\/gazette-des-communes\/actu-formations\/wp-json\/wp\/v2\/comments?post=748"}],"version-history":[{"count":5,"href":"https:\/\/evenements.infopro-digital.com\/gazette-des-communes\/actu-formations\/wp-json\/wp\/v2\/pages\/748\/revisions"}],"predecessor-version":[{"id":765,"href":"https:\/\/evenements.infopro-digital.com\/gazette-des-communes\/actu-formations\/wp-json\/wp\/v2\/pages\/748\/revisions\/765"}],"up":[{"embeddable":true,"href":"https:\/\/evenements.infopro-digital.com\/gazette-des-communes\/actu-formations\/wp-json\/wp\/v2\/pages\/263"}],"wp:attachment":[{"href":"https:\/\/evenements.infopro-digital.com\/gazette-des-communes\/actu-formations\/wp-json\/wp\/v2\/media?parent=748"}],"curies":[{"name":"wp","href":"https:\/\/api.w.org\/{rel}","templated":true}]}}