{"id":269,"date":"2022-04-12T15:18:07","date_gmt":"2022-04-12T13:18:07","guid":{"rendered":"https:\/\/evenements.infopro-digital.com\/gazette-des-communes\/actu-formations\/?page_id=269"},"modified":"2022-05-19T17:27:08","modified_gmt":"2022-05-19T15:27:08","slug":"intra-entreprise-et-sur-mesure","status":"publish","type":"page","link":"https:\/\/evenements.infopro-digital.com\/gazette-des-communes\/actu-formations\/intra-entreprise-et-sur-mesure\/","title":{"rendered":"Intra-entreprise et Sur mesure"},"content":{"rendered":"<div  class=\"strate alignfull has-background-color-opacity-100\" style=\" background-position: 50% 50%;\"><div class=\"centrage\">\n\n<h2>Quels sont les avantages d&rsquo;une formation sur mesure par La Gazette des Communes ?<\/h2>\n\n\n\n<figure class=\"wp-block-table\"><table><thead><tr><th class=\"has-text-align-center\" data-align=\"center\">Vous d\u00e9cidez<\/th><th class=\"has-text-align-center\" data-align=\"center\">Nous construisons la solution<\/th><\/tr><\/thead><tbody><tr><td class=\"has-text-align-center\" data-align=\"center\">Vous <strong>choisissez th\u00e9matiques<\/strong> <strong>et les<\/strong> <strong>agents <\/strong>que vous souhaitez prioriser<\/td><td class=\"has-text-align-center\" data-align=\"center\">Vous b\u00e9n\u00e9ficiez d\u2019un formateur qui <strong>s\u2019adapte \u00e0 votre public cible<\/strong> et aux comp\u00e9tences \u00e0 faire \u00e9voluer.<br>Un formateur est s\u00e9lectionn\u00e9 pour s\u2019adapter \u00e0 vos agents et aux concours que vous souhaitez pr\u00e9parer.<\/td><\/tr><tr><td class=\"has-text-align-center\" data-align=\"center\">Vous <strong>fixez les dates <\/strong>de formation adapt\u00e9es aux contraintes des services concern\u00e9s<\/td><td class=\"has-text-align-center\" data-align=\"center\">Vous b\u00e9n\u00e9ficiez d\u2019un <strong>calendrier sur mesure<\/strong> pour vous.<br>Nos ing\u00e9nieurs p\u00e9dagogiques analysent vos besoins pour d\u00e9finir le calendrier le plus efficace.<\/td><\/tr><tr><td class=\"has-text-align-center\" data-align=\"center\">Vous <strong>choisissez le lieu <\/strong>de la formation<\/td><td class=\"has-text-align-center\" data-align=\"center\">Vous b\u00e9n\u00e9ficiez d\u2019un <strong>formateur disponible aux dates souhait\u00e9es.<\/strong><br>Un formateur est s\u00e9lectionn\u00e9 pour s\u2019adapter \u00e0 vos agents et leurs besoins.<\/td><\/tr><tr><td class=\"has-text-align-center\" data-align=\"center\">Vous <strong>choisissez le p\u00e9rim\u00e8tre et la profondeur de prestation<\/strong> selon l\u2019\u00e9quilibre budget \/ efficacit\u00e9 souhait\u00e9<\/td><td class=\"has-text-align-center\" data-align=\"center\">Vous b\u00e9n\u00e9ficiez de <strong>la formation sur-mesure<\/strong> qui vous convient.<br>Nos ing\u00e9nieurs p\u00e9dagogiques prennent en compte votre cadrage pour d\u00e9finir la prestation la plus efficiente.<\/td><\/tr><\/tbody><\/table><\/figure>\n\n\n\n<h2>Besoin d&rsquo;adapter une formation inter pour vos collaborateurs ? Optez pour l&rsquo;intra-entreprise !<\/h2>\n\n\n<hr class=\"separator separator--center separator--line has-white-separator-color separator--thickness-1 separator--md\"\/>\n\n<hr class=\"separator separator--center separator--line has-white-separator-color separator--thickness-1 separator--md\"\/>\n\n\n<p class=\"has-medium-font-size\">Toutes les formations de notre catalogue sont adaptables en intra-entreprise :<br>&#8211; Selon vos probl\u00e9matiques et objectifs<br>&#8211; Avec des exemples et cas pratiques de votre choix<br>&#8211; A la date et lieu de votre choix<\/p>\n\n<\/div><\/div>","protected":false},"excerpt":{"rendered":"","protected":false},"author":5,"featured_media":0,"parent":0,"menu_order":0,"comment_status":"closed","ping_status":"closed","template":"","meta":[],"yoast_head":"<!-- This site is optimized with the Yoast SEO plugin v18.9 - https:\/\/yoast.com\/wordpress\/plugins\/seo\/ -->\n<title>Intra-entreprise et Sur mesure - Formation Gazette<\/title>\n<meta name=\"robots\" content=\"index, follow, max-snippet:-1, max-image-preview:large, max-video-preview:-1\" \/>\n<link rel=\"canonical\" href=\"https:\/\/evenements.infopro-digital.com\/gazette-des-communes\/actu-formations\/intra-entreprise-et-sur-mesure\/\" \/>\n<meta property=\"og:locale\" content=\"fr_FR\" \/>\n<meta property=\"og:type\" content=\"article\" \/>\n<meta property=\"og:title\" content=\"Intra-entreprise et Sur mesure - Formation Gazette\" \/>\n<meta property=\"og:url\" content=\"https:\/\/evenements.infopro-digital.com\/gazette-des-communes\/actu-formations\/intra-entreprise-et-sur-mesure\/\" \/>\n<meta property=\"og:site_name\" content=\"Formation Gazette\" \/>\n<meta property=\"article:modified_time\" content=\"2022-05-19T15:27:08+00:00\" \/>\n<meta name=\"twitter:card\" content=\"summary_large_image\" \/>\n<meta name=\"twitter:label1\" content=\"Est. reading time\" \/>\n\t<meta name=\"twitter:data1\" content=\"1 minute\" \/>\n<script type=\"application\/ld+json\" class=\"yoast-schema-graph\">{\"@context\":\"https:\/\/schema.org\",\"@graph\":[{\"@type\":\"WebSite\",\"@id\":\"https:\/\/evenements.infopro-digital.com\/gazette-des-communes\/actu-formations\/#website\",\"url\":\"https:\/\/evenements.infopro-digital.com\/gazette-des-communes\/actu-formations\/\",\"name\":\"Formation Gazette\",\"description\":\"Un site utilisant Les sites de Formation argus\",\"potentialAction\":[{\"@type\":\"SearchAction\",\"target\":{\"@type\":\"EntryPoint\",\"urlTemplate\":\"https:\/\/evenements.infopro-digital.com\/gazette-des-communes\/actu-formations\/?s={search_term_string}\"},\"query-input\":\"required name=search_term_string\"}],\"inLanguage\":\"fr-FR\"},{\"@type\":\"WebPage\",\"@id\":\"https:\/\/evenements.infopro-digital.com\/gazette-des-communes\/actu-formations\/intra-entreprise-et-sur-mesure\/#webpage\",\"url\":\"https:\/\/evenements.infopro-digital.com\/gazette-des-communes\/actu-formations\/intra-entreprise-et-sur-mesure\/\",\"name\":\"Intra-entreprise et Sur mesure - Formation Gazette\",\"isPartOf\":{\"@id\":\"https:\/\/evenements.infopro-digital.com\/gazette-des-communes\/actu-formations\/#website\"},\"datePublished\":\"2022-04-12T13:18:07+00:00\",\"dateModified\":\"2022-05-19T15:27:08+00:00\",\"breadcrumb\":{\"@id\":\"https:\/\/evenements.infopro-digital.com\/gazette-des-communes\/actu-formations\/intra-entreprise-et-sur-mesure\/#breadcrumb\"},\"inLanguage\":\"fr-FR\",\"potentialAction\":[{\"@type\":\"ReadAction\",\"target\":[\"https:\/\/evenements.infopro-digital.com\/gazette-des-communes\/actu-formations\/intra-entreprise-et-sur-mesure\/\"]}]},{\"@type\":\"BreadcrumbList\",\"@id\":\"https:\/\/evenements.infopro-digital.com\/gazette-des-communes\/actu-formations\/intra-entreprise-et-sur-mesure\/#breadcrumb\",\"itemListElement\":[{\"@type\":\"ListItem\",\"position\":1,\"name\":\"Accueil\",\"item\":\"https:\/\/evenements.infopro-digital.com\/gazette-des-communes\/actu-formations\/\"},{\"@type\":\"ListItem\",\"position\":2,\"name\":\"Intra-entreprise et Sur mesure\"}]}]}<\/script>\n<!-- \/ Yoast SEO plugin. -->","yoast_head_json":{"title":"Intra-entreprise et Sur mesure - Formation Gazette","robots":{"index":"index","follow":"follow","max-snippet":"max-snippet:-1","max-image-preview":"max-image-preview:large","max-video-preview":"max-video-preview:-1"},"canonical":"https:\/\/evenements.infopro-digital.com\/gazette-des-communes\/actu-formations\/intra-entreprise-et-sur-mesure\/","og_locale":"fr_FR","og_type":"article","og_title":"Intra-entreprise et Sur mesure - Formation Gazette","og_url":"https:\/\/evenements.infopro-digital.com\/gazette-des-communes\/actu-formations\/intra-entreprise-et-sur-mesure\/","og_site_name":"Formation Gazette","article_modified_time":"2022-05-19T15:27:08+00:00","twitter_card":"summary_large_image","twitter_misc":{"Est. reading time":"1 minute"},"schema":{"@context":"https:\/\/schema.org","@graph":[{"@type":"WebSite","@id":"https:\/\/evenements.infopro-digital.com\/gazette-des-communes\/actu-formations\/#website","url":"https:\/\/evenements.infopro-digital.com\/gazette-des-communes\/actu-formations\/","name":"Formation Gazette","description":"Un site utilisant Les sites de Formation argus","potentialAction":[{"@type":"SearchAction","target":{"@type":"EntryPoint","urlTemplate":"https:\/\/evenements.infopro-digital.com\/gazette-des-communes\/actu-formations\/?s={search_term_string}"},"query-input":"required name=search_term_string"}],"inLanguage":"fr-FR"},{"@type":"WebPage","@id":"https:\/\/evenements.infopro-digital.com\/gazette-des-communes\/actu-formations\/intra-entreprise-et-sur-mesure\/#webpage","url":"https:\/\/evenements.infopro-digital.com\/gazette-des-communes\/actu-formations\/intra-entreprise-et-sur-mesure\/","name":"Intra-entreprise et Sur mesure - Formation Gazette","isPartOf":{"@id":"https:\/\/evenements.infopro-digital.com\/gazette-des-communes\/actu-formations\/#website"},"datePublished":"2022-04-12T13:18:07+00:00","dateModified":"2022-05-19T15:27:08+00:00","breadcrumb":{"@id":"https:\/\/evenements.infopro-digital.com\/gazette-des-communes\/actu-formations\/intra-entreprise-et-sur-mesure\/#breadcrumb"},"inLanguage":"fr-FR","potentialAction":[{"@type":"ReadAction","target":["https:\/\/evenements.infopro-digital.com\/gazette-des-communes\/actu-formations\/intra-entreprise-et-sur-mesure\/"]}]},{"@type":"BreadcrumbList","@id":"https:\/\/evenements.infopro-digital.com\/gazette-des-communes\/actu-formations\/intra-entreprise-et-sur-mesure\/#breadcrumb","itemListElement":[{"@type":"ListItem","position":1,"name":"Accueil","item":"https:\/\/evenements.infopro-digital.com\/gazette-des-communes\/actu-formations\/"},{"@type":"ListItem","position":2,"name":"Intra-entreprise et Sur mesure"}]}]}},"_links":{"self":[{"href":"https:\/\/evenements.infopro-digital.com\/gazette-des-communes\/actu-formations\/wp-json\/wp\/v2\/pages\/269"}],"collection":[{"href":"https:\/\/evenements.infopro-digital.com\/gazette-des-communes\/actu-formations\/wp-json\/wp\/v2\/pages"}],"about":[{"href":"https:\/\/evenements.infopro-digital.com\/gazette-des-communes\/actu-formations\/wp-json\/wp\/v2\/types\/page"}],"author":[{"embeddable":true,"href":"https:\/\/evenements.infopro-digital.com\/gazette-des-communes\/actu-formations\/wp-json\/wp\/v2\/users\/5"}],"replies":[{"embeddable":true,"href":"https:\/\/evenements.infopro-digital.com\/gazette-des-communes\/actu-formations\/wp-json\/wp\/v2\/comments?post=269"}],"version-history":[{"count":9,"href":"https:\/\/evenements.infopro-digital.com\/gazette-des-communes\/actu-formations\/wp-json\/wp\/v2\/pages\/269\/revisions"}],"predecessor-version":[{"id":536,"href":"https:\/\/evenements.infopro-digital.com\/gazette-des-communes\/actu-formations\/wp-json\/wp\/v2\/pages\/269\/revisions\/536"}],"wp:attachment":[{"href":"https:\/\/evenements.infopro-digital.com\/gazette-des-communes\/actu-formations\/wp-json\/wp\/v2\/media?parent=269"}],"curies":[{"name":"wp","href":"https:\/\/api.w.org\/{rel}","templated":true}]}}