{"id":601,"date":"2023-03-03T17:02:43","date_gmt":"2023-03-03T16:02:43","guid":{"rendered":"https:\/\/evenements.infopro-digital.com\/argus\/actu-formations\/?page_id=601"},"modified":"2023-03-07T17:35:08","modified_gmt":"2023-03-07T16:35:08","slug":"prise-en-charge-des-situations-de-handicap","status":"publish","type":"page","link":"https:\/\/evenements.infopro-digital.com\/argus\/actu-formations\/prise-en-charge-des-situations-de-handicap\/","title":{"rendered":"Situations de handicap : prise en charge"},"content":{"rendered":"<div  class=\"strate alignfull has-background-color-opacity-100\" style=\" background-position: 50% 50%;\"><div class=\"centrage\">\n\n<p><\/p>\n\n\n<hr class=\"separator separator--center separator--line has-white-separator-color separator--thickness-1 separator--md\"\/>\n\n<section style=\"\" class=\"media-text       media-text--img-30 aligncenter media-text--content-align-vertical-middle media-text--media-align-vertical-middle   media-text--img-cover\" ><div class=\"centrage media-text__layout\"><figure class=\"media-text__media\" style=\"background-image: url(https:\/\/evenements.infopro-digital.com\/argus\/actu-formations\/\/app\/uploads\/2023\/03\/Page-handicap.png); background-position: 50% 50%; \"><img loading=\"lazy\" src=\"https:\/\/evenements.infopro-digital.com\/argus\/actu-formations\/\/app\/uploads\/2023\/03\/Page-handicap.png\" width=\"700\" height=\"500\" alt=\"\" style=\"\" \/><\/figure><div class=\"media-text__content\">\n\n<p>L\u2019Argus de l\u2019assurance formations est tr\u00e8s sensible aux politiques en faveur de l\u2019emploi des personnes en situation d\u2019handicap.<\/p>\n\n\n\n<p>En tant qu\u2019acteur de la formation, ces actions vont au-del\u00e0 du catalogue propos\u00e9. Nous nous engageons \u00e0 garantir un bon accompagnement et faciliter l&rsquo;acc\u00e8s \u00e0 la formation \u00e0 des publics en situation d\u2019handicap.<\/p>\n\n<\/div><\/div><\/section>\n\n<hr class=\"separator separator--center separator--line has-white-separator-color separator--thickness-1 separator--md\"\/>\n\n\n<h3 class=\"has-text-align-center\"><strong>L&rsquo;Argus fait de l&rsquo;accueil des personnes en situation de handicap une priorit\u00e9<\/strong><\/h3>\n\n\n\n<p>Plusieurs actions sont men\u00e9es par les Formations de l&rsquo;Argus de l&rsquo;assurance afin de garantir l\u2019accueil des personnes en situation de handicap\u00a0:<\/p>\n\n\n\n<ul><li>Le r\u00e9f\u00e9rent Handicap de l\u2019organisme de formation est en contact avec le r\u00e9seau des r\u00e9f\u00e9rents Handicap du groupe permettant l\u2019analyse des besoins en \u00e9quipements et les am\u00e9nagements de postes.<\/li><li>Nos salles de formation r\u00e9pondent aux normes \u00e9lectriques, aux normes d&rsquo;hygi\u00e8ne et s\u00e9curit\u00e9 et aux normes d&rsquo;accessibilit\u00e9 des travailleurs avec un handicap.<\/li><li>Toutes nos salles de formation ont un acc\u00e8s PMR.<\/li><li>Nous cherchons syst\u00e9matiquement une solution pour accueillir les personnes en situation de handicap et ce, quelle que soit la forme du handicap (auditif, visuel, moteur\u2026). Contactez le r\u00e9f\u00e9rent handicap pour en savoir plus.<\/li><li>Conform\u00e9ment \u00e0 l\u2019accord handicap groupe, nous tissons des liens de plus en plus forts avec des soci\u00e9t\u00e9s sp\u00e9cialis\u00e9es dans la formation et dans l&rsquo;accompagnement adapt\u00e9 aux personnes en situation de handicap.<\/li><li>Si vous en faites la demande, nous pouvons utiliser des \u00e9crans de grandes tailles et disposer d&rsquo;affichages en gros caract\u00e8res pour les personnes d\u00e9ficientes visuelles.<\/li><li>Pour certains programmes avec \u00e9preuves \u00e0 passer, nous pouvons accorder un d\u00e9lai suppl\u00e9mentaire.<\/li><\/ul>\n\n\n<hr class=\"separator separator--center separator--line has-white-separator-color separator--thickness-1 separator--md\"\/>\n\n\n<h3 class=\"has-text-align-center\">Notre politique pour faciliter l\u2019acc\u00e8s et les d\u00e9placements<\/h3>\n\n\n\n<p>Nos centres de formation r\u00e9pondent aux normes&nbsp;PMR et garantissent ainsi l\u2019acc\u00e8s aux personnes \u00e0 mobilit\u00e9 r\u00e9duite (ascenseurs, taille des lieux de passages, acc\u00e8s aux sanitaires, salles de pauses, salles de formation).<\/p>\n\n\n\n<p>Lors de la s\u00e9lection de nos locations de salles ext\u00e9rieures, nous nous assurons qu\u2019elles soient facilement accessibles en transports en commun et qu\u2019elles offrent aux alentours des commerces et services.<\/p>\n\n\n<hr class=\"separator separator--center separator--line has-white-separator-color separator--thickness-1 separator--md\"\/>\n\n\n<h3 class=\"has-text-align-center\">Echanger sur votre handicap avec notre \u00e9quipe r\u00e9f\u00e9rente pour pr\u00e9parer votre formation<\/h3>\n\n\n\n<p>Pour toute demande de prise en charge particuli\u00e8re de votre handicap, n\u2019h\u00e9sitez pas \u00e0 nous contacter \u00e0 l\u2019adresse mail&nbsp;: <a href=\"bWFpbHRvOmZvcm1hdGlvbnNAYXJndXNkZWxhc3N1cmFuY2UuY29t\" data-protectedlink=\"1\">formations@argusdelassurance.com<\/a> au moins 4 semaines avant le d\u00e9but de la date souhait\u00e9e de formation pour que l\u2019on puisse prendre les dispositions n\u00e9cessaires et ad\u00e9quates.<\/p>\n\n<\/div><\/div>","protected":false},"excerpt":{"rendered":"","protected":false},"author":8,"featured_media":0,"parent":0,"menu_order":0,"comment_status":"closed","ping_status":"closed","template":"","meta":[],"yoast_head":"<!-- This site is optimized with the Yoast SEO plugin v18.9 - https:\/\/yoast.com\/wordpress\/plugins\/seo\/ -->\n<title>Situations de handicap : prise en charge - Formation argus<\/title>\n<meta name=\"robots\" content=\"index, follow, max-snippet:-1, max-image-preview:large, max-video-preview:-1\" \/>\n<link rel=\"canonical\" href=\"https:\/\/evenements.infopro-digital.com\/argus\/actu-formations\/prise-en-charge-des-situations-de-handicap\/\" \/>\n<meta property=\"og:locale\" content=\"fr_FR\" \/>\n<meta property=\"og:type\" content=\"article\" \/>\n<meta property=\"og:title\" content=\"Situations de handicap : prise en charge - Formation argus\" \/>\n<meta property=\"og:url\" content=\"https:\/\/evenements.infopro-digital.com\/argus\/actu-formations\/prise-en-charge-des-situations-de-handicap\/\" \/>\n<meta property=\"og:site_name\" content=\"Formation argus\" \/>\n<meta property=\"article:modified_time\" content=\"2023-03-07T16:35:08+00:00\" \/>\n<meta name=\"twitter:card\" content=\"summary_large_image\" \/>\n<meta name=\"twitter:label1\" content=\"Est. reading time\" \/>\n\t<meta name=\"twitter:data1\" content=\"2 minutes\" \/>\n<script type=\"application\/ld+json\" class=\"yoast-schema-graph\">{\"@context\":\"https:\/\/schema.org\",\"@graph\":[{\"@type\":\"WebSite\",\"@id\":\"https:\/\/evenements.infopro-digital.com\/argus\/actu-formations\/#website\",\"url\":\"https:\/\/evenements.infopro-digital.com\/argus\/actu-formations\/\",\"name\":\"Formation argus\",\"description\":\"Un site utilisant WordPress\",\"potentialAction\":[{\"@type\":\"SearchAction\",\"target\":{\"@type\":\"EntryPoint\",\"urlTemplate\":\"https:\/\/evenements.infopro-digital.com\/argus\/actu-formations\/?s={search_term_string}\"},\"query-input\":\"required name=search_term_string\"}],\"inLanguage\":\"fr-FR\"},{\"@type\":\"WebPage\",\"@id\":\"https:\/\/evenements.infopro-digital.com\/argus\/actu-formations\/prise-en-charge-des-situations-de-handicap\/#webpage\",\"url\":\"https:\/\/evenements.infopro-digital.com\/argus\/actu-formations\/prise-en-charge-des-situations-de-handicap\/\",\"name\":\"Situations de handicap : prise en charge - Formation argus\",\"isPartOf\":{\"@id\":\"https:\/\/evenements.infopro-digital.com\/argus\/actu-formations\/#website\"},\"datePublished\":\"2023-03-03T16:02:43+00:00\",\"dateModified\":\"2023-03-07T16:35:08+00:00\",\"breadcrumb\":{\"@id\":\"https:\/\/evenements.infopro-digital.com\/argus\/actu-formations\/prise-en-charge-des-situations-de-handicap\/#breadcrumb\"},\"inLanguage\":\"fr-FR\",\"potentialAction\":[{\"@type\":\"ReadAction\",\"target\":[\"https:\/\/evenements.infopro-digital.com\/argus\/actu-formations\/prise-en-charge-des-situations-de-handicap\/\"]}]},{\"@type\":\"BreadcrumbList\",\"@id\":\"https:\/\/evenements.infopro-digital.com\/argus\/actu-formations\/prise-en-charge-des-situations-de-handicap\/#breadcrumb\",\"itemListElement\":[{\"@type\":\"ListItem\",\"position\":1,\"name\":\"Accueil\",\"item\":\"https:\/\/evenements.infopro-digital.com\/argus\/actu-formations\/\"},{\"@type\":\"ListItem\",\"position\":2,\"name\":\"Situations de handicap : prise en charge\"}]}]}<\/script>\n<!-- \/ Yoast SEO plugin. -->","yoast_head_json":{"title":"Situations de handicap : prise en charge - Formation argus","robots":{"index":"index","follow":"follow","max-snippet":"max-snippet:-1","max-image-preview":"max-image-preview:large","max-video-preview":"max-video-preview:-1"},"canonical":"https:\/\/evenements.infopro-digital.com\/argus\/actu-formations\/prise-en-charge-des-situations-de-handicap\/","og_locale":"fr_FR","og_type":"article","og_title":"Situations de handicap : prise en charge - Formation argus","og_url":"https:\/\/evenements.infopro-digital.com\/argus\/actu-formations\/prise-en-charge-des-situations-de-handicap\/","og_site_name":"Formation argus","article_modified_time":"2023-03-07T16:35:08+00:00","twitter_card":"summary_large_image","twitter_misc":{"Est. reading time":"2 minutes"},"schema":{"@context":"https:\/\/schema.org","@graph":[{"@type":"WebSite","@id":"https:\/\/evenements.infopro-digital.com\/argus\/actu-formations\/#website","url":"https:\/\/evenements.infopro-digital.com\/argus\/actu-formations\/","name":"Formation argus","description":"Un site utilisant WordPress","potentialAction":[{"@type":"SearchAction","target":{"@type":"EntryPoint","urlTemplate":"https:\/\/evenements.infopro-digital.com\/argus\/actu-formations\/?s={search_term_string}"},"query-input":"required name=search_term_string"}],"inLanguage":"fr-FR"},{"@type":"WebPage","@id":"https:\/\/evenements.infopro-digital.com\/argus\/actu-formations\/prise-en-charge-des-situations-de-handicap\/#webpage","url":"https:\/\/evenements.infopro-digital.com\/argus\/actu-formations\/prise-en-charge-des-situations-de-handicap\/","name":"Situations de handicap : prise en charge - Formation argus","isPartOf":{"@id":"https:\/\/evenements.infopro-digital.com\/argus\/actu-formations\/#website"},"datePublished":"2023-03-03T16:02:43+00:00","dateModified":"2023-03-07T16:35:08+00:00","breadcrumb":{"@id":"https:\/\/evenements.infopro-digital.com\/argus\/actu-formations\/prise-en-charge-des-situations-de-handicap\/#breadcrumb"},"inLanguage":"fr-FR","potentialAction":[{"@type":"ReadAction","target":["https:\/\/evenements.infopro-digital.com\/argus\/actu-formations\/prise-en-charge-des-situations-de-handicap\/"]}]},{"@type":"BreadcrumbList","@id":"https:\/\/evenements.infopro-digital.com\/argus\/actu-formations\/prise-en-charge-des-situations-de-handicap\/#breadcrumb","itemListElement":[{"@type":"ListItem","position":1,"name":"Accueil","item":"https:\/\/evenements.infopro-digital.com\/argus\/actu-formations\/"},{"@type":"ListItem","position":2,"name":"Situations de handicap : prise en charge"}]}]}},"_links":{"self":[{"href":"https:\/\/evenements.infopro-digital.com\/argus\/actu-formations\/wp-json\/wp\/v2\/pages\/601"}],"collection":[{"href":"https:\/\/evenements.infopro-digital.com\/argus\/actu-formations\/wp-json\/wp\/v2\/pages"}],"about":[{"href":"https:\/\/evenements.infopro-digital.com\/argus\/actu-formations\/wp-json\/wp\/v2\/types\/page"}],"author":[{"embeddable":true,"href":"https:\/\/evenements.infopro-digital.com\/argus\/actu-formations\/wp-json\/wp\/v2\/users\/8"}],"replies":[{"embeddable":true,"href":"https:\/\/evenements.infopro-digital.com\/argus\/actu-formations\/wp-json\/wp\/v2\/comments?post=601"}],"version-history":[{"count":5,"href":"https:\/\/evenements.infopro-digital.com\/argus\/actu-formations\/wp-json\/wp\/v2\/pages\/601\/revisions"}],"predecessor-version":[{"id":610,"href":"https:\/\/evenements.infopro-digital.com\/argus\/actu-formations\/wp-json\/wp\/v2\/pages\/601\/revisions\/610"}],"wp:attachment":[{"href":"https:\/\/evenements.infopro-digital.com\/argus\/actu-formations\/wp-json\/wp\/v2\/media?parent=601"}],"curies":[{"name":"wp","href":"https:\/\/api.w.org\/{rel}","templated":true}]}}