{"id":454,"date":"2022-06-15T16:39:13","date_gmt":"2022-06-15T14:39:13","guid":{"rendered":"https:\/\/evenements.infopro-digital.com\/argus\/actu-formations\/?page_id=454"},"modified":"2026-03-17T10:15:37","modified_gmt":"2026-03-17T09:15:37","slug":"concernee-par-la-dda","status":"publish","type":"page","link":"https:\/\/evenements.infopro-digital.com\/argus\/actu-formations\/concernee-par-la-dda\/","title":{"rendered":"Formations \u00e9ligibles DDA"},"content":{"rendered":"<div  class=\"strate alignfull has-background-color-opacity-100\" style=\" background-position: 50% 50%;\"><div class=\"centrage\">\n\n<p><\/p>\n\n\n\n<h3 class=\"has-text-align-center\">Vous, ou vos \u00e9quipes, \u00eates concern\u00e9(e)s par l&rsquo;obligation de formation DDA ?<\/h3>\n\n\n<hr class=\"separator separator--center separator--line has-white-separator-color separator--thickness-1 separator--md\"\/>\n\n<section style=\"\" class=\"media-text       media-text--img-30 aligncenter media-text--content-align-vertical-middle media-text--media-align-vertical-middle   media-text--img-cover\" ><div class=\"centrage media-text__layout\"><figure class=\"media-text__media\" style=\"background-image: url(https:\/\/evenements.infopro-digital.com\/argus\/actu-formations\/\/app\/uploads\/2022\/06\/DDA.png); background-position: 50% 50%; \"><img loading=\"lazy\" src=\"https:\/\/evenements.infopro-digital.com\/argus\/actu-formations\/\/app\/uploads\/2022\/06\/DDA.png\" width=\"1000\" height=\"700\" alt=\"\" style=\"\" \/><\/figure><div class=\"media-text__content\">\n\n<p class=\"has-medium-font-size\">L&rsquo;Argus de l&rsquo;assurance organise des sessions de formation \u00e9ligibles DDA toute l&rsquo;ann\u00e9e,&nbsp;en pr\u00e9sentiel, classe virtuelle ou en e-learning,&nbsp;sur de multiples th\u00e8mes.<\/p>\n\n\n\n<p class=\"has-medium-font-size\">D\u00e9couvrez nos solutions afin de vous mettre d\u00e8s \u00e0 pr\u00e9sent en conformit\u00e9. <\/p>\n\n<\/div><\/div><\/section>\n\n<hr class=\"separator separator--center separator--line has-white-separator-color separator--thickness-1 separator--md\"\/>\n\n\n<h3 class=\"has-text-align-center\">Vous souhaitez r\u00e9aliser 15 heures ou plus de formation ?<\/h3>\n\n\n\n<p class=\"has-medium-font-size\">Optez pour VisaDDA pour vous former en e-learning en illimit\u00e9 jusqu&rsquo;\u00e0 la fin de l&rsquo;ann\u00e9e ou pour une <a href=\"https:\/\/evenements.infopro-digital.com\/argus\/actu-formations\/intra-entreprise-et-sur-mesure\/\">formation intra-entreprise sur mesure<\/a>.<\/p>\n\n\n<hr class=\"separator separator--center separator--line has-white-separator-color separator--thickness-1 separator--md\"\/>\n\n\n<h3 class=\"has-text-align-center\">Vous souhaitez r\u00e9aliser moins de 15 heures de formation ?<\/h3>\n\n\n\n<p class=\"has-medium-font-size\">Nous vous proposons + de 80 formations en pr\u00e9sentiel, classe virtuelle ou e-learning, d\u2019une dur\u00e9e de 1 heure \u00e0 14 heures, sur des th\u00e9matiques vari\u00e9es telles que l\u2019assurance dommages, les assurances de personnes ou la r\u00e9glementation.<\/p>\n\n\n<hr class=\"separator separator--center separator--line has-white-separator-color separator--thickness-1 separator--md\"\/>\n\n<div class=\"bttn-align-center\"><a href=\"https:\/\/evenements.infopro-digital.com\/argus\/sommaire-thematique\/dda-t-3130#?xtor=AD-603\/\" target=\"_blank\" class=\"bttn bttn--min-width bttn--icon-left bttn--icon  bttn--big\"><span class=\"bttn__cont-label-icon\"><svg role=\"img\" aria-hidden=\"true\" viewBox=\"0 0 16 16\"><use href=\"#icon-double-fleche-droite\" class=\"icon__unicolor\" \/><\/svg><span class=\"bttn__label\">Voir toutes nos formations \u00e9ligibles DDA<\/span><\/span><\/a><\/div>\n<\/div><\/div>","protected":false},"excerpt":{"rendered":"","protected":false},"author":5,"featured_media":0,"parent":0,"menu_order":0,"comment_status":"closed","ping_status":"closed","template":"","meta":[],"yoast_head":"<!-- This site is optimized with the Yoast SEO plugin v18.9 - https:\/\/yoast.com\/wordpress\/plugins\/seo\/ -->\n<title>Formations \u00e9ligibles DDA - Formation argus<\/title>\n<meta name=\"robots\" content=\"index, follow, max-snippet:-1, max-image-preview:large, max-video-preview:-1\" \/>\n<link rel=\"canonical\" href=\"https:\/\/evenements.infopro-digital.com\/argus\/actu-formations\/concernee-par-la-dda\/\" \/>\n<meta property=\"og:locale\" content=\"fr_FR\" \/>\n<meta property=\"og:type\" content=\"article\" \/>\n<meta property=\"og:title\" content=\"Formations \u00e9ligibles DDA - Formation argus\" \/>\n<meta property=\"og:url\" content=\"https:\/\/evenements.infopro-digital.com\/argus\/actu-formations\/concernee-par-la-dda\/\" \/>\n<meta property=\"og:site_name\" content=\"Formation argus\" \/>\n<meta property=\"article:modified_time\" content=\"2026-03-17T09:15:37+00:00\" \/>\n<meta name=\"twitter:card\" content=\"summary_large_image\" \/>\n<meta name=\"twitter:label1\" content=\"Est. reading time\" \/>\n\t<meta name=\"twitter:data1\" content=\"1 minute\" \/>\n<script type=\"application\/ld+json\" class=\"yoast-schema-graph\">{\"@context\":\"https:\/\/schema.org\",\"@graph\":[{\"@type\":\"WebSite\",\"@id\":\"https:\/\/evenements.infopro-digital.com\/argus\/actu-formations\/#website\",\"url\":\"https:\/\/evenements.infopro-digital.com\/argus\/actu-formations\/\",\"name\":\"Formation argus\",\"description\":\"Un site utilisant WordPress\",\"potentialAction\":[{\"@type\":\"SearchAction\",\"target\":{\"@type\":\"EntryPoint\",\"urlTemplate\":\"https:\/\/evenements.infopro-digital.com\/argus\/actu-formations\/?s={search_term_string}\"},\"query-input\":\"required name=search_term_string\"}],\"inLanguage\":\"fr-FR\"},{\"@type\":\"WebPage\",\"@id\":\"https:\/\/evenements.infopro-digital.com\/argus\/actu-formations\/concernee-par-la-dda\/#webpage\",\"url\":\"https:\/\/evenements.infopro-digital.com\/argus\/actu-formations\/concernee-par-la-dda\/\",\"name\":\"Formations \u00e9ligibles DDA - Formation argus\",\"isPartOf\":{\"@id\":\"https:\/\/evenements.infopro-digital.com\/argus\/actu-formations\/#website\"},\"datePublished\":\"2022-06-15T14:39:13+00:00\",\"dateModified\":\"2026-03-17T09:15:37+00:00\",\"breadcrumb\":{\"@id\":\"https:\/\/evenements.infopro-digital.com\/argus\/actu-formations\/concernee-par-la-dda\/#breadcrumb\"},\"inLanguage\":\"fr-FR\",\"potentialAction\":[{\"@type\":\"ReadAction\",\"target\":[\"https:\/\/evenements.infopro-digital.com\/argus\/actu-formations\/concernee-par-la-dda\/\"]}]},{\"@type\":\"BreadcrumbList\",\"@id\":\"https:\/\/evenements.infopro-digital.com\/argus\/actu-formations\/concernee-par-la-dda\/#breadcrumb\",\"itemListElement\":[{\"@type\":\"ListItem\",\"position\":1,\"name\":\"Accueil\",\"item\":\"https:\/\/evenements.infopro-digital.com\/argus\/actu-formations\/\"},{\"@type\":\"ListItem\",\"position\":2,\"name\":\"Formations \u00e9ligibles DDA\"}]}]}<\/script>\n<!-- \/ Yoast SEO plugin. -->","yoast_head_json":{"title":"Formations \u00e9ligibles DDA - Formation argus","robots":{"index":"index","follow":"follow","max-snippet":"max-snippet:-1","max-image-preview":"max-image-preview:large","max-video-preview":"max-video-preview:-1"},"canonical":"https:\/\/evenements.infopro-digital.com\/argus\/actu-formations\/concernee-par-la-dda\/","og_locale":"fr_FR","og_type":"article","og_title":"Formations \u00e9ligibles DDA - Formation argus","og_url":"https:\/\/evenements.infopro-digital.com\/argus\/actu-formations\/concernee-par-la-dda\/","og_site_name":"Formation argus","article_modified_time":"2026-03-17T09:15:37+00:00","twitter_card":"summary_large_image","twitter_misc":{"Est. reading time":"1 minute"},"schema":{"@context":"https:\/\/schema.org","@graph":[{"@type":"WebSite","@id":"https:\/\/evenements.infopro-digital.com\/argus\/actu-formations\/#website","url":"https:\/\/evenements.infopro-digital.com\/argus\/actu-formations\/","name":"Formation argus","description":"Un site utilisant WordPress","potentialAction":[{"@type":"SearchAction","target":{"@type":"EntryPoint","urlTemplate":"https:\/\/evenements.infopro-digital.com\/argus\/actu-formations\/?s={search_term_string}"},"query-input":"required name=search_term_string"}],"inLanguage":"fr-FR"},{"@type":"WebPage","@id":"https:\/\/evenements.infopro-digital.com\/argus\/actu-formations\/concernee-par-la-dda\/#webpage","url":"https:\/\/evenements.infopro-digital.com\/argus\/actu-formations\/concernee-par-la-dda\/","name":"Formations \u00e9ligibles DDA - Formation argus","isPartOf":{"@id":"https:\/\/evenements.infopro-digital.com\/argus\/actu-formations\/#website"},"datePublished":"2022-06-15T14:39:13+00:00","dateModified":"2026-03-17T09:15:37+00:00","breadcrumb":{"@id":"https:\/\/evenements.infopro-digital.com\/argus\/actu-formations\/concernee-par-la-dda\/#breadcrumb"},"inLanguage":"fr-FR","potentialAction":[{"@type":"ReadAction","target":["https:\/\/evenements.infopro-digital.com\/argus\/actu-formations\/concernee-par-la-dda\/"]}]},{"@type":"BreadcrumbList","@id":"https:\/\/evenements.infopro-digital.com\/argus\/actu-formations\/concernee-par-la-dda\/#breadcrumb","itemListElement":[{"@type":"ListItem","position":1,"name":"Accueil","item":"https:\/\/evenements.infopro-digital.com\/argus\/actu-formations\/"},{"@type":"ListItem","position":2,"name":"Formations \u00e9ligibles DDA"}]}]}},"_links":{"self":[{"href":"https:\/\/evenements.infopro-digital.com\/argus\/actu-formations\/wp-json\/wp\/v2\/pages\/454"}],"collection":[{"href":"https:\/\/evenements.infopro-digital.com\/argus\/actu-formations\/wp-json\/wp\/v2\/pages"}],"about":[{"href":"https:\/\/evenements.infopro-digital.com\/argus\/actu-formations\/wp-json\/wp\/v2\/types\/page"}],"author":[{"embeddable":true,"href":"https:\/\/evenements.infopro-digital.com\/argus\/actu-formations\/wp-json\/wp\/v2\/users\/5"}],"replies":[{"embeddable":true,"href":"https:\/\/evenements.infopro-digital.com\/argus\/actu-formations\/wp-json\/wp\/v2\/comments?post=454"}],"version-history":[{"count":17,"href":"https:\/\/evenements.infopro-digital.com\/argus\/actu-formations\/wp-json\/wp\/v2\/pages\/454\/revisions"}],"predecessor-version":[{"id":970,"href":"https:\/\/evenements.infopro-digital.com\/argus\/actu-formations\/wp-json\/wp\/v2\/pages\/454\/revisions\/970"}],"wp:attachment":[{"href":"https:\/\/evenements.infopro-digital.com\/argus\/actu-formations\/wp-json\/wp\/v2\/media?parent=454"}],"curies":[{"name":"wp","href":"https:\/\/api.w.org\/{rel}","templated":true}]}}