{"id":2,"date":"2022-03-22T09:33:52","date_gmt":"2022-03-22T08:33:52","guid":{"rendered":"https:\/\/evenements.infopro-digital.com\/argus\/actu-formations\/?page_id=2"},"modified":"2025-10-29T14:11:54","modified_gmt":"2025-10-29T13:11:54","slug":"accueil","status":"publish","type":"page","link":"https:\/\/evenements.infopro-digital.com\/argus\/actu-formations\/","title":{"rendered":"Accueil"},"content":{"rendered":"\n<div class=\"wp-block-cover has-background-dim\"><img loading=\"lazy\" width=\"1644\" height=\"927\" class=\"wp-block-cover__image-background wp-image-232\" alt=\"\" src=\"https:\/\/evenements.infopro-digital.com\/argus\/actu-formations\/\/app\/uploads\/2022\/04\/fond_argus_1-1.jpg\" data-object-fit=\"cover\" srcset=\"https:\/\/evenements.infopro-digital.com\/argus\/actu-formations\/\/app\/uploads\/2022\/04\/fond_argus_1-1.jpg 1644w, https:\/\/evenements.infopro-digital.com\/argus\/actu-formations\/\/app\/uploads\/2022\/04\/fond_argus_1-1-300x169.jpg 300w, https:\/\/evenements.infopro-digital.com\/argus\/actu-formations\/\/app\/uploads\/2022\/04\/fond_argus_1-1-1024x577.jpg 1024w, https:\/\/evenements.infopro-digital.com\/argus\/actu-formations\/\/app\/uploads\/2022\/04\/fond_argus_1-1-768x433.jpg 768w, https:\/\/evenements.infopro-digital.com\/argus\/actu-formations\/\/app\/uploads\/2022\/04\/fond_argus_1-1-1536x866.jpg 1536w, https:\/\/evenements.infopro-digital.com\/argus\/actu-formations\/\/app\/uploads\/2022\/04\/fond_argus_1-1-1200x677.jpg 1200w, https:\/\/evenements.infopro-digital.com\/argus\/actu-formations\/\/app\/uploads\/2022\/04\/fond_argus_1-1-800x451.jpg 800w, https:\/\/evenements.infopro-digital.com\/argus\/actu-formations\/\/app\/uploads\/2022\/04\/fond_argus_1-1-400x226.jpg 400w\" sizes=\"(max-width: 1644px) 100vw, 1644px\" \/><div class=\"wp-block-cover__inner-container\"><div  class=\"strate alignfull has-background-color-opacity-100\" style=\" background-position: 50% 50%;\"><div class=\"centrage\">\n\n<div class=\"has-2-columns wp-block-columns are-vertically-aligned-center\">\n<div class=\" wp-block-column is-vertically-aligned-center\">\n<p class=\"has-text-align-center has-large-font-size\">Faites confiance \u00e0 l&rsquo;expertise de<\/p>\n\n\n\n<div class=\"wp-block-image\"><figure class=\"aligncenter size-large is-resized\"><img loading=\"lazy\" src=\"https:\/\/evenements.infopro-digital.com\/argus\/actu-formations\/\/app\/uploads\/2022\/04\/Logo-argus-blanc.png\" alt=\"\" width=\"236\" height=\"176\" \/><\/figure><\/div>\n\n\n\n<p class=\"has-text-align-center has-large-font-size\">pour vous former<\/p>\n<\/div>\n\n\n\n<div class=\" wp-block-column is-vertically-aligned-center\">\n<div class=\"wp-block-image\"><figure class=\"aligncenter size-large\"><img loading=\"lazy\" width=\"760\" height=\"1024\" src=\"https:\/\/evenements.infopro-digital.com\/argus\/actu-formations\/\/app\/uploads\/2025\/10\/Argus-Catalogue-Formations-2026-760x1024.jpg\" alt=\"\" class=\"wp-image-882\" srcset=\"https:\/\/evenements.infopro-digital.com\/argus\/actu-formations\/\/app\/uploads\/2025\/10\/Argus-Catalogue-Formations-2026-760x1024.jpg 760w, https:\/\/evenements.infopro-digital.com\/argus\/actu-formations\/\/app\/uploads\/2025\/10\/Argus-Catalogue-Formations-2026-223x300.jpg 223w, https:\/\/evenements.infopro-digital.com\/argus\/actu-formations\/\/app\/uploads\/2025\/10\/Argus-Catalogue-Formations-2026-768x1034.jpg 768w, https:\/\/evenements.infopro-digital.com\/argus\/actu-formations\/\/app\/uploads\/2025\/10\/Argus-Catalogue-Formations-2026-800x1077.jpg 800w, https:\/\/evenements.infopro-digital.com\/argus\/actu-formations\/\/app\/uploads\/2025\/10\/Argus-Catalogue-Formations-2026-400x539.jpg 400w, https:\/\/evenements.infopro-digital.com\/argus\/actu-formations\/\/app\/uploads\/2025\/10\/Argus-Catalogue-Formations-2026.jpg 865w\" sizes=\"(max-width: 760px) 100vw, 760px\" \/><\/figure><\/div>\n\n\n<div class=\"bttn-align-center\"><a href=\"https:\/\/evenements.infopro-digital.com\/argus\/actu-formations\/telechargez-le-catalogue-2023-de-largus\/\" target=\"_blank\" class=\"bttn is-style-outline bttn--icon-left bttn--icon has-white-bttn-color bttn--big\"><span class=\"bttn__cont-label-icon\"><svg role=\"img\" aria-hidden=\"true\" viewBox=\"0 0 16 16\"><use href=\"#icon-fichier-telechargement\" class=\"icon__unicolor\" \/><\/svg><span class=\"bttn__label\">T\u00e9l\u00e9charger le catalogue<\/span><\/span><\/a><\/div><\/div>\n<\/div>\n\n<\/div><\/div><\/div><\/div>\n\n\n<div  class=\"strate alignfull has-background-color-opacity-100\" style=\" background-position: 50% 50%;\"><div class=\"centrage\">\n\n<p class=\"has-color-1-color has-text-color has-large-font-size\">Actualit\u00e9s<\/p>\n\n\n<div class=\"has-3-columns wp-block-columns wp-block-columns-shortcode\"><div class=\"wp-block-column\"><section class=\"card-simple has-box-shadow card-simple--equal-height is-lien\" style=\"box-shadow:0px 5px 15px  rgba(0,0,0,0.1);\"><a href=\"https:\/\/evenements.infopro-digital.com\/argus\/actu-formations\/2026\/03\/13\/replay-webinaire-ethique-commerciale-en-assurance-quelles-bonnes-pratiques-mettre-en-oeuvre-pour-maintenir-la-relation-de-confiance-client\/\" class=\"card-simple__wrapper-lien\"><div itemscope itemtype=\"https:\/\/schema.org\/ImageObject\" class=\"card-simple__cont-img card-simple__cont-img--\" style=\"background-image: url(https:\/\/evenements.infopro-digital.com\/argus\/actu-formations\/\/app\/uploads\/2026\/03\/ETHIQUE-1200x682.png)\"><meta itemprop=\"contentUrl\" content=\"https:\/\/evenements.infopro-digital.com\/argus\/actu-formations\/\/app\/uploads\/2026\/03\/ETHIQUE-1200x682.png\"\/><\/div><div class=\"card-simple__cont-infos\"><time class=\"card-simple__date\" datetime=\"2026-03-13T14:14:12+01:00\">13 mars 2026<\/time><h3 class=\"card-simple__titre \">\u00c9thique commerciale en Assurance : quelles bonnes pratiques mettre en \u0153uvre pour maintenir la relation de confiance client ?<\/h3><div class=\"card-simple__content\"><p>\u00c9thique commerciale en Assurance : quelles bonnes pratiques mettre en \u0153uvre pour maintenir la relation de confiance client ?<\/p><\/div><\/div><\/a><\/section><\/div><div class=\"wp-block-column\"><section class=\"card-simple has-box-shadow card-simple--equal-height is-lien\" style=\"box-shadow:0px 5px 15px  rgba(0,0,0,0.1);\"><a href=\"https:\/\/evenements.infopro-digital.com\/argus\/actu-formations\/2026\/02\/20\/replay-webinaire-ia-et-gestion-des-sinistres-dommages-de-lactualite-aux-impacts-operationnels-concrets\/\" class=\"card-simple__wrapper-lien\"><div itemscope itemtype=\"https:\/\/schema.org\/ImageObject\" class=\"card-simple__cont-img card-simple__cont-img--\" style=\"background-image: url(https:\/\/evenements.infopro-digital.com\/argus\/actu-formations\/\/app\/uploads\/2026\/02\/IA_ARGUS-1200x667.png)\"><meta itemprop=\"contentUrl\" content=\"https:\/\/evenements.infopro-digital.com\/argus\/actu-formations\/\/app\/uploads\/2026\/02\/IA_ARGUS-1200x667.png\"\/><\/div><div class=\"card-simple__cont-infos\"><time class=\"card-simple__date\" datetime=\"2026-02-20T15:44:19+01:00\">20 f\u00e9vrier 2026<\/time><h3 class=\"card-simple__titre \">[Replay webinaire] IA et Gestion des Sinistres Dommages : de l&rsquo;actualit\u00e9 aux impacts op\u00e9rationnels concrets<\/h3><div class=\"card-simple__content\"><p>La gestion des sinistres concentre aujourd&rsquo;hui les enjeux majeurs de l&rsquo;assurance : co\u00fbts op\u00e9rationnels, satisfaction client et risques. En seulement&hellip;<\/p><\/div><\/div><\/a><\/section><\/div><div class=\"wp-block-column\"><section class=\"card-simple has-box-shadow card-simple--equal-height is-lien\" style=\"box-shadow:0px 5px 15px  rgba(0,0,0,0.1);\"><a href=\"https:\/\/evenements.infopro-digital.com\/argus\/actu-formations\/2025\/12\/03\/replay-webinaire-comprendre-les-attentes-de-lacpr-pour-la-distribution-de-contrats-dassurance-a-distance\/\" class=\"card-simple__wrapper-lien\"><div itemscope itemtype=\"https:\/\/schema.org\/ImageObject\" class=\"card-simple__cont-img card-simple__cont-img--\" style=\"background-image: url(https:\/\/evenements.infopro-digital.com\/argus\/actu-formations\/\/app\/uploads\/2025\/12\/Capture_argus-1200x613.gif)\"><meta itemprop=\"contentUrl\" content=\"https:\/\/evenements.infopro-digital.com\/argus\/actu-formations\/\/app\/uploads\/2025\/12\/Capture_argus-1200x613.gif\"\/><\/div><div class=\"card-simple__cont-infos\"><time class=\"card-simple__date\" datetime=\"2025-12-03T13:55:38+01:00\">3 d\u00e9cembre 2025<\/time><h3 class=\"card-simple__titre \">[Replay webinaire] Comprendre les attentes de l\u2019ACPR pour la distribution de contrats d\u2019assurance \u00e0 distance<\/h3><div class=\"card-simple__content\"><p>Depuis le 1er avril 2022, les r\u00e8gles encadrant le d\u00e9marchage t\u00e9l\u00e9phonique \u00e0 des fins de souscription de contrats d\u2019assurance se&hellip;<\/p><\/div><\/div><\/a><\/section><\/div><\/div>\n\n<div class=\"bttn-align-center\"><a href=\"https:\/\/evenements.infopro-digital.com\/argus\/actu-formations\/actualites\/\" target=\"_self\" class=\"bttn bttn--min-width bttn--icon  bttn--big\"><span class=\"bttn__cont-label-icon\"><span class=\"bttn__label\">Voir toutes nos actualit\u00e9s<\/span><svg role=\"img\" aria-hidden=\"true\" viewBox=\"0 0 16 16\"><use href=\"#icon-double-fleche-droite\" class=\"icon__unicolor\" \/><\/svg><\/span><\/a><\/div>\n<\/div><\/div>\n\n<div  class=\"strate alignfull has-background-color-opacity-100\" style=\" background-position: 50% 50%;\"><div class=\"centrage\"><\/div><\/div>\n\n<section style=\"\" class=\"media-text       media-text--img-40 alignfull media-text--content-align-vertical-middle media-text--media-align-vertical-middle has-background has-color-2-background-color  media-text--img-cover\" ><div class=\"centrage media-text__layout\"><figure class=\"media-text__media\" style=\"background-image: url(https:\/\/evenements.infopro-digital.com\/argus\/actu-formations\/\/app\/uploads\/2022\/05\/Responsable-formation-RH.png); background-position: 55.00000000000001% 0%; \"><img loading=\"lazy\" src=\"https:\/\/evenements.infopro-digital.com\/argus\/actu-formations\/\/app\/uploads\/2022\/05\/Responsable-formation-RH.png\" width=\"1000\" height=\"700\" alt=\"\" style=\"\" \/><\/figure><div class=\"media-text__content\">\n\n<p class=\"has-text-align-center has-large-font-size\">Vous \u00eates responsable de la formation <br>au sein de votre organisation ? <\/p>\n\n\n\n<p class=\"has-text-align-center has-medium-font-size\">Et si vous optiez pour la <strong>formation en intra-entreprise ou sur mesure<\/strong> ? <br><br>Les avantages sont nombreux : <\/p>\n\n\n\n<p class=\"has-medium-font-size\">                          &#8211; les date(s) et modalit\u00e9(s) de votre choix (en pr\u00e9sentiel et\/ou \u00e0 distance)<br>                          &#8211; le contenu adapt\u00e9 aux besoins de vos \u00e9quipes et 100% personnalisable<br>                          &#8211; la coh\u00e9sion d&rsquo;\u00e9quipe en formant vos collaborateurs simultan\u00e9ment<br>                          &#8211; l&rsquo;optimisation de votre budget formation<\/p>\n\n\n\n<div class=\"has-2-columns wp-block-columns\">\n<div class=\" wp-block-column\"><div class=\"bttn-align-center\"><a href=\"https:\/\/evenements.infopro-digital.com\/argus\/actu-formations\/intra-entreprise-et-sur-mesure\/\" target=\"_self\" class=\"bttn bttn--min-width bttn--icon-left has-color-1-bttn-color bttn--big\"><span class=\"bttn__cont-label-icon\"><span class=\"bttn__label\">En savoir plus sur l&rsquo;intra-entreprise<\/span><\/span><\/a><\/div><\/div>\n\n\n\n<div class=\" wp-block-column\"><div class=\"bttn-align-center\"><a href=\"https:\/\/evenements.infopro-digital.com\/argus\/contact\/context\/6?xtor=AD-603\" target=\"_blank\" class=\"bttn is-style-default bttn--min-width bttn--icon-left bttn--icon has-color-1-bttn-color bttn--big\"><span class=\"bttn__cont-label-icon\"><svg role=\"img\" aria-hidden=\"true\" viewBox=\"0 0 16 16\"><use href=\"#icon-enveloppe\" class=\"icon__unicolor\" \/><\/svg><span class=\"bttn__label\">Nous contacter<\/span><\/span><\/a><\/div><\/div>\n<\/div>\n\n<\/div><\/div><\/section>\n\n<hr class=\"separator separator--center separator--line has-white-separator-color separator--thickness-1 separator--md\"\/>","protected":false},"excerpt":{"rendered":"","protected":false},"author":1,"featured_media":0,"parent":0,"menu_order":0,"comment_status":"closed","ping_status":"open","template":"tpl_homepage.php","meta":[],"yoast_head":"<!-- This site is optimized with the Yoast SEO plugin v18.9 - https:\/\/yoast.com\/wordpress\/plugins\/seo\/ -->\n<title>Accueil - Formation argus<\/title>\n<meta name=\"robots\" content=\"index, follow, max-snippet:-1, max-image-preview:large, max-video-preview:-1\" \/>\n<link rel=\"canonical\" href=\"https:\/\/evenements.infopro-digital.com\/argus\/actu-formations\/\" \/>\n<meta property=\"og:locale\" content=\"fr_FR\" \/>\n<meta property=\"og:type\" content=\"article\" \/>\n<meta property=\"og:title\" content=\"Accueil - Formation argus\" \/>\n<meta property=\"og:url\" content=\"https:\/\/evenements.infopro-digital.com\/argus\/actu-formations\/\" \/>\n<meta property=\"og:site_name\" content=\"Formation argus\" \/>\n<meta property=\"article:modified_time\" content=\"2025-10-29T13:11:54+00:00\" \/>\n<meta property=\"og:image\" content=\"https:\/\/evenements.infopro-digital.com\/argus\/actu-formations\/\/app\/uploads\/2022\/04\/fond_argus_1-1.jpg\" \/>\n<meta name=\"twitter:card\" content=\"summary_large_image\" \/>\n<meta name=\"twitter:label1\" content=\"Est. reading time\" \/>\n\t<meta name=\"twitter:data1\" content=\"1 minute\" \/>\n<script type=\"application\/ld+json\" class=\"yoast-schema-graph\">{\"@context\":\"https:\/\/schema.org\",\"@graph\":[{\"@type\":\"WebSite\",\"@id\":\"https:\/\/evenements.infopro-digital.com\/argus\/actu-formations\/#website\",\"url\":\"https:\/\/evenements.infopro-digital.com\/argus\/actu-formations\/\",\"name\":\"Formation argus\",\"description\":\"Un site utilisant WordPress\",\"potentialAction\":[{\"@type\":\"SearchAction\",\"target\":{\"@type\":\"EntryPoint\",\"urlTemplate\":\"https:\/\/evenements.infopro-digital.com\/argus\/actu-formations\/?s={search_term_string}\"},\"query-input\":\"required name=search_term_string\"}],\"inLanguage\":\"fr-FR\"},{\"@type\":\"ImageObject\",\"inLanguage\":\"fr-FR\",\"@id\":\"https:\/\/evenements.infopro-digital.com\/argus\/actu-formations\/#primaryimage\",\"url\":\"https:\/\/evenements.infopro-digital.com\/argus\/actu-formations\/\/app\/uploads\/2022\/04\/fond_argus_1-1.jpg\",\"contentUrl\":\"https:\/\/evenements.infopro-digital.com\/argus\/actu-formations\/\/app\/uploads\/2022\/04\/fond_argus_1-1.jpg\",\"width\":1644,\"height\":927},{\"@type\":\"WebPage\",\"@id\":\"https:\/\/evenements.infopro-digital.com\/argus\/actu-formations\/#webpage\",\"url\":\"https:\/\/evenements.infopro-digital.com\/argus\/actu-formations\/\",\"name\":\"Accueil - Formation argus\",\"isPartOf\":{\"@id\":\"https:\/\/evenements.infopro-digital.com\/argus\/actu-formations\/#website\"},\"primaryImageOfPage\":{\"@id\":\"https:\/\/evenements.infopro-digital.com\/argus\/actu-formations\/#primaryimage\"},\"datePublished\":\"2022-03-22T08:33:52+00:00\",\"dateModified\":\"2025-10-29T13:11:54+00:00\",\"breadcrumb\":{\"@id\":\"https:\/\/evenements.infopro-digital.com\/argus\/actu-formations\/#breadcrumb\"},\"inLanguage\":\"fr-FR\",\"potentialAction\":[{\"@type\":\"ReadAction\",\"target\":[\"https:\/\/evenements.infopro-digital.com\/argus\/actu-formations\/\"]}]},{\"@type\":\"BreadcrumbList\",\"@id\":\"https:\/\/evenements.infopro-digital.com\/argus\/actu-formations\/#breadcrumb\",\"itemListElement\":[{\"@type\":\"ListItem\",\"position\":1,\"name\":\"Accueil\",\"item\":\"https:\/\/evenements.infopro-digital.com\/argus\/actu-formations\/\"},{\"@type\":\"ListItem\",\"position\":2,\"name\":\"Accueil\"}]}]}<\/script>\n<!-- \/ Yoast SEO plugin. -->","yoast_head_json":{"title":"Accueil - Formation argus","robots":{"index":"index","follow":"follow","max-snippet":"max-snippet:-1","max-image-preview":"max-image-preview:large","max-video-preview":"max-video-preview:-1"},"canonical":"https:\/\/evenements.infopro-digital.com\/argus\/actu-formations\/","og_locale":"fr_FR","og_type":"article","og_title":"Accueil - Formation argus","og_url":"https:\/\/evenements.infopro-digital.com\/argus\/actu-formations\/","og_site_name":"Formation argus","article_modified_time":"2025-10-29T13:11:54+00:00","og_image":[{"url":"https:\/\/evenements.infopro-digital.com\/argus\/actu-formations\/\/app\/uploads\/2022\/04\/fond_argus_1-1.jpg"}],"twitter_card":"summary_large_image","twitter_misc":{"Est. reading time":"1 minute"},"schema":{"@context":"https:\/\/schema.org","@graph":[{"@type":"WebSite","@id":"https:\/\/evenements.infopro-digital.com\/argus\/actu-formations\/#website","url":"https:\/\/evenements.infopro-digital.com\/argus\/actu-formations\/","name":"Formation argus","description":"Un site utilisant WordPress","potentialAction":[{"@type":"SearchAction","target":{"@type":"EntryPoint","urlTemplate":"https:\/\/evenements.infopro-digital.com\/argus\/actu-formations\/?s={search_term_string}"},"query-input":"required name=search_term_string"}],"inLanguage":"fr-FR"},{"@type":"ImageObject","inLanguage":"fr-FR","@id":"https:\/\/evenements.infopro-digital.com\/argus\/actu-formations\/#primaryimage","url":"https:\/\/evenements.infopro-digital.com\/argus\/actu-formations\/\/app\/uploads\/2022\/04\/fond_argus_1-1.jpg","contentUrl":"https:\/\/evenements.infopro-digital.com\/argus\/actu-formations\/\/app\/uploads\/2022\/04\/fond_argus_1-1.jpg","width":1644,"height":927},{"@type":"WebPage","@id":"https:\/\/evenements.infopro-digital.com\/argus\/actu-formations\/#webpage","url":"https:\/\/evenements.infopro-digital.com\/argus\/actu-formations\/","name":"Accueil - Formation argus","isPartOf":{"@id":"https:\/\/evenements.infopro-digital.com\/argus\/actu-formations\/#website"},"primaryImageOfPage":{"@id":"https:\/\/evenements.infopro-digital.com\/argus\/actu-formations\/#primaryimage"},"datePublished":"2022-03-22T08:33:52+00:00","dateModified":"2025-10-29T13:11:54+00:00","breadcrumb":{"@id":"https:\/\/evenements.infopro-digital.com\/argus\/actu-formations\/#breadcrumb"},"inLanguage":"fr-FR","potentialAction":[{"@type":"ReadAction","target":["https:\/\/evenements.infopro-digital.com\/argus\/actu-formations\/"]}]},{"@type":"BreadcrumbList","@id":"https:\/\/evenements.infopro-digital.com\/argus\/actu-formations\/#breadcrumb","itemListElement":[{"@type":"ListItem","position":1,"name":"Accueil","item":"https:\/\/evenements.infopro-digital.com\/argus\/actu-formations\/"},{"@type":"ListItem","position":2,"name":"Accueil"}]}]}},"_links":{"self":[{"href":"https:\/\/evenements.infopro-digital.com\/argus\/actu-formations\/wp-json\/wp\/v2\/pages\/2"}],"collection":[{"href":"https:\/\/evenements.infopro-digital.com\/argus\/actu-formations\/wp-json\/wp\/v2\/pages"}],"about":[{"href":"https:\/\/evenements.infopro-digital.com\/argus\/actu-formations\/wp-json\/wp\/v2\/types\/page"}],"author":[{"embeddable":true,"href":"https:\/\/evenements.infopro-digital.com\/argus\/actu-formations\/wp-json\/wp\/v2\/users\/1"}],"replies":[{"embeddable":true,"href":"https:\/\/evenements.infopro-digital.com\/argus\/actu-formations\/wp-json\/wp\/v2\/comments?post=2"}],"version-history":[{"count":37,"href":"https:\/\/evenements.infopro-digital.com\/argus\/actu-formations\/wp-json\/wp\/v2\/pages\/2\/revisions"}],"predecessor-version":[{"id":960,"href":"https:\/\/evenements.infopro-digital.com\/argus\/actu-formations\/wp-json\/wp\/v2\/pages\/2\/revisions\/960"}],"wp:attachment":[{"href":"https:\/\/evenements.infopro-digital.com\/argus\/actu-formations\/wp-json\/wp\/v2\/media?parent=2"}],"curies":[{"name":"wp","href":"https:\/\/api.w.org\/{rel}","templated":true}]}}