{"id":462,"date":"2022-05-10T12:19:59","date_gmt":"2022-05-10T10:19:59","guid":{"rendered":"https:\/\/evenements.infopro-digital.com\/achatpublic\/actu-formations\/?page_id=462"},"modified":"2025-10-01T09:44:02","modified_gmt":"2025-10-01T07:44:02","slug":"postures-achat","status":"publish","type":"page","link":"https:\/\/evenements.infopro-digital.com\/achatpublic\/actu-formations\/la-folle-semaine-des-marches-publics\/postures-achat\/","title":{"rendered":"Postures d&rsquo;achat"},"content":{"rendered":"<div  class=\"strate alignfull has-background-color-opacity-100\" style=\" background-position: 50% 50%;\"><div class=\"centrage\">\n<div class=\"bttns bttns-align-center\">\n<div class=\"bttn-align-center\"><a href=\"https:\/\/evenements.infopro-digital.com\/achatpublic-public\/formation-postures-d-achat-p-14164\" target=\"_blank\" class=\"bttn  bttn--md\"><span class=\"bttn__cont-label-icon\"><span class=\"bttn__label\">S&rsquo;inscrire \u00e0 ce parcours<\/span><\/span><\/a><\/div>\n\n<div class=\"bttn-align-center\"><a href=\"https:\/\/evenements.infopro-digital.com\/achatpublic\/actu-formations\/la-folle-semaine-des-marches-publics\/#les-parcours\" target=\"_self\" class=\"bttn  bttn--md\"><span class=\"bttn__cont-label-icon\"><span class=\"bttn__label\">D\u00e9couvrir les autres parcours<\/span><\/span><\/a><\/div>\n\n<div class=\"bttn-align-center\"><a href=\"https:\/\/evenements.infopro-digital.com\/achatpublic\/actu-formations\/\/app\/uploads\/sites\/4\/2025\/10\/Folle-Semaine-des-MP-2025.pdf\" target=\"_blank\" class=\"bttn bttn--icon  bttn--md\"><span class=\"bttn__cont-label-icon\"><span class=\"bttn__label\">T\u00e9l\u00e9charger la brochure<\/span><svg role=\"img\" aria-hidden=\"true\" viewBox=\"0 0 16 16\"><use href=\"#icon-fichier-pdf\" class=\"icon__unicolor\" \/><\/svg><\/span><\/a><\/div>\n\n<div class=\"bttn-align-center\"><a href=\"https:\/\/evenements.infopro-digital.com\/achatpublic-public\/contact\/type\/2#\/\" target=\"_blank\" class=\"bttn bttn--icon  bttn--md\"><span class=\"bttn__cont-label-icon\"><span class=\"bttn__label\">Nous contacter <\/span><svg role=\"img\" aria-hidden=\"true\" viewBox=\"0 0 16 16\"><use href=\"#icon-enveloppe\" class=\"icon__unicolor\" \/><\/svg><\/span><\/a><\/div>\n<\/div>\n\n\n<p>Une semaine pour travailler vos soft skills, votre leadership, la gestion des conflits et la n\u00e9gociation dans un contexte d\u2019achat public.<\/p>\n\n\n\n<p><strong>Vous pouvez vous inscrire au parcours entier ou choisir une ou plusieurs formation(s) propos\u00e9e(s) \u00e0 l&rsquo;unit\u00e9.<\/strong><\/p>\n\n\n\n<figure class=\"wp-block-table is-style-stripes\"><table class=\"has-fixed-layout\"><tbody><tr><td class=\"has-text-align-center\" data-align=\"center\"><strong><span class=\"has-inline-color has-color-1-color\">LUNDI 24 NOVEMBRE 2025<\/span><\/strong><br><br><strong><span class=\"has-inline-color has-color-2-color\">CONFERENCE<\/span><\/strong><br><br><a href=\"https:\/\/evenements.infopro-digital.com\/achatpublic-public\/formation-conference-d-actualite-p-17596\" target=\"_blank\" rel=\"noreferrer noopener\">S&rsquo;inscrire \u00e0 la conf\u00e9rence<\/a><\/td><td><strong><strong><strong><strong><strong>Conf\u00e9rence d&rsquo;actualit\u00e9 : une commande publique \u00ab\u00a0simplifi\u00e9e\u00a0\u00bb&#8230; et sous surveillance !<br><\/strong><\/strong><br><\/strong><\/strong><\/strong>Conf\u00e9rence anim\u00e9e par Jean-Marc Joann\u00e8s, R\u00e9dacteur en chef de achatpublic.info<br><br>Parmi les experts pr\u00e9sents :<br><br>&#8211; <strong>Cl\u00e9mence Olsina<\/strong> : (DAJ) &#8211; Minist\u00e8re de l\u2019\u00e9conomie, des finances et de la souverainet\u00e9 industrielle et num\u00e9rique<br>&#8211; <strong>Simon Uzenat<\/strong> : S\u00e9nat, Pr\u00e9sident de la commission d&rsquo;enqu\u00eate du S\u00e9nat sur \u00ab\u00a0les co\u00fbts et les modalit\u00e9s effectifs de la commande publique et la mesure de leur effet d&rsquo;entra\u00eenement sur l&rsquo;\u00e9conomie fran\u00e7aise\u00a0\u00bb<br>&#8211; <strong>V\u00e9ronique Hamayon<\/strong> : Procureure g\u00e9n\u00e9rale pr\u00e8s la Cour des comptes<\/td><\/tr><tr><td class=\"has-text-align-center\" data-align=\"center\"><span class=\"has-inline-color has-color-1-color\"><strong>MARDI 25 NOVEMBRE 2025<\/strong><\/span><br><br><strong><span class=\"has-inline-color has-color-2-color\">FORMATION<\/span><\/strong><br><br><a href=\"https:\/\/evenements.infopro-digital.com\/achatpublic-public\/formation-acheteurs-publics-boostez-vos-softskills-p-17220\" target=\"_blank\" rel=\"noreferrer noopener\">S&rsquo;inscrire \u00e0 ce module \u00e0 la journ\u00e9e<\/a><\/td><td><strong>JOUR 2 : Boostez vos softskills<\/strong><br><br>Adoptez les postures efficientes au service de la performance achat&nbsp;:<br><br>&#8211; Cerner les r\u00f4les de l\u2019acheteur public au sein de la fonction achat<br>&#8211; Appr\u00e9hender l\u2019importance de changement de posture pour les acheteurs publics<br>&#8211; Int\u00e9grer les leviers d\u2019une collaboration efficace dans le cadre des march\u00e9s publics<br>&#8211; Identifier les principes d\u2019une communication efficace<br>&#8211; Distinguer les diff\u00e9rentes postures de n\u00e9gociation<\/td><\/tr><tr><td class=\"has-text-align-center\" data-align=\"center\"><span class=\"has-inline-color has-color-1-color\"><strong>MERCREDI 26 NOVEMBRE 2025<\/strong><\/span><br><br><strong><span class=\"has-inline-color has-color-2-color\">FORMATION<\/span><\/strong><span class=\"has-inline-color has-color-1-color\"><strong><br><\/strong><\/span><br><a href=\"https:\/\/evenements.infopro-digital.com\/achatpublic-public\/formation-assurer-une-gestion-strategique-de-son-projet-achat-p-17243\" target=\"_blank\" rel=\"noreferrer noopener\">S&rsquo;inscrire \u00e0 ce module \u00e0 la journ\u00e9e<\/a><\/td><td><strong>JOUR 3 : Assurer une gestion strat\u00e9gique de son projet achat<\/strong><br><br>Int\u00e9grez le mode projet pour optimiser vos march\u00e9s publics : <br><br>&#8211; Int\u00e9grer les fondements de gestion de projet achat<br>&#8211; Appr\u00e9hender les \u00e9tapes de planification et de gestion des ressources du projet achat<br>&#8211; S\u2019approprier la m\u00e9thodologie pour piloter et suivre efficacement son projet<br>&#8211; Appr\u00e9hender les concepts de gestion des risques dans le contexte d&rsquo;un projet achat<br>&#8211; Explorer les leviers permettant de cr\u00e9er des synergies entre les acteurs du projet achat<\/td><\/tr><tr><td class=\"has-text-align-center\" data-align=\"center\"><strong><span class=\"has-inline-color has-color-1-color\">JEUDI 27 NOVEMBRE 2025<\/span><\/strong><br><br><strong><span class=\"has-inline-color has-color-2-color\">FORMATION<\/span><\/strong><br><br><a href=\"https:\/\/evenements.infopro-digital.com\/achatpublic-public\/formation-la-mediation-gerez-efficacement-les-conflits-dans-vos-marches-publics-p-17206\" target=\"_blank\" rel=\"noreferrer noopener\">S&rsquo;inscrire \u00e0 ce module \u00e0 la journ\u00e9e<\/a><\/td><td><strong><strong>JOUR 4 : La m\u00e9diation : g\u00e9rez efficacement les conflits dans vos march\u00e9s publics<\/strong><br><br><\/strong>Int\u00e9grer les techniques de la m\u00e9diation dans votre quotidien :<br><br><br>&#8211; Cerner les fondamentaux de la m\u00e9diation dans le cadre des march\u00e9s publics<br>&#8211; Appr\u00e9hender le cadre r\u00e9glementaire de la m\u00e9diation appliqu\u00e9e aux march\u00e9s publics<br>&#8211; S\u2019approprier les diff\u00e9rentes techniques de m\u00e9diation<br>&#8211; Appliquer le processus de m\u00e9diation dans la r\u00e9solution de conflits<\/td><\/tr><tr><td class=\"has-text-align-center\" data-align=\"center\"><strong><span class=\"has-inline-color has-color-1-color\">VENDREDI 28 NOVEMBRE 2025<\/span><\/strong><br><br><strong><span class=\"has-inline-color has-color-2-color\">FORMATION<\/span><\/strong><br><br><a href=\"https:\/\/evenements.infopro-digital.com\/achatpublic-public\/formation-negociation-complexe-atelier-immersif-pour-acheteurs-et-entreprises-p-17545\" target=\"_blank\" rel=\"noreferrer noopener\">S&rsquo;inscrire \u00e0 ce module \u00e0 la journ\u00e9e<\/a><\/td><td><strong>JOUR 5 : N\u00e9gociation complexe : Atelier immersif pour acheteurs et entreprises<\/strong><br><br>Transformez les d\u00e9fis de la n\u00e9gociation en opportunit\u00e9s strat\u00e9giques :<br><br>&#8211; D\u00e9crypter les enjeux de la n\u00e9gociation complexe dans le cadre des march\u00e9s publics<br>&#8211; Identifier les d\u00e9fis et les contraintes sp\u00e9cifiques \u00e0 la n\u00e9gociation complexe<br>&#8211; Utiliser les outils analytiques pour pr\u00e9parer la n\u00e9gociation<br>&#8211; S\u2019approprier la m\u00e9thodologie pour \u00e9laborer une strat\u00e9gie efficace dans le cadre d\u2019une n\u00e9gociation complexe<\/td><\/tr><\/tbody><\/table><\/figure>\n\n\n\n<p class=\"has-color-1-color has-text-color has-large-font-size\"><strong>Tarifs et Inscription<\/strong><\/p>\n\n\n<div  class=\"strate has-background has-white-background-color alignfull has-background-color-opacity-100\" style=\" background-position: 50% 50%;\"><div class=\"centrage\">\n\n<figure class=\"wp-block-table aligncenter is-style-stripes\"><table class=\"has-fixed-layout\"><thead><tr><th class=\"has-text-align-center\" data-align=\"center\">Votre s\u00e9lection<\/th><th class=\"has-text-align-left\" data-align=\"left\">Tarifs<\/th><th class=\"has-text-align-left\" data-align=\"left\">S&rsquo;inscrire<\/th><\/tr><\/thead><tbody><tr><td class=\"has-text-align-center\" data-align=\"center\"><strong>La conf\u00e9rence d&rsquo;actualit\u00e9<\/strong><\/td><td class=\"has-text-align-left\" data-align=\"left\"><strong><span class=\"has-inline-color has-color-1-color\">650 \u20ac <\/span><\/strong>TTC<\/td><td class=\"has-text-align-left\" data-align=\"left\"><a href=\"https:\/\/evenements.infopro-digital.com\/achatpublic-public\/formation-conference-d-actualite-p-17596\" target=\"_blank\" rel=\"noreferrer noopener\">S&rsquo;inscrire \u00e0 la conf\u00e9rence<\/a> <\/td><\/tr><tr><td class=\"has-text-align-center\" data-align=\"center\"><strong>Formation \u00e0 l&rsquo;unit\u00e9<\/strong><br><\/td><td class=\"has-text-align-left\" data-align=\"left\">\u00e0 partir de  jour <strong><span class=\"has-inline-color has-color-1-color\">790 \u20ac<\/span><\/strong> TTC<\/td><td class=\"has-text-align-left\" data-align=\"left\">Pour s&rsquo;inscrire, cliquez sur la formation de votre choix dans la section \u00ab\u00a0Les parcours\u00a0\u00bb ou <br>contactez-nous au 01 81 93 38 84<\/td><\/tr><tr><td class=\"has-text-align-center\" data-align=\"center\"><strong>Choix d&rsquo;un parcours<\/strong><\/td><td class=\"has-text-align-left\" data-align=\"left\"><strong>Parcours M\u00e9tier  5 jours <\/strong>: <br><strong><span class=\"has-inline-color has-color-1-color\">2 900 \u20ac<\/span> <\/strong>TTC<br><br><strong>Parcours Th\u00e9matiques 5 jours : <\/strong><br><span class=\"has-inline-color has-color-1-color\"><strong>3 050 \u20ac<\/strong><\/span> TTC<\/td><td class=\"has-text-align-left\" data-align=\"left\"><a href=\"https:\/\/evenements.infopro-digital.com\/achatpublic\/actu-formations\/la-folle-semaine-des-marches-publics-2024\/le-parcours-metier\/\" target=\"_blank\" rel=\"noreferrer noopener\">S&rsquo;inscrire <\/a><a href=\"https:\/\/evenements.infopro-digital.com\/achatpublic-public\/formation-parcours-metier-acheteur-public-p-11834\" target=\"_blank\" rel=\"noreferrer noopener\">\u00e0<\/a><a href=\"https:\/\/evenements.infopro-digital.com\/achatpublic\/actu-formations\/la-folle-semaine-des-marches-publics-2024\/le-parcours-metier\/\" target=\"_blank\" rel=\"noreferrer noopener\"> ce parcours<\/a> <br><br><br>Pour s&rsquo;inscrire, cliquez sur le parcours de votre choix dans la section \u00ab\u00a0Les parcours\u00a0\u00bb ou<br>contactez-nous au 01 81 93 38 84<br><\/td><\/tr><tr><td class=\"has-text-align-center\" data-align=\"center\"><strong>Plusieurs formations \u00e0 la carte<\/strong><\/td><td class=\"has-text-align-left\" data-align=\"left\">\u00e0 partir de jour de <span class=\"has-inline-color has-color-1-color\"><strong>1 425 \u20ac<\/strong> <\/span>TTC<\/td><td class=\"has-text-align-left\" data-align=\"left\">Pour s&rsquo;inscrire, contactez-nous au 01 81 93 38 84<br><\/td><\/tr><\/tbody><\/table><\/figure>\n\n<\/div><\/div>\n<\/div><\/div>","protected":false},"excerpt":{"rendered":"","protected":false},"author":5,"featured_media":0,"parent":2215,"menu_order":0,"comment_status":"closed","ping_status":"closed","template":"","meta":[],"yoast_head":"<!-- This site is optimized with the Yoast SEO plugin v18.9 - https:\/\/yoast.com\/wordpress\/plugins\/seo\/ -->\n<title>Postures d&#039;achat - Formation Achatpublic<\/title>\n<meta name=\"robots\" content=\"index, follow, max-snippet:-1, max-image-preview:large, max-video-preview:-1\" \/>\n<link rel=\"canonical\" href=\"https:\/\/evenements.infopro-digital.com\/achatpublic\/actu-formations\/la-folle-semaine-des-marches-publics\/postures-achat\/\" \/>\n<meta property=\"og:locale\" content=\"fr_FR\" \/>\n<meta property=\"og:type\" content=\"article\" \/>\n<meta property=\"og:title\" content=\"Postures d&#039;achat - Formation Achatpublic\" \/>\n<meta property=\"og:url\" content=\"https:\/\/evenements.infopro-digital.com\/achatpublic\/actu-formations\/la-folle-semaine-des-marches-publics\/postures-achat\/\" \/>\n<meta property=\"og:site_name\" content=\"Formation Achatpublic\" \/>\n<meta property=\"article:modified_time\" content=\"2025-10-01T07:44:02+00:00\" \/>\n<meta name=\"twitter:card\" content=\"summary_large_image\" \/>\n<meta name=\"twitter:label1\" content=\"Est. reading time\" \/>\n\t<meta name=\"twitter:data1\" content=\"3 minutes\" \/>\n<script type=\"application\/ld+json\" class=\"yoast-schema-graph\">{\"@context\":\"https:\/\/schema.org\",\"@graph\":[{\"@type\":\"WebSite\",\"@id\":\"https:\/\/evenements.infopro-digital.com\/achatpublic\/actu-formations\/#website\",\"url\":\"https:\/\/evenements.infopro-digital.com\/achatpublic\/actu-formations\/\",\"name\":\"Formation Achatpublic\",\"description\":\"Un site utilisant Les sites de Formation argus\",\"potentialAction\":[{\"@type\":\"SearchAction\",\"target\":{\"@type\":\"EntryPoint\",\"urlTemplate\":\"https:\/\/evenements.infopro-digital.com\/achatpublic\/actu-formations\/?s={search_term_string}\"},\"query-input\":\"required name=search_term_string\"}],\"inLanguage\":\"fr-FR\"},{\"@type\":\"WebPage\",\"@id\":\"https:\/\/evenements.infopro-digital.com\/achatpublic\/actu-formations\/la-folle-semaine-des-marches-publics\/postures-achat\/#webpage\",\"url\":\"https:\/\/evenements.infopro-digital.com\/achatpublic\/actu-formations\/la-folle-semaine-des-marches-publics\/postures-achat\/\",\"name\":\"Postures d'achat - Formation Achatpublic\",\"isPartOf\":{\"@id\":\"https:\/\/evenements.infopro-digital.com\/achatpublic\/actu-formations\/#website\"},\"datePublished\":\"2022-05-10T10:19:59+00:00\",\"dateModified\":\"2025-10-01T07:44:02+00:00\",\"breadcrumb\":{\"@id\":\"https:\/\/evenements.infopro-digital.com\/achatpublic\/actu-formations\/la-folle-semaine-des-marches-publics\/postures-achat\/#breadcrumb\"},\"inLanguage\":\"fr-FR\",\"potentialAction\":[{\"@type\":\"ReadAction\",\"target\":[\"https:\/\/evenements.infopro-digital.com\/achatpublic\/actu-formations\/la-folle-semaine-des-marches-publics\/postures-achat\/\"]}]},{\"@type\":\"BreadcrumbList\",\"@id\":\"https:\/\/evenements.infopro-digital.com\/achatpublic\/actu-formations\/la-folle-semaine-des-marches-publics\/postures-achat\/#breadcrumb\",\"itemListElement\":[{\"@type\":\"ListItem\",\"position\":1,\"name\":\"Accueil\",\"item\":\"https:\/\/evenements.infopro-digital.com\/achatpublic\/actu-formations\/\"},{\"@type\":\"ListItem\",\"position\":2,\"name\":\"La Folle Semaine des March\u00e9s Publics\",\"item\":\"https:\/\/evenements.infopro-digital.com\/achatpublic\/actu-formations\/la-folle-semaine-des-marches-publics\/\"},{\"@type\":\"ListItem\",\"position\":3,\"name\":\"Postures d&rsquo;achat\"}]}]}<\/script>\n<!-- \/ Yoast SEO plugin. -->","yoast_head_json":{"title":"Postures d'achat - Formation Achatpublic","robots":{"index":"index","follow":"follow","max-snippet":"max-snippet:-1","max-image-preview":"max-image-preview:large","max-video-preview":"max-video-preview:-1"},"canonical":"https:\/\/evenements.infopro-digital.com\/achatpublic\/actu-formations\/la-folle-semaine-des-marches-publics\/postures-achat\/","og_locale":"fr_FR","og_type":"article","og_title":"Postures d'achat - Formation Achatpublic","og_url":"https:\/\/evenements.infopro-digital.com\/achatpublic\/actu-formations\/la-folle-semaine-des-marches-publics\/postures-achat\/","og_site_name":"Formation Achatpublic","article_modified_time":"2025-10-01T07:44:02+00:00","twitter_card":"summary_large_image","twitter_misc":{"Est. reading time":"3 minutes"},"schema":{"@context":"https:\/\/schema.org","@graph":[{"@type":"WebSite","@id":"https:\/\/evenements.infopro-digital.com\/achatpublic\/actu-formations\/#website","url":"https:\/\/evenements.infopro-digital.com\/achatpublic\/actu-formations\/","name":"Formation Achatpublic","description":"Un site utilisant Les sites de Formation argus","potentialAction":[{"@type":"SearchAction","target":{"@type":"EntryPoint","urlTemplate":"https:\/\/evenements.infopro-digital.com\/achatpublic\/actu-formations\/?s={search_term_string}"},"query-input":"required name=search_term_string"}],"inLanguage":"fr-FR"},{"@type":"WebPage","@id":"https:\/\/evenements.infopro-digital.com\/achatpublic\/actu-formations\/la-folle-semaine-des-marches-publics\/postures-achat\/#webpage","url":"https:\/\/evenements.infopro-digital.com\/achatpublic\/actu-formations\/la-folle-semaine-des-marches-publics\/postures-achat\/","name":"Postures d'achat - Formation Achatpublic","isPartOf":{"@id":"https:\/\/evenements.infopro-digital.com\/achatpublic\/actu-formations\/#website"},"datePublished":"2022-05-10T10:19:59+00:00","dateModified":"2025-10-01T07:44:02+00:00","breadcrumb":{"@id":"https:\/\/evenements.infopro-digital.com\/achatpublic\/actu-formations\/la-folle-semaine-des-marches-publics\/postures-achat\/#breadcrumb"},"inLanguage":"fr-FR","potentialAction":[{"@type":"ReadAction","target":["https:\/\/evenements.infopro-digital.com\/achatpublic\/actu-formations\/la-folle-semaine-des-marches-publics\/postures-achat\/"]}]},{"@type":"BreadcrumbList","@id":"https:\/\/evenements.infopro-digital.com\/achatpublic\/actu-formations\/la-folle-semaine-des-marches-publics\/postures-achat\/#breadcrumb","itemListElement":[{"@type":"ListItem","position":1,"name":"Accueil","item":"https:\/\/evenements.infopro-digital.com\/achatpublic\/actu-formations\/"},{"@type":"ListItem","position":2,"name":"La Folle Semaine des March\u00e9s Publics","item":"https:\/\/evenements.infopro-digital.com\/achatpublic\/actu-formations\/la-folle-semaine-des-marches-publics\/"},{"@type":"ListItem","position":3,"name":"Postures d&rsquo;achat"}]}]}},"_links":{"self":[{"href":"https:\/\/evenements.infopro-digital.com\/achatpublic\/actu-formations\/wp-json\/wp\/v2\/pages\/462"}],"collection":[{"href":"https:\/\/evenements.infopro-digital.com\/achatpublic\/actu-formations\/wp-json\/wp\/v2\/pages"}],"about":[{"href":"https:\/\/evenements.infopro-digital.com\/achatpublic\/actu-formations\/wp-json\/wp\/v2\/types\/page"}],"author":[{"embeddable":true,"href":"https:\/\/evenements.infopro-digital.com\/achatpublic\/actu-formations\/wp-json\/wp\/v2\/users\/5"}],"replies":[{"embeddable":true,"href":"https:\/\/evenements.infopro-digital.com\/achatpublic\/actu-formations\/wp-json\/wp\/v2\/comments?post=462"}],"version-history":[{"count":37,"href":"https:\/\/evenements.infopro-digital.com\/achatpublic\/actu-formations\/wp-json\/wp\/v2\/pages\/462\/revisions"}],"predecessor-version":[{"id":2417,"href":"https:\/\/evenements.infopro-digital.com\/achatpublic\/actu-formations\/wp-json\/wp\/v2\/pages\/462\/revisions\/2417"}],"up":[{"embeddable":true,"href":"https:\/\/evenements.infopro-digital.com\/achatpublic\/actu-formations\/wp-json\/wp\/v2\/pages\/2215"}],"wp:attachment":[{"href":"https:\/\/evenements.infopro-digital.com\/achatpublic\/actu-formations\/wp-json\/wp\/v2\/media?parent=462"}],"curies":[{"name":"wp","href":"https:\/\/api.w.org\/{rel}","templated":true}]}}