{"id":457,"date":"2022-05-10T12:04:53","date_gmt":"2022-05-10T10:04:53","guid":{"rendered":"https:\/\/evenements.infopro-digital.com\/achatpublic\/actu-formations\/?page_id=457"},"modified":"2025-10-01T09:44:23","modified_gmt":"2025-10-01T07:44:23","slug":"pratiques-achat","status":"publish","type":"page","link":"https:\/\/evenements.infopro-digital.com\/achatpublic\/actu-formations\/la-folle-semaine-des-marches-publics\/pratiques-achat\/","title":{"rendered":"Pratiques d&rsquo;achats"},"content":{"rendered":"<div  class=\"strate alignfull has-background-color-opacity-100\" style=\" background-position: 50% 50%;\"><div class=\"centrage\">\n<div class=\"bttns bttns-align-center\">\n<div class=\"bttn-align-center\"><a href=\"https:\/\/evenements.infopro-digital.com\/achatpublic-public\/formation-pratiques-d-achats-p-17594\" target=\"_blank\" class=\"bttn  bttn--md\"><span class=\"bttn__cont-label-icon\"><span class=\"bttn__label\">S&rsquo;inscrire \u00e0 ce parcours<\/span><\/span><\/a><\/div>\n\n<div class=\"bttn-align-center\"><a href=\"https:\/\/evenements.infopro-digital.com\/achatpublic\/actu-formations\/la-folle-semaine-des-marches-publics\/#les-parcours\" target=\"_self\" class=\"bttn  bttn--md\"><span class=\"bttn__cont-label-icon\"><span class=\"bttn__label\">D\u00e9couvrir les autres parcours<\/span><\/span><\/a><\/div>\n\n<div class=\"bttn-align-center\"><a href=\"https:\/\/evenements.infopro-digital.com\/achatpublic\/actu-formations\/\/app\/uploads\/sites\/4\/2025\/10\/Folle-Semaine-des-MP-2025.pdf\" target=\"_blank\" class=\"bttn bttn--icon  bttn--md\"><span class=\"bttn__cont-label-icon\"><span class=\"bttn__label\">T\u00e9l\u00e9charger la brochure<\/span><svg role=\"img\" aria-hidden=\"true\" viewBox=\"0 0 16 16\"><use href=\"#icon-fichier-pdf\" class=\"icon__unicolor\" \/><\/svg><\/span><\/a><\/div>\n\n<div class=\"bttn-align-center\"><a href=\"https:\/\/evenements.infopro-digital.com\/achatpublic-public\/contact\/type\/2#\/\" target=\"_blank\" class=\"bttn bttn--icon  bttn--md\"><span class=\"bttn__cont-label-icon\"><span class=\"bttn__label\">Nous contacter <\/span><svg role=\"img\" aria-hidden=\"true\" viewBox=\"0 0 16 16\"><use href=\"#icon-enveloppe\" class=\"icon__unicolor\" \/><\/svg><\/span><\/a><\/div>\n<\/div>\n\n\n<p>Devenez un acheteur public performant : gestion des impr\u00e9vus, pr\u00e9vention des conflits et optimisation des proc\u00e9dures au programme de cette semaine orient\u00e9e pratique.<\/p>\n\n\n\n<p><strong>Vous pouvez vous inscrire au parcours entier ou choisir une ou plusieurs formation(s) propos\u00e9e(s) \u00e0 l&rsquo;unit\u00e9.<\/strong><\/p>\n\n\n\n<figure class=\"wp-block-table is-style-stripes\"><table class=\"has-fixed-layout\"><tbody><tr><td class=\"has-text-align-center\" data-align=\"center\"><strong><span class=\"has-inline-color has-color-1-color\">LUNDI 24 NOVEMBRE 2025<\/span><\/strong><br><br><strong><span class=\"has-inline-color has-color-2-color\">CONFERENCE<\/span><\/strong><br><br><a href=\"https:\/\/evenements.infopro-digital.com\/achatpublic-public\/formation-conference-d-actualite-p-17596\" target=\"_blank\" rel=\"noreferrer noopener\">S&rsquo;inscrire \u00e0 la conf\u00e9rence<\/a><\/td><td><strong><strong><strong>Conf\u00e9rence d&rsquo;actualit\u00e9<\/strong><\/strong><\/strong> : <strong>une commande publique \u00ab\u00a0simplifi\u00e9e\u00a0\u00bb&#8230; et sous surveillance !<\/strong><br><br>Conf\u00e9rence anim\u00e9e par Jean-Marc Joann\u00e8s, R\u00e9dacteur en chef de achatpublic.info<br><br>Parmi les experts pr\u00e9sents : <br><br>&#8211; <strong>Cl\u00e9mence Olsina <\/strong>: (DAJ) &#8211; Minist\u00e8re de l\u2019\u00e9conomie, des finances et de la souverainet\u00e9 industrielle et num\u00e9rique<br>&#8211; <strong>Simon Uzenat <\/strong> : S\u00e9nat, Pr\u00e9sident de la commission d&rsquo;enqu\u00eate du S\u00e9nat sur \u00ab\u00a0les co\u00fbts et les modalit\u00e9s effectifs de la commande publique et la mesure de leur effet d&rsquo;entra\u00eenement sur l&rsquo;\u00e9conomie fran\u00e7aise\u00a0\u00bb<br>&#8211;<strong> V\u00e9ronique Hamayon<\/strong> : Procureure g\u00e9n\u00e9rale pr\u00e8s la Cour des comptes<\/td><\/tr><tr><td class=\"has-text-align-center\" data-align=\"center\"><span class=\"has-inline-color has-color-1-color\"><strong>MARDI 25 NOVEMBRE 2025<\/strong><\/span><br><br><strong><span class=\"has-inline-color has-color-2-color\">FORMATION<\/span><\/strong><br><br><a href=\"https:\/\/evenements.infopro-digital.com\/achatpublic-public\/formation-devenir-un-acheteur-public-performant-p-13479\" target=\"_blank\" rel=\"noreferrer noopener\">S&rsquo;inscrire \u00e0 ce module \u00e0 la journ\u00e9e<\/a><\/td><td><strong>JOUR 2 : Devenir un acheteur public performant<\/strong><br><br>Int\u00e9grer les bonnes pratiques d\u2019achats dans votre m\u00e9tier :<br><br>&#8211; Cerner le cadre juridique li\u00e9 aux march\u00e9s publics<br>&#8211; Appr\u00e9hender les contours de la profession de l\u2019acheteur public<br>&#8211; Identifier les enjeux de la fonction Achat dans la fonction publique<\/td><\/tr><tr><td class=\"has-text-align-center\" data-align=\"center\"><span class=\"has-inline-color has-color-1-color\"><strong>MERCREDI 26 NOVEMBRE 2025<\/strong><\/span><br><br><strong><span class=\"has-inline-color has-color-2-color\">FORMATION<\/span><\/strong><span class=\"has-inline-color has-color-1-color\"><strong><br><\/strong><\/span><br><a href=\"https:\/\/evenements.infopro-digital.com\/achatpublic-public\/formation-modifications-en-cours-d-execution-p-11889\" target=\"_blank\" rel=\"noreferrer noopener\">S&rsquo;inscrire \u00e0 ce module \u00e0 la journ\u00e9e<\/a><\/td><td><strong>JOUR 3 : Les modifications en cours d\u2019ex\u00e9cution<\/strong><br><br>D\u00e9crypter les nouvelles r\u00e8gles de passation et d&rsquo;ex\u00e9cution des march\u00e9s :<br><br>&#8211; Conna\u00eetre les \u00e9volutions possibles d\u2019un march\u00e9 public en cours d\u2019ex\u00e9cution<br>&#8211; Identifier les conditions dans lesquelles il est possible de modifier un march\u00e9 public en cours d\u2019ex\u00e9cution<br>&#8211; Anticiper et ma\u00eetriser les \u00e9volutions du march\u00e9<br>&#8211; Ma\u00eetriser les risques d\u2019une modification ill\u00e9gale<\/td><\/tr><tr><td class=\"has-text-align-center\" data-align=\"center\"><strong><span class=\"has-inline-color has-color-1-color\">JEUDI 27 NOVEMBRE 2025<\/span><\/strong><br><br><strong><span class=\"has-inline-color has-color-2-color\">FORMATION<\/span><\/strong><br><br><a href=\"https:\/\/evenements.infopro-digital.com\/achatpublic-public\/formation-lutte-contre-la-corruption-p-16361\" target=\"_blank\" rel=\"noreferrer noopener\">S&rsquo;inscrire \u00e0 ce module \u00e0 la journ\u00e9e<\/a><\/td><td><strong>JOUR 4 : Commande Publique : pr\u00e9venir les situations de conflits d\u2019int\u00e9r\u00eats<\/strong><br><br>Participer \u00e0 la lutte contre la corruption dans la Commande Publique :<br><br>&#8211; Identifier les risques juridiques inh\u00e9rents \u00e0 l&rsquo;action publique<br>&#8211; Int\u00e9grer la notion de conflit d&rsquo;int\u00e9r\u00eats<br>&#8211; Distinguer le conflit d&rsquo;int\u00e9r\u00eats d&rsquo;autres atteintes \u00e0 la probit\u00e9 publique<br>&#8211; Appr\u00e9hender les risques aux diff\u00e9rents stades de la proc\u00e9dure de march\u00e9 et les sanctions encourues<\/td><\/tr><tr><td class=\"has-text-align-center\" data-align=\"center\"><strong><span class=\"has-inline-color has-color-1-color\">VENDREDI 28 NOVEMBRE 2025<\/span><\/strong><br><br><strong><span class=\"has-inline-color has-color-2-color\">FORMATION<\/span><\/strong><br><br><a href=\"https:\/\/evenements.infopro-digital.com\/achatpublic-public\/formation-imprevision-appliquee-aux-marches-publics-p-15527\">S&rsquo;inscrire \u00e0 ce module \u00e0 la j<\/a><a href=\"https:\/\/evenements.infopro-digital.com\/achatpublic-public\/formation-risque-penal-p-11884\" target=\"_blank\" rel=\"noreferrer noopener\">o<\/a><a href=\"https:\/\/evenements.infopro-digital.com\/achatpublic-public\/formation-risque-penal-p-11884\">urn\u00e9e<\/a><\/td><td><strong>JOUR 5 : La th\u00e9orie de l\u2019impr\u00e9vision appliqu\u00e9e aux march\u00e9s publics<br><\/strong><br>Faire face aux fluctuations du march\u00e9<br><br>&#8211; Mesurer l\u2019impact de la hausse des co\u00fbts des mati\u00e8res premi\u00e8res ;<br>&#8211; Appliquer les bonnes solutions permettant de faire face \u00e0 la hausse des co\u00fbts des mati\u00e8res premi\u00e8res ;<br>&#8211; Choisir le meilleur moyen pour faire face \u00e0 la hausse de ces co\u00fbts ;<br>&#8211; G\u00e9rer une proc\u00e9dure en r\u00e9clamation ;<br>&#8211; Identifier les points d\u2019attention sur la r\u00e9daction des futurs march\u00e9s<\/td><\/tr><\/tbody><\/table><\/figure>\n\n\n\n<p class=\"has-color-1-color has-text-color has-large-font-size\"><strong>Tarifs et Inscription<\/strong><\/p>\n\n\n<div  class=\"strate has-background has-white-background-color alignfull has-background-color-opacity-100\" style=\" background-position: 50% 50%;\"><div class=\"centrage\">\n\n<figure class=\"wp-block-table aligncenter is-style-stripes\"><table class=\"has-fixed-layout\"><thead><tr><th class=\"has-text-align-center\" data-align=\"center\">Votre s\u00e9lection<\/th><th class=\"has-text-align-left\" data-align=\"left\">Tarifs<\/th><th class=\"has-text-align-left\" data-align=\"left\">S&rsquo;inscrire<\/th><\/tr><\/thead><tbody><tr><td class=\"has-text-align-center\" data-align=\"center\"><strong>La conf\u00e9rence d&rsquo;actualit\u00e9<\/strong><\/td><td class=\"has-text-align-left\" data-align=\"left\"><strong><span class=\"has-inline-color has-color-1-color\">650 \u20ac <\/span><\/strong>TTC<\/td><td class=\"has-text-align-left\" data-align=\"left\"><a href=\"https:\/\/evenements.infopro-digital.com\/achatpublic-public\/formation-conference-d-actualite-p-17596\" target=\"_blank\" rel=\"noreferrer noopener\">S&rsquo;inscrire \u00e0 la conf\u00e9rence<\/a> <\/td><\/tr><tr><td class=\"has-text-align-center\" data-align=\"center\"><strong>Formation \u00e0 l&rsquo;unit\u00e9<\/strong><br><\/td><td class=\"has-text-align-left\" data-align=\"left\">\u00e0 partir de  jour <strong><span class=\"has-inline-color has-color-1-color\">790 \u20ac<\/span><\/strong> TTC<\/td><td class=\"has-text-align-left\" data-align=\"left\">Pour s&rsquo;inscrire, cliquez sur la formation de votre choix dans la section \u00ab\u00a0Les parcours\u00a0\u00bb ou <br>contactez-nous au 01 81 93 38 84<\/td><\/tr><tr><td class=\"has-text-align-center\" data-align=\"center\"><strong>Choix d&rsquo;un parcours<\/strong><\/td><td class=\"has-text-align-left\" data-align=\"left\"><strong>Parcours M\u00e9tier  5 jours <\/strong>: <br><strong><span class=\"has-inline-color has-color-1-color\">2 900 \u20ac<\/span> <\/strong>TTC<br><br><strong>Parcours Th\u00e9matiques 5 jours : <\/strong><br><span class=\"has-inline-color has-color-1-color\"><strong>3 050 \u20ac<\/strong><\/span> TTC<\/td><td class=\"has-text-align-left\" data-align=\"left\"><a href=\"https:\/\/evenements.infopro-digital.com\/achatpublic\/actu-formations\/la-folle-semaine-des-marches-publics-2024\/le-parcours-metier\/\" target=\"_blank\" rel=\"noreferrer noopener\">S&rsquo;inscrire <\/a><a href=\"https:\/\/evenements.infopro-digital.com\/achatpublic-public\/formation-parcours-metier-acheteur-public-p-11834\" target=\"_blank\" rel=\"noreferrer noopener\">\u00e0<\/a><a href=\"https:\/\/evenements.infopro-digital.com\/achatpublic\/actu-formations\/la-folle-semaine-des-marches-publics-2024\/le-parcours-metier\/\" target=\"_blank\" rel=\"noreferrer noopener\"> ce parcours<\/a> <br><br><br>Pour s&rsquo;inscrire, cliquez sur le parcours de votre choix dans la section \u00ab\u00a0Les parcours\u00a0\u00bb ou<br>contactez-nous au 01 81 93 38 84<br><\/td><\/tr><tr><td class=\"has-text-align-center\" data-align=\"center\"><strong>Plusieurs formations \u00e0 la carte<\/strong><\/td><td class=\"has-text-align-left\" data-align=\"left\">\u00e0 partir de jour de <span class=\"has-inline-color has-color-1-color\"><strong>1 425 \u20ac<\/strong> <\/span>TTC<\/td><td class=\"has-text-align-left\" data-align=\"left\">Pour s&rsquo;inscrire, contactez-nous au 01 81 93 38 84<br><\/td><\/tr><\/tbody><\/table><\/figure>\n\n<\/div><\/div>\n<\/div><\/div>","protected":false},"excerpt":{"rendered":"","protected":false},"author":5,"featured_media":0,"parent":2215,"menu_order":0,"comment_status":"closed","ping_status":"closed","template":"","meta":[],"yoast_head":"<!-- This site is optimized with the Yoast SEO plugin v18.9 - https:\/\/yoast.com\/wordpress\/plugins\/seo\/ -->\n<title>Pratiques d&#039;achats - Formation Achatpublic<\/title>\n<meta name=\"robots\" content=\"index, follow, max-snippet:-1, max-image-preview:large, max-video-preview:-1\" \/>\n<link rel=\"canonical\" href=\"https:\/\/evenements.infopro-digital.com\/achatpublic\/actu-formations\/la-folle-semaine-des-marches-publics\/pratiques-achat\/\" \/>\n<meta property=\"og:locale\" content=\"fr_FR\" \/>\n<meta property=\"og:type\" content=\"article\" \/>\n<meta property=\"og:title\" content=\"Pratiques d&#039;achats - Formation Achatpublic\" \/>\n<meta property=\"og:url\" content=\"https:\/\/evenements.infopro-digital.com\/achatpublic\/actu-formations\/la-folle-semaine-des-marches-publics\/pratiques-achat\/\" \/>\n<meta property=\"og:site_name\" content=\"Formation Achatpublic\" \/>\n<meta property=\"article:modified_time\" content=\"2025-10-01T07:44:23+00:00\" \/>\n<meta name=\"twitter:card\" content=\"summary_large_image\" \/>\n<meta name=\"twitter:label1\" content=\"Est. reading time\" \/>\n\t<meta name=\"twitter:data1\" content=\"3 minutes\" \/>\n<script type=\"application\/ld+json\" class=\"yoast-schema-graph\">{\"@context\":\"https:\/\/schema.org\",\"@graph\":[{\"@type\":\"WebSite\",\"@id\":\"https:\/\/evenements.infopro-digital.com\/achatpublic\/actu-formations\/#website\",\"url\":\"https:\/\/evenements.infopro-digital.com\/achatpublic\/actu-formations\/\",\"name\":\"Formation Achatpublic\",\"description\":\"Un site utilisant Les sites de Formation argus\",\"potentialAction\":[{\"@type\":\"SearchAction\",\"target\":{\"@type\":\"EntryPoint\",\"urlTemplate\":\"https:\/\/evenements.infopro-digital.com\/achatpublic\/actu-formations\/?s={search_term_string}\"},\"query-input\":\"required name=search_term_string\"}],\"inLanguage\":\"fr-FR\"},{\"@type\":\"WebPage\",\"@id\":\"https:\/\/evenements.infopro-digital.com\/achatpublic\/actu-formations\/la-folle-semaine-des-marches-publics\/pratiques-achat\/#webpage\",\"url\":\"https:\/\/evenements.infopro-digital.com\/achatpublic\/actu-formations\/la-folle-semaine-des-marches-publics\/pratiques-achat\/\",\"name\":\"Pratiques d'achats - Formation Achatpublic\",\"isPartOf\":{\"@id\":\"https:\/\/evenements.infopro-digital.com\/achatpublic\/actu-formations\/#website\"},\"datePublished\":\"2022-05-10T10:04:53+00:00\",\"dateModified\":\"2025-10-01T07:44:23+00:00\",\"breadcrumb\":{\"@id\":\"https:\/\/evenements.infopro-digital.com\/achatpublic\/actu-formations\/la-folle-semaine-des-marches-publics\/pratiques-achat\/#breadcrumb\"},\"inLanguage\":\"fr-FR\",\"potentialAction\":[{\"@type\":\"ReadAction\",\"target\":[\"https:\/\/evenements.infopro-digital.com\/achatpublic\/actu-formations\/la-folle-semaine-des-marches-publics\/pratiques-achat\/\"]}]},{\"@type\":\"BreadcrumbList\",\"@id\":\"https:\/\/evenements.infopro-digital.com\/achatpublic\/actu-formations\/la-folle-semaine-des-marches-publics\/pratiques-achat\/#breadcrumb\",\"itemListElement\":[{\"@type\":\"ListItem\",\"position\":1,\"name\":\"Accueil\",\"item\":\"https:\/\/evenements.infopro-digital.com\/achatpublic\/actu-formations\/\"},{\"@type\":\"ListItem\",\"position\":2,\"name\":\"La Folle Semaine des March\u00e9s Publics\",\"item\":\"https:\/\/evenements.infopro-digital.com\/achatpublic\/actu-formations\/la-folle-semaine-des-marches-publics\/\"},{\"@type\":\"ListItem\",\"position\":3,\"name\":\"Pratiques d&rsquo;achats\"}]}]}<\/script>\n<!-- \/ Yoast SEO plugin. -->","yoast_head_json":{"title":"Pratiques d'achats - Formation Achatpublic","robots":{"index":"index","follow":"follow","max-snippet":"max-snippet:-1","max-image-preview":"max-image-preview:large","max-video-preview":"max-video-preview:-1"},"canonical":"https:\/\/evenements.infopro-digital.com\/achatpublic\/actu-formations\/la-folle-semaine-des-marches-publics\/pratiques-achat\/","og_locale":"fr_FR","og_type":"article","og_title":"Pratiques d'achats - Formation Achatpublic","og_url":"https:\/\/evenements.infopro-digital.com\/achatpublic\/actu-formations\/la-folle-semaine-des-marches-publics\/pratiques-achat\/","og_site_name":"Formation Achatpublic","article_modified_time":"2025-10-01T07:44:23+00:00","twitter_card":"summary_large_image","twitter_misc":{"Est. reading time":"3 minutes"},"schema":{"@context":"https:\/\/schema.org","@graph":[{"@type":"WebSite","@id":"https:\/\/evenements.infopro-digital.com\/achatpublic\/actu-formations\/#website","url":"https:\/\/evenements.infopro-digital.com\/achatpublic\/actu-formations\/","name":"Formation Achatpublic","description":"Un site utilisant Les sites de Formation argus","potentialAction":[{"@type":"SearchAction","target":{"@type":"EntryPoint","urlTemplate":"https:\/\/evenements.infopro-digital.com\/achatpublic\/actu-formations\/?s={search_term_string}"},"query-input":"required name=search_term_string"}],"inLanguage":"fr-FR"},{"@type":"WebPage","@id":"https:\/\/evenements.infopro-digital.com\/achatpublic\/actu-formations\/la-folle-semaine-des-marches-publics\/pratiques-achat\/#webpage","url":"https:\/\/evenements.infopro-digital.com\/achatpublic\/actu-formations\/la-folle-semaine-des-marches-publics\/pratiques-achat\/","name":"Pratiques d'achats - Formation Achatpublic","isPartOf":{"@id":"https:\/\/evenements.infopro-digital.com\/achatpublic\/actu-formations\/#website"},"datePublished":"2022-05-10T10:04:53+00:00","dateModified":"2025-10-01T07:44:23+00:00","breadcrumb":{"@id":"https:\/\/evenements.infopro-digital.com\/achatpublic\/actu-formations\/la-folle-semaine-des-marches-publics\/pratiques-achat\/#breadcrumb"},"inLanguage":"fr-FR","potentialAction":[{"@type":"ReadAction","target":["https:\/\/evenements.infopro-digital.com\/achatpublic\/actu-formations\/la-folle-semaine-des-marches-publics\/pratiques-achat\/"]}]},{"@type":"BreadcrumbList","@id":"https:\/\/evenements.infopro-digital.com\/achatpublic\/actu-formations\/la-folle-semaine-des-marches-publics\/pratiques-achat\/#breadcrumb","itemListElement":[{"@type":"ListItem","position":1,"name":"Accueil","item":"https:\/\/evenements.infopro-digital.com\/achatpublic\/actu-formations\/"},{"@type":"ListItem","position":2,"name":"La Folle Semaine des March\u00e9s Publics","item":"https:\/\/evenements.infopro-digital.com\/achatpublic\/actu-formations\/la-folle-semaine-des-marches-publics\/"},{"@type":"ListItem","position":3,"name":"Pratiques d&rsquo;achats"}]}]}},"_links":{"self":[{"href":"https:\/\/evenements.infopro-digital.com\/achatpublic\/actu-formations\/wp-json\/wp\/v2\/pages\/457"}],"collection":[{"href":"https:\/\/evenements.infopro-digital.com\/achatpublic\/actu-formations\/wp-json\/wp\/v2\/pages"}],"about":[{"href":"https:\/\/evenements.infopro-digital.com\/achatpublic\/actu-formations\/wp-json\/wp\/v2\/types\/page"}],"author":[{"embeddable":true,"href":"https:\/\/evenements.infopro-digital.com\/achatpublic\/actu-formations\/wp-json\/wp\/v2\/users\/5"}],"replies":[{"embeddable":true,"href":"https:\/\/evenements.infopro-digital.com\/achatpublic\/actu-formations\/wp-json\/wp\/v2\/comments?post=457"}],"version-history":[{"count":30,"href":"https:\/\/evenements.infopro-digital.com\/achatpublic\/actu-formations\/wp-json\/wp\/v2\/pages\/457\/revisions"}],"predecessor-version":[{"id":2418,"href":"https:\/\/evenements.infopro-digital.com\/achatpublic\/actu-formations\/wp-json\/wp\/v2\/pages\/457\/revisions\/2418"}],"up":[{"embeddable":true,"href":"https:\/\/evenements.infopro-digital.com\/achatpublic\/actu-formations\/wp-json\/wp\/v2\/pages\/2215"}],"wp:attachment":[{"href":"https:\/\/evenements.infopro-digital.com\/achatpublic\/actu-formations\/wp-json\/wp\/v2\/media?parent=457"}],"curies":[{"name":"wp","href":"https:\/\/api.w.org\/{rel}","templated":true}]}}