{"id":453,"date":"2022-05-10T11:48:13","date_gmt":"2022-05-10T09:48:13","guid":{"rendered":"https:\/\/evenements.infopro-digital.com\/achatpublic\/actu-formations\/?page_id=453"},"modified":"2025-10-01T09:43:11","modified_gmt":"2025-10-01T07:43:11","slug":"le-parcours-metier-acheteur-public","status":"publish","type":"page","link":"https:\/\/evenements.infopro-digital.com\/achatpublic\/actu-formations\/la-folle-semaine-des-marches-publics\/le-parcours-metier-acheteur-public\/","title":{"rendered":"Le parcours M\u00e9tier Acheteur Public"},"content":{"rendered":"<div  class=\"strate alignfull has-background-color-opacity-100\" style=\" background-position: 50% 50%;\"><div class=\"centrage\">\n<div class=\"bttns bttns-align-center\">\n<div class=\"bttn-align-center\"><a href=\"https:\/\/evenements.infopro-digital.com\/achatpublic-public\/formation-parcours-metier-acheteur-public-p-11834\" target=\"_blank\" class=\"bttn  bttn--md\"><span class=\"bttn__cont-label-icon\"><span class=\"bttn__label\">S&rsquo;inscrire \u00e0 ce parcours<\/span><\/span><\/a><\/div>\n\n<div class=\"bttn-align-center\"><a href=\"https:\/\/evenements.infopro-digital.com\/achatpublic\/actu-formations\/la-folle-semaine-des-marches-publics\/#les-parcours\" target=\"_self\" class=\"bttn  bttn--md\"><span class=\"bttn__cont-label-icon\"><span class=\"bttn__label\">D\u00e9couvrir les autres parcours<\/span><\/span><\/a><\/div>\n\n<div class=\"bttn-align-center\"><a href=\"https:\/\/evenements.infopro-digital.com\/achatpublic\/actu-formations\/\/app\/uploads\/sites\/4\/2025\/10\/Folle-Semaine-des-MP-2025.pdf\" target=\"_blank\" class=\"bttn bttn--icon  bttn--md\"><span class=\"bttn__cont-label-icon\"><span class=\"bttn__label\">T\u00e9l\u00e9charger la brochure<\/span><svg role=\"img\" aria-hidden=\"true\" viewBox=\"0 0 16 16\"><use href=\"#icon-fichier-pdf\" class=\"icon__unicolor\" \/><\/svg><\/span><\/a><\/div>\n\n<div class=\"bttn-align-center\"><a href=\"https:\/\/evenements.infopro-digital.com\/achatpublic-public\/contact\/type\/2#\/\" target=\"_blank\" class=\"bttn bttn--icon  bttn--md\"><span class=\"bttn__cont-label-icon\"><span class=\"bttn__label\">Nous contacter <\/span><svg role=\"img\" aria-hidden=\"true\" viewBox=\"0 0 16 16\"><use href=\"#icon-enveloppe\" class=\"icon__unicolor\" \/><\/svg><\/span><\/a><\/div>\n<\/div>\n\n\n<p>Le Parcours m\u00e9tier acheteur public est un programme de 5 jours vous permettant de  :<br>&#8211; Conna\u00eetre le vocabulaire des march\u00e9s publics<br>&#8211; Savoir utiliser les diff\u00e9rents types de proc\u00e9dures<br>&#8211; Apprendre \u00e0 d\u00e9finir son besoin et r\u00e9diger son DC<br>&#8211; Ma\u00eetriser le processus de s\u00e9lection des soumissionnaires<br>&#8211; Comprendre le suivi d\u2019ex\u00e9cution<\/p>\n\n\n\n<p><strong>Vous pouvez vous inscrire au parcours entier ou choisir une ou plusieurs formation(s) propos\u00e9e(s) \u00e0 l&rsquo;unit\u00e9. <\/strong><\/p>\n\n\n\n<figure class=\"wp-block-table is-style-stripes\"><table class=\"has-fixed-layout\"><tbody><tr><td class=\"has-text-align-center\" data-align=\"center\"><strong><span class=\"has-inline-color has-color-1-color\">LUNDI 24 NOVEMBRE 2025<\/span><\/strong><br><br><a href=\"https:\/\/evenements.infopro-digital.com\/achatpublic-public\/formation-parcours-metier-acheteur-public-p-11834\" target=\"_blank\" rel=\"noreferrer noopener\">S&rsquo;inscrire \u00e0 ce parcours<\/a><\/td><td><strong>JOUR 1 : LES FONDAMENTAUX DES MARCH\u00c9S PUBLICS &#8211; VOCABULAIRE ET BASES<\/strong><br><br>Renforcez vos connaissances et le cadre juridique des march\u00e9s publics : <br>&#8211; Appr\u00e9hender les principes de base de la nouvelle r\u00e9glementation des march\u00e9s publics<br>&#8211; Identifier les sp\u00e9cificit\u00e9s li\u00e9es \u00e0 la passation du march\u00e9 : de la computation des seuils aux particularit\u00e9s de chaque pi\u00e8ce du march\u00e9<br>&#8211; Cerner les r\u00e8gles li\u00e9es \u00e0 la d\u00e9mat\u00e9rialisation<br>&#8211; Distinguer les risques li\u00e9s aux march\u00e9s publics (administratif, p\u00e9nal)<\/td><\/tr><tr><td class=\"has-text-align-center\" data-align=\"center\"><span class=\"has-inline-color has-color-1-color\"><strong>MARDI 25 NOVEMBRE 2025<\/strong><\/span><br><br><a href=\"https:\/\/evenements.infopro-digital.com\/achatpublic-public\/formation-parcours-metier-acheteur-public-p-11834\" target=\"_blank\" rel=\"noreferrer noopener\">S&rsquo;inscrire \u00e0 ce parcours<\/a><\/td><td><strong>JOUR 2 : LA PASSATION DES MARCH\u00c9S PUBLICS<\/strong><br><br>Acqu\u00e9rir les bases de la passation des march\u00e9s publics : <br>&#8211; D\u00e9finir le besoin pour choisir le montage contractuel pertinent<br>&#8211; Identifier les points de vigilance \u00e0 avoir sur la r\u00e9daction des pi\u00e8ces annexes au dossier de consultation<br>&#8211; Cerner les prix et les formules de r\u00e9vision des prix<br>&#8211; Rep\u00e9rer les particularit\u00e9s li\u00e9es \u00e0 l\u2019analyse des candidatures et des offres et les sp\u00e9cificit\u00e9s de l\u2019ach\u00e8vement de la proc\u00e9dure<\/td><\/tr><tr><td class=\"has-text-align-center\" data-align=\"center\"><span class=\"has-inline-color has-color-1-color\"><strong>MERCREDI 26 NOVEMBRE 2025<br><\/strong><\/span><br><a href=\"https:\/\/evenements.infopro-digital.com\/achatpublic-public\/formation-parcours-metier-acheteur-public-p-11834\" target=\"_blank\" rel=\"noreferrer noopener\"><\/a><a href=\"https:\/\/evenements.infopro-digital.com\/achatpublic-public\/formation-parcours-metier-acheteur-public-p-11834\" target=\"_blank\" rel=\"noreferrer noopener\">S&rsquo;inscrire \u00e0 ce parcours<\/a><\/td><td><strong>JOUR 3 : L\u2019ANALYSE DU BESOIN ET LA R\u00c9DACTION DU DCE (FOCUS SUR LES POINTS DE VIGILANCE)<\/strong><br><br>Acqu\u00e9rir les bases de l&rsquo;analyse du besoin \u00e0 la r\u00e9daction de son march\u00e9 : <br>&#8211; Conna\u00eetre l\u2019ensemble des pi\u00e8ces constitutives du DCE<br>&#8211; Savoir r\u00e9diger un cahier des charges<br>&#8211; Appr\u00e9hender l\u2019ensemble des risques d\u00e8s la r\u00e9daction<br>&#8211; Accroitre la performance de ses achats<\/td><\/tr><tr><td class=\"has-text-align-center\" data-align=\"center\"><strong><span class=\"has-inline-color has-color-1-color\">JEUDI 27 NOVEMBRE 2025<\/span><\/strong><br><br><a href=\"https:\/\/evenements.infopro-digital.com\/achatpublic-public\/formation-parcours-metier-acheteur-public-p-11834\" target=\"_blank\" rel=\"noreferrer noopener\"><\/a><a href=\"https:\/\/evenements.infopro-digital.com\/achatpublic-public\/formation-parcours-metier-acheteur-public-p-11834\" target=\"_blank\" rel=\"noreferrer noopener\">S&rsquo;inscrire \u00e0 ce parcours<\/a><\/td><td><strong>JOUR 4 : L\u2019ANALYSE DES CANDIDATURES ET DES OFFRES<\/strong><br><br>Structurer le processus de s\u00e9lection des soumissionnaires : <br>&#8211; Appr\u00e9hender le formalisme de la r\u00e9ception des plis et l\u2019analyse des candidatures<br>&#8211; Examiner la conformit\u00e9 des offres et les r\u00e8gles \u00e0 respecter lors de l\u2019analyse des offres<br>&#8211; Identifier le r\u00f4le et les attributions de la CAO ou de la CIM<\/td><\/tr><tr><td class=\"has-text-align-center\" data-align=\"center\"><strong><span class=\"has-inline-color has-color-1-color\">VENDREDI 28 NOVEMBRE 2025<\/span><\/strong><br><br><a href=\"https:\/\/evenements.infopro-digital.com\/achatpublic-public\/formation-parcours-metier-acheteur-public-p-11834\" target=\"_blank\" rel=\"noreferrer noopener\"><\/a><a href=\"https:\/\/evenements.infopro-digital.com\/achatpublic-public\/formation-parcours-metier-acheteur-public-p-11834\" target=\"_blank\" rel=\"noreferrer noopener\">S&rsquo;inscrire \u00e0 ce parcours<\/a><\/td><td><strong>JOUR 5 : LE SUIVI D\u2019EX\u00c9CUTION<\/strong><br><br>Comprendre le suivi administratif et financier de vos march\u00e9s : <br>&#8211; Appr\u00e9hender le suivi du march\u00e9 : suivi administratif et technique<br>&#8211; Rep\u00e9rer les points de contr\u00f4le dans la gestion des sous-traitants et des co-traitants<br>&#8211; Examiner les particularit\u00e9s de la gestion financi\u00e8re du march\u00e9 : les r\u00e9visions de prix, les r\u00e8gles li\u00e9es aux paiements<br>&#8211; D\u00e9finir les p\u00e9nalit\u00e9s \u00e0 appliquer lors de la modification du march\u00e9 public (avenant) et la gestion des litiges durant l\u2019ex\u00e9cution du contrat<\/td><\/tr><\/tbody><\/table><\/figure>\n\n\n\n<p class=\"has-color-1-color has-text-color has-large-font-size\"><strong>Tarifs et Inscription<\/strong><\/p>\n\n\n<div  class=\"strate has-background has-white-background-color alignfull has-background-color-opacity-100\" style=\" background-position: 50% 50%;\"><div class=\"centrage\">\n\n<figure class=\"wp-block-table aligncenter is-style-stripes\"><table class=\"has-fixed-layout\"><thead><tr><th class=\"has-text-align-center\" data-align=\"center\">Votre s\u00e9lection<\/th><th class=\"has-text-align-left\" data-align=\"left\">Tarifs<\/th><th class=\"has-text-align-left\" data-align=\"left\">S&rsquo;inscrire<\/th><\/tr><\/thead><tbody><tr><td class=\"has-text-align-center\" data-align=\"center\"><strong>La conf\u00e9rence d&rsquo;actualit\u00e9<\/strong><\/td><td class=\"has-text-align-left\" data-align=\"left\"><strong><span class=\"has-inline-color has-color-1-color\">650 \u20ac <\/span><\/strong>TTC<\/td><td class=\"has-text-align-left\" data-align=\"left\"><a href=\"https:\/\/evenements.infopro-digital.com\/achatpublic-public\/formation-conference-d-actualite-p-17596\" target=\"_blank\" rel=\"noreferrer noopener\">S&rsquo;inscrire \u00e0 la conf\u00e9rence<\/a> <\/td><\/tr><tr><td class=\"has-text-align-center\" data-align=\"center\"><strong>Formation \u00e0 l&rsquo;unit\u00e9<\/strong><br><\/td><td class=\"has-text-align-left\" data-align=\"left\">\u00e0 partir de  jour <strong><span class=\"has-inline-color has-color-1-color\">790 \u20ac<\/span><\/strong> TTC<\/td><td class=\"has-text-align-left\" data-align=\"left\">Pour s&rsquo;inscrire, cliquez sur la formation de votre choix dans la section \u00ab\u00a0Les parcours\u00a0\u00bb ou <br>contactez-nous au 01 81 93 38 84<\/td><\/tr><tr><td class=\"has-text-align-center\" data-align=\"center\"><strong>Choix d&rsquo;un parcours<\/strong><\/td><td class=\"has-text-align-left\" data-align=\"left\"><strong>Parcours M\u00e9tier  5 jours <\/strong>: <br><strong><span class=\"has-inline-color has-color-1-color\">2 900 \u20ac<\/span> <\/strong>TTC<br><br><strong>Parcours Th\u00e9matiques 5 jours : <\/strong><br><span class=\"has-inline-color has-color-1-color\"><strong>3 050 \u20ac<\/strong><\/span> TTC<\/td><td class=\"has-text-align-left\" data-align=\"left\"><a href=\"https:\/\/evenements.infopro-digital.com\/achatpublic\/actu-formations\/la-folle-semaine-des-marches-publics-2024\/le-parcours-metier\/\" target=\"_blank\" rel=\"noreferrer noopener\">S&rsquo;inscrire <\/a><a href=\"https:\/\/evenements.infopro-digital.com\/achatpublic-public\/formation-parcours-metier-acheteur-public-p-11834\" target=\"_blank\" rel=\"noreferrer noopener\">\u00e0<\/a><a href=\"https:\/\/evenements.infopro-digital.com\/achatpublic\/actu-formations\/la-folle-semaine-des-marches-publics-2024\/le-parcours-metier\/\" target=\"_blank\" rel=\"noreferrer noopener\"> ce parcours<\/a> <br><br><br>Pour s&rsquo;inscrire, cliquez sur le parcours de votre choix dans la section \u00ab\u00a0Les parcours\u00a0\u00bb ou<br>contactez-nous au 01 81 93 38 84<br><\/td><\/tr><tr><td class=\"has-text-align-center\" data-align=\"center\"><strong>Plusieurs formations \u00e0 la carte<\/strong><\/td><td class=\"has-text-align-left\" data-align=\"left\">\u00e0 partir de jour de <span class=\"has-inline-color has-color-1-color\"><strong>1 425 \u20ac<\/strong> <\/span>TTC<\/td><td class=\"has-text-align-left\" data-align=\"left\">Pour s&rsquo;inscrire, contactez-nous au 01 81 93 38 84<br><\/td><\/tr><\/tbody><\/table><\/figure>\n\n<\/div><\/div>\n<\/div><\/div>","protected":false},"excerpt":{"rendered":"","protected":false},"author":5,"featured_media":0,"parent":2215,"menu_order":0,"comment_status":"closed","ping_status":"closed","template":"","meta":[],"yoast_head":"<!-- This site is optimized with the Yoast SEO plugin v18.9 - https:\/\/yoast.com\/wordpress\/plugins\/seo\/ -->\n<title>Le parcours M\u00e9tier Acheteur Public - Formation Achatpublic<\/title>\n<meta name=\"robots\" content=\"index, follow, max-snippet:-1, max-image-preview:large, max-video-preview:-1\" \/>\n<link rel=\"canonical\" href=\"https:\/\/evenements.infopro-digital.com\/achatpublic\/actu-formations\/la-folle-semaine-des-marches-publics\/le-parcours-metier-acheteur-public\/\" \/>\n<meta property=\"og:locale\" content=\"fr_FR\" \/>\n<meta property=\"og:type\" content=\"article\" \/>\n<meta property=\"og:title\" content=\"Le parcours M\u00e9tier Acheteur Public - Formation Achatpublic\" \/>\n<meta property=\"og:url\" content=\"https:\/\/evenements.infopro-digital.com\/achatpublic\/actu-formations\/la-folle-semaine-des-marches-publics\/le-parcours-metier-acheteur-public\/\" \/>\n<meta property=\"og:site_name\" content=\"Formation Achatpublic\" \/>\n<meta property=\"article:modified_time\" content=\"2025-10-01T07:43:11+00:00\" \/>\n<meta name=\"twitter:card\" content=\"summary_large_image\" \/>\n<meta name=\"twitter:label1\" content=\"Est. reading time\" \/>\n\t<meta name=\"twitter:data1\" content=\"3 minutes\" \/>\n<script type=\"application\/ld+json\" class=\"yoast-schema-graph\">{\"@context\":\"https:\/\/schema.org\",\"@graph\":[{\"@type\":\"WebSite\",\"@id\":\"https:\/\/evenements.infopro-digital.com\/achatpublic\/actu-formations\/#website\",\"url\":\"https:\/\/evenements.infopro-digital.com\/achatpublic\/actu-formations\/\",\"name\":\"Formation Achatpublic\",\"description\":\"Un site utilisant Les sites de Formation argus\",\"potentialAction\":[{\"@type\":\"SearchAction\",\"target\":{\"@type\":\"EntryPoint\",\"urlTemplate\":\"https:\/\/evenements.infopro-digital.com\/achatpublic\/actu-formations\/?s={search_term_string}\"},\"query-input\":\"required name=search_term_string\"}],\"inLanguage\":\"fr-FR\"},{\"@type\":\"WebPage\",\"@id\":\"https:\/\/evenements.infopro-digital.com\/achatpublic\/actu-formations\/la-folle-semaine-des-marches-publics\/le-parcours-metier-acheteur-public\/#webpage\",\"url\":\"https:\/\/evenements.infopro-digital.com\/achatpublic\/actu-formations\/la-folle-semaine-des-marches-publics\/le-parcours-metier-acheteur-public\/\",\"name\":\"Le parcours M\u00e9tier Acheteur Public - Formation Achatpublic\",\"isPartOf\":{\"@id\":\"https:\/\/evenements.infopro-digital.com\/achatpublic\/actu-formations\/#website\"},\"datePublished\":\"2022-05-10T09:48:13+00:00\",\"dateModified\":\"2025-10-01T07:43:11+00:00\",\"breadcrumb\":{\"@id\":\"https:\/\/evenements.infopro-digital.com\/achatpublic\/actu-formations\/la-folle-semaine-des-marches-publics\/le-parcours-metier-acheteur-public\/#breadcrumb\"},\"inLanguage\":\"fr-FR\",\"potentialAction\":[{\"@type\":\"ReadAction\",\"target\":[\"https:\/\/evenements.infopro-digital.com\/achatpublic\/actu-formations\/la-folle-semaine-des-marches-publics\/le-parcours-metier-acheteur-public\/\"]}]},{\"@type\":\"BreadcrumbList\",\"@id\":\"https:\/\/evenements.infopro-digital.com\/achatpublic\/actu-formations\/la-folle-semaine-des-marches-publics\/le-parcours-metier-acheteur-public\/#breadcrumb\",\"itemListElement\":[{\"@type\":\"ListItem\",\"position\":1,\"name\":\"Accueil\",\"item\":\"https:\/\/evenements.infopro-digital.com\/achatpublic\/actu-formations\/\"},{\"@type\":\"ListItem\",\"position\":2,\"name\":\"La Folle Semaine des March\u00e9s Publics\",\"item\":\"https:\/\/evenements.infopro-digital.com\/achatpublic\/actu-formations\/la-folle-semaine-des-marches-publics\/\"},{\"@type\":\"ListItem\",\"position\":3,\"name\":\"Le parcours M\u00e9tier Acheteur Public\"}]}]}<\/script>\n<!-- \/ Yoast SEO plugin. -->","yoast_head_json":{"title":"Le parcours M\u00e9tier Acheteur Public - Formation Achatpublic","robots":{"index":"index","follow":"follow","max-snippet":"max-snippet:-1","max-image-preview":"max-image-preview:large","max-video-preview":"max-video-preview:-1"},"canonical":"https:\/\/evenements.infopro-digital.com\/achatpublic\/actu-formations\/la-folle-semaine-des-marches-publics\/le-parcours-metier-acheteur-public\/","og_locale":"fr_FR","og_type":"article","og_title":"Le parcours M\u00e9tier Acheteur Public - Formation Achatpublic","og_url":"https:\/\/evenements.infopro-digital.com\/achatpublic\/actu-formations\/la-folle-semaine-des-marches-publics\/le-parcours-metier-acheteur-public\/","og_site_name":"Formation Achatpublic","article_modified_time":"2025-10-01T07:43:11+00:00","twitter_card":"summary_large_image","twitter_misc":{"Est. reading time":"3 minutes"},"schema":{"@context":"https:\/\/schema.org","@graph":[{"@type":"WebSite","@id":"https:\/\/evenements.infopro-digital.com\/achatpublic\/actu-formations\/#website","url":"https:\/\/evenements.infopro-digital.com\/achatpublic\/actu-formations\/","name":"Formation Achatpublic","description":"Un site utilisant Les sites de Formation argus","potentialAction":[{"@type":"SearchAction","target":{"@type":"EntryPoint","urlTemplate":"https:\/\/evenements.infopro-digital.com\/achatpublic\/actu-formations\/?s={search_term_string}"},"query-input":"required name=search_term_string"}],"inLanguage":"fr-FR"},{"@type":"WebPage","@id":"https:\/\/evenements.infopro-digital.com\/achatpublic\/actu-formations\/la-folle-semaine-des-marches-publics\/le-parcours-metier-acheteur-public\/#webpage","url":"https:\/\/evenements.infopro-digital.com\/achatpublic\/actu-formations\/la-folle-semaine-des-marches-publics\/le-parcours-metier-acheteur-public\/","name":"Le parcours M\u00e9tier Acheteur Public - Formation Achatpublic","isPartOf":{"@id":"https:\/\/evenements.infopro-digital.com\/achatpublic\/actu-formations\/#website"},"datePublished":"2022-05-10T09:48:13+00:00","dateModified":"2025-10-01T07:43:11+00:00","breadcrumb":{"@id":"https:\/\/evenements.infopro-digital.com\/achatpublic\/actu-formations\/la-folle-semaine-des-marches-publics\/le-parcours-metier-acheteur-public\/#breadcrumb"},"inLanguage":"fr-FR","potentialAction":[{"@type":"ReadAction","target":["https:\/\/evenements.infopro-digital.com\/achatpublic\/actu-formations\/la-folle-semaine-des-marches-publics\/le-parcours-metier-acheteur-public\/"]}]},{"@type":"BreadcrumbList","@id":"https:\/\/evenements.infopro-digital.com\/achatpublic\/actu-formations\/la-folle-semaine-des-marches-publics\/le-parcours-metier-acheteur-public\/#breadcrumb","itemListElement":[{"@type":"ListItem","position":1,"name":"Accueil","item":"https:\/\/evenements.infopro-digital.com\/achatpublic\/actu-formations\/"},{"@type":"ListItem","position":2,"name":"La Folle Semaine des March\u00e9s Publics","item":"https:\/\/evenements.infopro-digital.com\/achatpublic\/actu-formations\/la-folle-semaine-des-marches-publics\/"},{"@type":"ListItem","position":3,"name":"Le parcours M\u00e9tier Acheteur Public"}]}]}},"_links":{"self":[{"href":"https:\/\/evenements.infopro-digital.com\/achatpublic\/actu-formations\/wp-json\/wp\/v2\/pages\/453"}],"collection":[{"href":"https:\/\/evenements.infopro-digital.com\/achatpublic\/actu-formations\/wp-json\/wp\/v2\/pages"}],"about":[{"href":"https:\/\/evenements.infopro-digital.com\/achatpublic\/actu-formations\/wp-json\/wp\/v2\/types\/page"}],"author":[{"embeddable":true,"href":"https:\/\/evenements.infopro-digital.com\/achatpublic\/actu-formations\/wp-json\/wp\/v2\/users\/5"}],"replies":[{"embeddable":true,"href":"https:\/\/evenements.infopro-digital.com\/achatpublic\/actu-formations\/wp-json\/wp\/v2\/comments?post=453"}],"version-history":[{"count":35,"href":"https:\/\/evenements.infopro-digital.com\/achatpublic\/actu-formations\/wp-json\/wp\/v2\/pages\/453\/revisions"}],"predecessor-version":[{"id":2412,"href":"https:\/\/evenements.infopro-digital.com\/achatpublic\/actu-formations\/wp-json\/wp\/v2\/pages\/453\/revisions\/2412"}],"up":[{"embeddable":true,"href":"https:\/\/evenements.infopro-digital.com\/achatpublic\/actu-formations\/wp-json\/wp\/v2\/pages\/2215"}],"wp:attachment":[{"href":"https:\/\/evenements.infopro-digital.com\/achatpublic\/actu-formations\/wp-json\/wp\/v2\/media?parent=453"}],"curies":[{"name":"wp","href":"https:\/\/api.w.org\/{rel}","templated":true}]}}