{"id":239,"date":"2022-03-31T10:34:38","date_gmt":"2022-03-31T08:34:38","guid":{"rendered":"https:\/\/evenements.infopro-digital.com\/achatpublic\/actu-formations\/?page_id=239"},"modified":"2026-03-06T13:25:44","modified_gmt":"2026-03-06T12:25:44","slug":"qui-sommes-nous","status":"publish","type":"page","link":"https:\/\/evenements.infopro-digital.com\/achatpublic\/actu-formations\/informations-pratiques-sur-notre-organisme\/qui-sommes-nous\/","title":{"rendered":"Qui sommes-nous ?"},"content":{"rendered":"<div  class=\"strate alignfull has-background-color-opacity-100\" style=\" background-position: 50% 50%;\"><div class=\"centrage\">\n<section style=\"\" class=\"media-text       media-text--img-30  media-text--content-align-vertical-middle media-text--media-align-vertical-middle   media-text--img-contain\" ><div class=\"centrage media-text__layout\"><figure class=\"media-text__media\"><img src=\"https:\/\/evenements.infopro-digital.com\/achatpublic\/actu-formations\/\/app\/uploads\/sites\/4\/2022\/04\/cycle-expert.png\" width=\"500\" height=\"500\" alt=\"\" style=\"\" \/><\/figure><div class=\"media-text__content\">\n\n<div class=\"wp-block-image\"><figure class=\"aligncenter size-full is-resized\"><img src=\"https:\/\/evenements.infopro-digital.com\/achatpublic\/actu-formations\/\/app\/uploads\/sites\/4\/2022\/04\/achatpublic-2.png\" alt=\"\" class=\"wp-image-363\" width=\"434\" height=\"147\" srcset=\"https:\/\/evenements.infopro-digital.com\/achatpublic\/actu-formations\/\/app\/uploads\/sites\/4\/2022\/04\/achatpublic-2.png 867w, https:\/\/evenements.infopro-digital.com\/achatpublic\/actu-formations\/\/app\/uploads\/sites\/4\/2022\/04\/achatpublic-2-300x101.png 300w, https:\/\/evenements.infopro-digital.com\/achatpublic\/actu-formations\/\/app\/uploads\/sites\/4\/2022\/04\/achatpublic-2-768x260.png 768w, https:\/\/evenements.infopro-digital.com\/achatpublic\/actu-formations\/\/app\/uploads\/sites\/4\/2022\/04\/achatpublic-2-800x270.png 800w, https:\/\/evenements.infopro-digital.com\/achatpublic\/actu-formations\/\/app\/uploads\/sites\/4\/2022\/04\/achatpublic-2-400x135.png 400w\" sizes=\"(max-width: 434px) 100vw, 434px\" \/><\/figure><\/div>\n\n\n\n<p class=\"has-white-background-color has-background\">Cr\u00e9\u00e9e en 2003, <strong>achatpublic.com<\/strong> est le leader en France dans le domaine des services aux acheteurs publics. Ses services reposent sur 4 piliers :<br>&#8211; <span class=\"has-inline-color has-color-1-color\"><strong>Portail de l&rsquo;achat public<\/strong> <\/span>: la plateforme qui met en relation les responsables de la commande publique avec ses fournisseurs<br>&#8211; <strong><span class=\"has-inline-color has-color-1-color\">M\u00e9dia<\/span><\/strong> : achatpublic.info est le media web de l&rsquo;information en continu d\u00e9di\u00e9 \u00e0 la commande publique<br>&#8211; <strong><span class=\"has-inline-color has-color-1-color\">Formations<\/span><\/strong> : organisme certifi\u00e9 Qualiopi, achatpublic.com d\u00e9livre des formations \u00e0 destination des acheteurs publics et des entreprises<br>&#8211; <strong><span class=\"has-inline-color has-color-1-color\">Echanges<\/span><\/strong> : les Troph\u00e9es de la commande publique r\u00e9compensent chaque ann\u00e9e les projets les plus exemplaires et novateurs<\/p>\n\n<\/div><\/div><\/section>\n<\/div><\/div>\n\n<section style=\"\" class=\"media-text  media-text--media-border-radius     media-text--img-30  media-text--content-align-vertical-middle media-text--media-align-vertical-middle  media-text--img-right media-text--img-contain\" ><div class=\"centrage media-text__layout\"><figure class=\"media-text__media\"><img src=\"https:\/\/evenements.infopro-digital.com\/achatpublic\/actu-formations\/\/app\/uploads\/sites\/4\/2022\/04\/image-blog-APC.png\" width=\"500\" height=\"500\" alt=\"\" style=\"\" \/><\/figure><div class=\"media-text__content\">\n\n<p class=\"has-color-1-color has-text-color has-large-font-size\">Les formations achatpublic.com<\/p>\n\n\n\n<p class=\"has-normal-font-size\">L&rsquo;\u00e9quipe Formations de achatpublic.com vous accompagne dans vos projets de formations :<br>&#8211; A destination des acheteurs publics<br>&#8211; A destination des entreprises r\u00e9pondant \u00e0 des appels d&rsquo;offres publics<br><br>Chaque ann\u00e9e, nous organisons la Folle Semaine des March\u00e9s publics, un \u00e9v\u00e9nement d\u00e9di\u00e9 aux acheteurs publics (conf\u00e9rence, formations, animations..). <\/p>\n\n\n\n<p>Notre organisme est certifi\u00e9 Qualiopi : toutes nos formations peuvent donc \u00eatre \u00e9ligibles aux dispositifs de financement de l&rsquo;Etat. Cette certification atteste \u00e9galement la qualit\u00e9 de nos processus de formation. <\/p>\n\n\n\n<div class=\"wp-block-image\"><figure class=\"aligncenter size-large is-resized\"><img src=\"https:\/\/evenements.infopro-digital.com\/achatpublic\/actu-formations\/\/app\/uploads\/sites\/4\/2023\/10\/logo-qualiopi-avec-action-de-formation-1.png\" alt=\"\" class=\"wp-image-1303\" width=\"245\" height=\"206\" srcset=\"https:\/\/evenements.infopro-digital.com\/achatpublic\/actu-formations\/\/app\/uploads\/sites\/4\/2023\/10\/logo-qualiopi-avec-action-de-formation-1.png 980w, https:\/\/evenements.infopro-digital.com\/achatpublic\/actu-formations\/\/app\/uploads\/sites\/4\/2023\/10\/logo-qualiopi-avec-action-de-formation-1-300x253.png 300w, https:\/\/evenements.infopro-digital.com\/achatpublic\/actu-formations\/\/app\/uploads\/sites\/4\/2023\/10\/logo-qualiopi-avec-action-de-formation-1-768x647.png 768w, https:\/\/evenements.infopro-digital.com\/achatpublic\/actu-formations\/\/app\/uploads\/sites\/4\/2023\/10\/logo-qualiopi-avec-action-de-formation-1-800x673.png 800w, https:\/\/evenements.infopro-digital.com\/achatpublic\/actu-formations\/\/app\/uploads\/sites\/4\/2023\/10\/logo-qualiopi-avec-action-de-formation-1-400x337.png 400w\" sizes=\"(max-width: 245px) 100vw, 245px\" \/><\/figure><\/div>\n\n\n\n<p><\/p>\n\n\n<div class=\"bttns bttns-align-center\">\n<div class=\"bttn-align-center\"><a href=\"https:\/\/evenements.infopro-digital.com\/achatpublic\/actu-formations\/informations-pratiques-sur-notre-organisme\/engagements-qualite\/\" target=\"_self\" class=\"bttn is-style-outline  bttn--md\"><span class=\"bttn__cont-label-icon\"><span class=\"bttn__label\">Nos engagements qualit\u00e9<\/span><\/span><\/a><\/div>\n\n<div class=\"bttn-align-center\"><a href=\"https:\/\/evenements.infopro-digital.com\/achatpublic\/actu-formations\/les-dernieres-infos\/\" target=\"_self\" class=\"bttn is-style-outline  bttn--md\"><span class=\"bttn__cont-label-icon\"><span class=\"bttn__label\">Nos actualit\u00e9s<\/span><\/span><\/a><\/div>\n<\/div>\n<\/div><\/div><\/section>\n\n<div  class=\"strate alignfull has-background-color-opacity-100\" style=\" background-position: 50% 50%;\"><div class=\"centrage\">\n\n<div class=\"has-3-columns wp-block-columns\">\n<div class=\" wp-block-column\"><div class=\"keys-figures\" style=\"\"><p class=\"keys-figures__chiffre has-ipd-28-font-size  has-text-align-center\">20<\/p><div class=\"separator  has-color-1-separator-color  separator--line separator--thickness-2  separator--md separator--center\"><\/div><p class=\"has-ipd-24-font-size  has-text-align-center\">ann\u00e9es d&rsquo;exp\u00e9rience dans la formation sur la th\u00e9matique des march\u00e9s publics<\/p><\/div><\/div>\n\n\n\n<div class=\" wp-block-column\"><div class=\"keys-figures\" style=\"\"><p class=\"keys-figures__chiffre has-ipd-28-font-size  has-text-align-center\">80+<\/p><div class=\"separator  has-color-1-separator-color  separator--line separator--thickness-2  separator--md separator--center\"><\/div><p class=\"has-ipd-24-font-size  has-text-align-center\">Formateurs-experts<\/p><\/div><\/div>\n\n\n\n<div class=\" wp-block-column\"><div class=\"keys-figures\" style=\"\"><p class=\"keys-figures__chiffre has-ipd-28-font-size  has-text-align-center\">140<\/p><div class=\"separator  has-color-1-separator-color  separator--line separator--thickness-2  separator--md separator--center\"><\/div><p class=\"has-ipd-24-font-size  has-text-align-center\">Formations propos\u00e9es au catalogue<\/p><\/div><\/div>\n<\/div>\n\n<\/div><\/div>","protected":false},"excerpt":{"rendered":"","protected":false},"author":5,"featured_media":0,"parent":232,"menu_order":0,"comment_status":"closed","ping_status":"closed","template":"","meta":[],"yoast_head":"<!-- This site is optimized with the Yoast SEO plugin v18.9 - https:\/\/yoast.com\/wordpress\/plugins\/seo\/ -->\n<title>Qui sommes-nous ? - Formation Achatpublic<\/title>\n<meta name=\"robots\" content=\"index, follow, max-snippet:-1, max-image-preview:large, max-video-preview:-1\" \/>\n<link rel=\"canonical\" href=\"https:\/\/evenements.infopro-digital.com\/achatpublic\/actu-formations\/informations-pratiques-sur-notre-organisme\/qui-sommes-nous\/\" \/>\n<meta property=\"og:locale\" content=\"fr_FR\" \/>\n<meta property=\"og:type\" content=\"article\" \/>\n<meta property=\"og:title\" content=\"Qui sommes-nous ? - Formation Achatpublic\" \/>\n<meta property=\"og:url\" content=\"https:\/\/evenements.infopro-digital.com\/achatpublic\/actu-formations\/informations-pratiques-sur-notre-organisme\/qui-sommes-nous\/\" \/>\n<meta property=\"og:site_name\" content=\"Formation Achatpublic\" \/>\n<meta property=\"article:modified_time\" content=\"2026-03-06T12:25:44+00:00\" \/>\n<meta property=\"og:image\" content=\"https:\/\/evenements.infopro-digital.com\/achatpublic\/actu-formations\/\/app\/uploads\/sites\/4\/2022\/04\/achatpublic-2.png\" \/>\n<meta name=\"twitter:card\" content=\"summary_large_image\" \/>\n<meta name=\"twitter:label1\" content=\"Est. reading time\" \/>\n\t<meta name=\"twitter:data1\" content=\"2 minutes\" \/>\n<script type=\"application\/ld+json\" class=\"yoast-schema-graph\">{\"@context\":\"https:\/\/schema.org\",\"@graph\":[{\"@type\":\"WebSite\",\"@id\":\"https:\/\/evenements.infopro-digital.com\/achatpublic\/actu-formations\/#website\",\"url\":\"https:\/\/evenements.infopro-digital.com\/achatpublic\/actu-formations\/\",\"name\":\"Formation Achatpublic\",\"description\":\"Un site utilisant Les sites de Formation argus\",\"potentialAction\":[{\"@type\":\"SearchAction\",\"target\":{\"@type\":\"EntryPoint\",\"urlTemplate\":\"https:\/\/evenements.infopro-digital.com\/achatpublic\/actu-formations\/?s={search_term_string}\"},\"query-input\":\"required name=search_term_string\"}],\"inLanguage\":\"fr-FR\"},{\"@type\":\"ImageObject\",\"inLanguage\":\"fr-FR\",\"@id\":\"https:\/\/evenements.infopro-digital.com\/achatpublic\/actu-formations\/informations-pratiques-sur-notre-organisme\/qui-sommes-nous\/#primaryimage\",\"url\":\"https:\/\/evenements.infopro-digital.com\/achatpublic\/actu-formations\/\/app\/uploads\/sites\/4\/2022\/04\/achatpublic-2.png\",\"contentUrl\":\"https:\/\/evenements.infopro-digital.com\/achatpublic\/actu-formations\/\/app\/uploads\/sites\/4\/2022\/04\/achatpublic-2.png\",\"width\":867,\"height\":293},{\"@type\":\"WebPage\",\"@id\":\"https:\/\/evenements.infopro-digital.com\/achatpublic\/actu-formations\/informations-pratiques-sur-notre-organisme\/qui-sommes-nous\/#webpage\",\"url\":\"https:\/\/evenements.infopro-digital.com\/achatpublic\/actu-formations\/informations-pratiques-sur-notre-organisme\/qui-sommes-nous\/\",\"name\":\"Qui sommes-nous ? - Formation Achatpublic\",\"isPartOf\":{\"@id\":\"https:\/\/evenements.infopro-digital.com\/achatpublic\/actu-formations\/#website\"},\"primaryImageOfPage\":{\"@id\":\"https:\/\/evenements.infopro-digital.com\/achatpublic\/actu-formations\/informations-pratiques-sur-notre-organisme\/qui-sommes-nous\/#primaryimage\"},\"datePublished\":\"2022-03-31T08:34:38+00:00\",\"dateModified\":\"2026-03-06T12:25:44+00:00\",\"breadcrumb\":{\"@id\":\"https:\/\/evenements.infopro-digital.com\/achatpublic\/actu-formations\/informations-pratiques-sur-notre-organisme\/qui-sommes-nous\/#breadcrumb\"},\"inLanguage\":\"fr-FR\",\"potentialAction\":[{\"@type\":\"ReadAction\",\"target\":[\"https:\/\/evenements.infopro-digital.com\/achatpublic\/actu-formations\/informations-pratiques-sur-notre-organisme\/qui-sommes-nous\/\"]}]},{\"@type\":\"BreadcrumbList\",\"@id\":\"https:\/\/evenements.infopro-digital.com\/achatpublic\/actu-formations\/informations-pratiques-sur-notre-organisme\/qui-sommes-nous\/#breadcrumb\",\"itemListElement\":[{\"@type\":\"ListItem\",\"position\":1,\"name\":\"Accueil\",\"item\":\"https:\/\/evenements.infopro-digital.com\/achatpublic\/actu-formations\/\"},{\"@type\":\"ListItem\",\"position\":2,\"name\":\"Informations pratiques sur notre organisme\",\"item\":\"https:\/\/evenements.infopro-digital.com\/achatpublic\/actu-formations\/informations-pratiques-sur-notre-organisme\/\"},{\"@type\":\"ListItem\",\"position\":3,\"name\":\"Qui sommes-nous ?\"}]}]}<\/script>\n<!-- \/ Yoast SEO plugin. -->","yoast_head_json":{"title":"Qui sommes-nous ? - Formation Achatpublic","robots":{"index":"index","follow":"follow","max-snippet":"max-snippet:-1","max-image-preview":"max-image-preview:large","max-video-preview":"max-video-preview:-1"},"canonical":"https:\/\/evenements.infopro-digital.com\/achatpublic\/actu-formations\/informations-pratiques-sur-notre-organisme\/qui-sommes-nous\/","og_locale":"fr_FR","og_type":"article","og_title":"Qui sommes-nous ? - Formation Achatpublic","og_url":"https:\/\/evenements.infopro-digital.com\/achatpublic\/actu-formations\/informations-pratiques-sur-notre-organisme\/qui-sommes-nous\/","og_site_name":"Formation Achatpublic","article_modified_time":"2026-03-06T12:25:44+00:00","og_image":[{"url":"https:\/\/evenements.infopro-digital.com\/achatpublic\/actu-formations\/\/app\/uploads\/sites\/4\/2022\/04\/achatpublic-2.png"}],"twitter_card":"summary_large_image","twitter_misc":{"Est. reading time":"2 minutes"},"schema":{"@context":"https:\/\/schema.org","@graph":[{"@type":"WebSite","@id":"https:\/\/evenements.infopro-digital.com\/achatpublic\/actu-formations\/#website","url":"https:\/\/evenements.infopro-digital.com\/achatpublic\/actu-formations\/","name":"Formation Achatpublic","description":"Un site utilisant Les sites de Formation argus","potentialAction":[{"@type":"SearchAction","target":{"@type":"EntryPoint","urlTemplate":"https:\/\/evenements.infopro-digital.com\/achatpublic\/actu-formations\/?s={search_term_string}"},"query-input":"required name=search_term_string"}],"inLanguage":"fr-FR"},{"@type":"ImageObject","inLanguage":"fr-FR","@id":"https:\/\/evenements.infopro-digital.com\/achatpublic\/actu-formations\/informations-pratiques-sur-notre-organisme\/qui-sommes-nous\/#primaryimage","url":"https:\/\/evenements.infopro-digital.com\/achatpublic\/actu-formations\/\/app\/uploads\/sites\/4\/2022\/04\/achatpublic-2.png","contentUrl":"https:\/\/evenements.infopro-digital.com\/achatpublic\/actu-formations\/\/app\/uploads\/sites\/4\/2022\/04\/achatpublic-2.png","width":867,"height":293},{"@type":"WebPage","@id":"https:\/\/evenements.infopro-digital.com\/achatpublic\/actu-formations\/informations-pratiques-sur-notre-organisme\/qui-sommes-nous\/#webpage","url":"https:\/\/evenements.infopro-digital.com\/achatpublic\/actu-formations\/informations-pratiques-sur-notre-organisme\/qui-sommes-nous\/","name":"Qui sommes-nous ? - Formation Achatpublic","isPartOf":{"@id":"https:\/\/evenements.infopro-digital.com\/achatpublic\/actu-formations\/#website"},"primaryImageOfPage":{"@id":"https:\/\/evenements.infopro-digital.com\/achatpublic\/actu-formations\/informations-pratiques-sur-notre-organisme\/qui-sommes-nous\/#primaryimage"},"datePublished":"2022-03-31T08:34:38+00:00","dateModified":"2026-03-06T12:25:44+00:00","breadcrumb":{"@id":"https:\/\/evenements.infopro-digital.com\/achatpublic\/actu-formations\/informations-pratiques-sur-notre-organisme\/qui-sommes-nous\/#breadcrumb"},"inLanguage":"fr-FR","potentialAction":[{"@type":"ReadAction","target":["https:\/\/evenements.infopro-digital.com\/achatpublic\/actu-formations\/informations-pratiques-sur-notre-organisme\/qui-sommes-nous\/"]}]},{"@type":"BreadcrumbList","@id":"https:\/\/evenements.infopro-digital.com\/achatpublic\/actu-formations\/informations-pratiques-sur-notre-organisme\/qui-sommes-nous\/#breadcrumb","itemListElement":[{"@type":"ListItem","position":1,"name":"Accueil","item":"https:\/\/evenements.infopro-digital.com\/achatpublic\/actu-formations\/"},{"@type":"ListItem","position":2,"name":"Informations pratiques sur notre organisme","item":"https:\/\/evenements.infopro-digital.com\/achatpublic\/actu-formations\/informations-pratiques-sur-notre-organisme\/"},{"@type":"ListItem","position":3,"name":"Qui sommes-nous ?"}]}]}},"_links":{"self":[{"href":"https:\/\/evenements.infopro-digital.com\/achatpublic\/actu-formations\/wp-json\/wp\/v2\/pages\/239"}],"collection":[{"href":"https:\/\/evenements.infopro-digital.com\/achatpublic\/actu-formations\/wp-json\/wp\/v2\/pages"}],"about":[{"href":"https:\/\/evenements.infopro-digital.com\/achatpublic\/actu-formations\/wp-json\/wp\/v2\/types\/page"}],"author":[{"embeddable":true,"href":"https:\/\/evenements.infopro-digital.com\/achatpublic\/actu-formations\/wp-json\/wp\/v2\/users\/5"}],"replies":[{"embeddable":true,"href":"https:\/\/evenements.infopro-digital.com\/achatpublic\/actu-formations\/wp-json\/wp\/v2\/comments?post=239"}],"version-history":[{"count":13,"href":"https:\/\/evenements.infopro-digital.com\/achatpublic\/actu-formations\/wp-json\/wp\/v2\/pages\/239\/revisions"}],"predecessor-version":[{"id":2489,"href":"https:\/\/evenements.infopro-digital.com\/achatpublic\/actu-formations\/wp-json\/wp\/v2\/pages\/239\/revisions\/2489"}],"up":[{"embeddable":true,"href":"https:\/\/evenements.infopro-digital.com\/achatpublic\/actu-formations\/wp-json\/wp\/v2\/pages\/232"}],"wp:attachment":[{"href":"https:\/\/evenements.infopro-digital.com\/achatpublic\/actu-formations\/wp-json\/wp\/v2\/media?parent=239"}],"curies":[{"name":"wp","href":"https:\/\/api.w.org\/{rel}","templated":true}]}}