{"id":228,"date":"2022-03-31T10:23:26","date_gmt":"2022-03-31T08:23:26","guid":{"rendered":"https:\/\/evenements.infopro-digital.com\/achatpublic\/actu-formations\/?page_id=228"},"modified":"2022-05-13T13:48:57","modified_gmt":"2022-05-13T11:48:57","slug":"formations-intra","status":"publish","type":"page","link":"https:\/\/evenements.infopro-digital.com\/achatpublic\/actu-formations\/informations-pratiques-sur-notre-organisme\/formations-intra\/","title":{"rendered":"Formations intra-entreprise et sur-mesure"},"content":{"rendered":"<div data-anchor-libelle=\"Notre proposition de valeur\" class=\"block-anchor\" id=\"notre-proposition-de-valeur\"><\/div>\n\n<div  class=\"strate alignfull has-background-color-opacity-100\" style=\" background-position: 50% 50%;\"><div class=\"centrage\">\n\n<figure class=\"wp-block-pullquote\"><blockquote><p>\u00ab\u00a0D\u00e8s 4 participants, il est possible d&rsquo;organiser des formations d\u00e9di\u00e9es \u00e0 vos \u00e9quipes, dans vos locaux ou \u00e0 distance\u00a0\u00bb<\/p><cite>CHRISTOPHE, responsable commercial des formations achatpublic.com<\/cite><\/blockquote><\/figure>\n\n\n\n<p class=\"has-medium-font-size\">En intra-entreprise, les programmes propos\u00e9s au catalogue :<br><br>&gt; Sont <strong><span class=\"has-inline-color has-color-1-color\">adaptables <\/span><\/strong>\u00e0 vos probl\u00e9matiques m\u00e9tier (des exemples\/cas pratiques sp\u00e9cifiques peuvent \u00eatre faits en s\u00e9ance)<br>&gt; Peuvent \u00eatre d\u00e9roul\u00e9s<strong><span class=\"has-inline-color has-color-1-color\"> dans vos locaux ou \u00e0 distance<\/span><\/strong><br>&gt; Peuvent \u00eatre d\u00e9roul\u00e9s aux <strong><span class=\"has-inline-color has-color-1-color\">dates de votre choix<\/span><\/strong><br><br>Vous souhaitez une formation totalement adapt\u00e9e \u00e0 vos besoins ? Un contenu<strong><span class=\"has-inline-color has-color-1-color\"> sur-mesure<\/span><\/strong> sp\u00e9cifique \u00e0 votre cahier des charges peut \u00e9galement \u00eatre cr\u00e9\u00e9, en coop\u00e9ration avec nos experts.<\/p>\n\n\n<div  class=\"strate alignfull has-background-color-opacity-100\" style=\" background-position: 50% 50%;\"><div class=\"centrage\">\n\n<p class=\"has-text-align-left has-black-color has-color-2-background-color has-text-color has-background has-medium-font-size\"><strong>Notre d\u00e9marche :<\/strong><br>1 &#8211; <strong>Conseiller<\/strong> : profitez du savoir-faire de notre \u00e9quipe p\u00e9dagogique \u00e0 toutes les \u00e9tapes du projet de formation<br>2 &#8211; <strong>Co-construire <\/strong>: nous construisons ensemble le programme le plus adapt\u00e9 aux besoins de vos collaborateurs<br>3 &#8211; <strong>Personnaliser<\/strong> : le programme de formation sera adapt\u00e9 au contexte de votre organisation (exemples, cas pratiques, contenu de la formation, modalit\u00e9 p\u00e9dagogique&#8230;)<br>4 &#8211; <strong>Evaluer<\/strong> : dans la d\u00e9marche qualit\u00e9 de notre organisme (certifi\u00e9 Qualiopi), nous analysons de mani\u00e8re syst\u00e9matique la satisafction des participants<\/p>\n\n<\/div><\/div>\n<\/div><\/div>\n\n<div data-anchor-libelle=\"Ils nous font confiance\" class=\"block-anchor\" id=\"ils-nous-font-confiance\"><\/div>\n\n<div  class=\"strate alignfull has-background-color-opacity-100\" style=\" background-position: 50% 50%;\"><div class=\"centrage\">\n\n<p class=\"has-color-1-color has-text-color has-large-font-size\">Ils nous ont fait confiance :<\/p>\n\n\n<div class=\"logos\">\n\n<figure class=\"wp-block-image size-large\"><img width=\"596\" height=\"484\" src=\"https:\/\/evenements.infopro-digital.com\/achatpublic\/actu-formations\/\/app\/uploads\/sites\/4\/2022\/04\/1.jpg\" alt=\"\" class=\"wp-image-397\" srcset=\"https:\/\/evenements.infopro-digital.com\/achatpublic\/actu-formations\/\/app\/uploads\/sites\/4\/2022\/04\/1.jpg 596w, https:\/\/evenements.infopro-digital.com\/achatpublic\/actu-formations\/\/app\/uploads\/sites\/4\/2022\/04\/1-300x244.jpg 300w, https:\/\/evenements.infopro-digital.com\/achatpublic\/actu-formations\/\/app\/uploads\/sites\/4\/2022\/04\/1-400x325.jpg 400w\" sizes=\"(max-width: 596px) 100vw, 596px\" \/><\/figure>\n\n\n\n<figure class=\"wp-block-image size-large\"><img width=\"1024\" height=\"279\" src=\"https:\/\/evenements.infopro-digital.com\/achatpublic\/actu-formations\/\/app\/uploads\/sites\/4\/2022\/04\/2-1024x279.png\" alt=\"\" class=\"wp-image-398\" srcset=\"https:\/\/evenements.infopro-digital.com\/achatpublic\/actu-formations\/\/app\/uploads\/sites\/4\/2022\/04\/2-1024x279.png 1024w, https:\/\/evenements.infopro-digital.com\/achatpublic\/actu-formations\/\/app\/uploads\/sites\/4\/2022\/04\/2-300x82.png 300w, https:\/\/evenements.infopro-digital.com\/achatpublic\/actu-formations\/\/app\/uploads\/sites\/4\/2022\/04\/2-768x209.png 768w, https:\/\/evenements.infopro-digital.com\/achatpublic\/actu-formations\/\/app\/uploads\/sites\/4\/2022\/04\/2-1200x327.png 1200w, https:\/\/evenements.infopro-digital.com\/achatpublic\/actu-formations\/\/app\/uploads\/sites\/4\/2022\/04\/2-800x218.png 800w, https:\/\/evenements.infopro-digital.com\/achatpublic\/actu-formations\/\/app\/uploads\/sites\/4\/2022\/04\/2-400x109.png 400w, https:\/\/evenements.infopro-digital.com\/achatpublic\/actu-formations\/\/app\/uploads\/sites\/4\/2022\/04\/2.png 1280w\" sizes=\"(max-width: 1024px) 100vw, 1024px\" \/><\/figure>\n\n\n\n<figure class=\"wp-block-image size-large\"><img width=\"1000\" height=\"315\" src=\"https:\/\/evenements.infopro-digital.com\/achatpublic\/actu-formations\/\/app\/uploads\/sites\/4\/2022\/04\/2b.png\" alt=\"\" class=\"wp-image-399\" srcset=\"https:\/\/evenements.infopro-digital.com\/achatpublic\/actu-formations\/\/app\/uploads\/sites\/4\/2022\/04\/2b.png 1000w, https:\/\/evenements.infopro-digital.com\/achatpublic\/actu-formations\/\/app\/uploads\/sites\/4\/2022\/04\/2b-300x95.png 300w, https:\/\/evenements.infopro-digital.com\/achatpublic\/actu-formations\/\/app\/uploads\/sites\/4\/2022\/04\/2b-768x242.png 768w, https:\/\/evenements.infopro-digital.com\/achatpublic\/actu-formations\/\/app\/uploads\/sites\/4\/2022\/04\/2b-800x252.png 800w, https:\/\/evenements.infopro-digital.com\/achatpublic\/actu-formations\/\/app\/uploads\/sites\/4\/2022\/04\/2b-400x126.png 400w\" sizes=\"(max-width: 1000px) 100vw, 1000px\" \/><\/figure>\n\n\n\n<figure class=\"wp-block-image size-large\"><img width=\"1024\" height=\"740\" src=\"https:\/\/evenements.infopro-digital.com\/achatpublic\/actu-formations\/\/app\/uploads\/sites\/4\/2022\/04\/3-1024x740.png\" alt=\"\" class=\"wp-image-400\" srcset=\"https:\/\/evenements.infopro-digital.com\/achatpublic\/actu-formations\/\/app\/uploads\/sites\/4\/2022\/04\/3-1024x740.png 1024w, https:\/\/evenements.infopro-digital.com\/achatpublic\/actu-formations\/\/app\/uploads\/sites\/4\/2022\/04\/3-300x217.png 300w, https:\/\/evenements.infopro-digital.com\/achatpublic\/actu-formations\/\/app\/uploads\/sites\/4\/2022\/04\/3-768x555.png 768w, https:\/\/evenements.infopro-digital.com\/achatpublic\/actu-formations\/\/app\/uploads\/sites\/4\/2022\/04\/3-1536x1111.png 1536w, https:\/\/evenements.infopro-digital.com\/achatpublic\/actu-formations\/\/app\/uploads\/sites\/4\/2022\/04\/3-1200x868.png 1200w, https:\/\/evenements.infopro-digital.com\/achatpublic\/actu-formations\/\/app\/uploads\/sites\/4\/2022\/04\/3-800x578.png 800w, https:\/\/evenements.infopro-digital.com\/achatpublic\/actu-formations\/\/app\/uploads\/sites\/4\/2022\/04\/3-400x289.png 400w, https:\/\/evenements.infopro-digital.com\/achatpublic\/actu-formations\/\/app\/uploads\/sites\/4\/2022\/04\/3.png 1618w\" sizes=\"(max-width: 1024px) 100vw, 1024px\" \/><\/figure>\n\n\n\n<figure class=\"wp-block-image size-large\"><img width=\"300\" height=\"300\" src=\"https:\/\/evenements.infopro-digital.com\/achatpublic\/actu-formations\/\/app\/uploads\/sites\/4\/2022\/04\/4.jpg\" alt=\"\" class=\"wp-image-401\" srcset=\"https:\/\/evenements.infopro-digital.com\/achatpublic\/actu-formations\/\/app\/uploads\/sites\/4\/2022\/04\/4.jpg 300w, https:\/\/evenements.infopro-digital.com\/achatpublic\/actu-formations\/\/app\/uploads\/sites\/4\/2022\/04\/4-150x150.jpg 150w\" sizes=\"(max-width: 300px) 100vw, 300px\" \/><\/figure>\n\n\n\n<figure class=\"wp-block-image size-large\"><img width=\"175\" height=\"113\" src=\"https:\/\/evenements.infopro-digital.com\/achatpublic\/actu-formations\/\/app\/uploads\/sites\/4\/2022\/04\/4.png\" alt=\"\" class=\"wp-image-402\" \/><\/figure>\n\n<\/div>\n<\/div><\/div>\n\n<div data-anchor-libelle=\"Parlons-en\" class=\"block-anchor\" id=\"parlons-en\"><\/div>\n\n<section style=\"\" class=\"media-text       media-text--img-50  media-text--content-align-vertical-middle media-text--media-align-vertical-middle has-background has-color-1-background-color  media-text--img-cover\" ><div class=\"centrage media-text__layout\"><figure class=\"media-text__media\" style=\"background-image: url(https:\/\/evenements.infopro-digital.com\/achatpublic\/actu-formations\/\/app\/uploads\/sites\/4\/2022\/04\/image-blog-APC.png); background-position: 50% 50%; \"><img src=\"https:\/\/evenements.infopro-digital.com\/achatpublic\/actu-formations\/\/app\/uploads\/sites\/4\/2022\/04\/image-blog-APC.png\" width=\"500\" height=\"500\" alt=\"\" style=\"\" \/><\/figure><div class=\"media-text__content\">\n\n<h2>Parlons-en !<\/h2>\n\n\n\n<p class=\"has-medium-font-size\">Vous \u00eates int\u00e9ress\u00e9 par l&rsquo;organisation d&rsquo;une formation en Intra-entreprise? <br>Contactez-nous :<\/p>\n\n\n\n<p class=\"has-medium-font-size\">Par t\u00e9l\u00e9phone : 01 81 93 38 84<br><br>Par e-mail en remplissant l&rsquo;un des formulaires de contact :<\/p>\n\n\n<div class=\"bttn-align-center\"><a href=\"https:\/\/evenements.infopro-digital.com\/achatpublic-public\/contact\/context\/6\" target=\"_blank\" class=\"bttn bttn--icon  bttn--md\"><span class=\"bttn__cont-label-icon\"><span class=\"bttn__label\">Organisme public : contactez-nous<\/span><svg role=\"img\" aria-hidden=\"true\" viewBox=\"0 0 16 16\"><use href=\"#icon-enveloppe\" class=\"icon__unicolor\" \/><\/svg><\/span><\/a><\/div>\n\n<div class=\"bttn-align-center\"><a href=\"https:\/\/evenements.infopro-digital.com\/achatpublic-prive\/contact\/context\/6\" target=\"_blank\" class=\"bttn bttn--icon  bttn--md\"><span class=\"bttn__cont-label-icon\"><span class=\"bttn__label\">Entreprises priv\u00e9es : contactez-nous <\/span><svg role=\"img\" aria-hidden=\"true\" viewBox=\"0 0 16 16\"><use href=\"#icon-enveloppe\" class=\"icon__unicolor\" \/><\/svg><\/span><\/a><\/div>\n<\/div><\/div><\/section>","protected":false},"excerpt":{"rendered":"","protected":false},"author":5,"featured_media":0,"parent":232,"menu_order":0,"comment_status":"closed","ping_status":"closed","template":"","meta":[],"yoast_head":"<!-- This site is optimized with the Yoast SEO plugin v18.9 - https:\/\/yoast.com\/wordpress\/plugins\/seo\/ -->\n<title>Formations intra-entreprise et sur-mesure - Formation Achatpublic<\/title>\n<meta name=\"description\" content=\"Achatpublic.com organise des formations intra-entreprise dans le domaine des march\u00e9s publics \u00e0 destination des acheteurs publics et des entreprises soumissionnaires. Organisme certifi\u00e9 Qualiopi.\" \/>\n<meta name=\"robots\" content=\"index, follow, max-snippet:-1, max-image-preview:large, max-video-preview:-1\" \/>\n<link rel=\"canonical\" href=\"https:\/\/evenements.infopro-digital.com\/achatpublic\/actu-formations\/informations-pratiques-sur-notre-organisme\/formations-intra\/\" \/>\n<meta property=\"og:locale\" content=\"fr_FR\" \/>\n<meta property=\"og:type\" content=\"article\" \/>\n<meta property=\"og:title\" content=\"Formations intra-entreprise et sur-mesure - Formation Achatpublic\" \/>\n<meta property=\"og:description\" content=\"Achatpublic.com organise des formations intra-entreprise dans le domaine des march\u00e9s publics \u00e0 destination des acheteurs publics et des entreprises soumissionnaires. Organisme certifi\u00e9 Qualiopi.\" \/>\n<meta property=\"og:url\" content=\"https:\/\/evenements.infopro-digital.com\/achatpublic\/actu-formations\/informations-pratiques-sur-notre-organisme\/formations-intra\/\" \/>\n<meta property=\"og:site_name\" content=\"Formation Achatpublic\" \/>\n<meta property=\"article:modified_time\" content=\"2022-05-13T11:48:57+00:00\" \/>\n<meta property=\"og:image\" content=\"https:\/\/evenements.infopro-digital.com\/achatpublic\/actu-formations\/\/app\/uploads\/sites\/4\/2022\/04\/1.jpg\" \/>\n<meta name=\"twitter:card\" content=\"summary_large_image\" \/>\n<meta name=\"twitter:label1\" content=\"Est. reading time\" \/>\n\t<meta name=\"twitter:data1\" content=\"3 minutes\" \/>\n<script type=\"application\/ld+json\" class=\"yoast-schema-graph\">{\"@context\":\"https:\/\/schema.org\",\"@graph\":[{\"@type\":\"WebSite\",\"@id\":\"https:\/\/evenements.infopro-digital.com\/achatpublic\/actu-formations\/#website\",\"url\":\"https:\/\/evenements.infopro-digital.com\/achatpublic\/actu-formations\/\",\"name\":\"Formation Achatpublic\",\"description\":\"Un site utilisant Les sites de Formation argus\",\"potentialAction\":[{\"@type\":\"SearchAction\",\"target\":{\"@type\":\"EntryPoint\",\"urlTemplate\":\"https:\/\/evenements.infopro-digital.com\/achatpublic\/actu-formations\/?s={search_term_string}\"},\"query-input\":\"required name=search_term_string\"}],\"inLanguage\":\"fr-FR\"},{\"@type\":\"ImageObject\",\"inLanguage\":\"fr-FR\",\"@id\":\"https:\/\/evenements.infopro-digital.com\/achatpublic\/actu-formations\/informations-pratiques-sur-notre-organisme\/formations-intra\/#primaryimage\",\"url\":\"https:\/\/evenements.infopro-digital.com\/achatpublic\/actu-formations\/\/app\/uploads\/sites\/4\/2022\/04\/1.jpg\",\"contentUrl\":\"https:\/\/evenements.infopro-digital.com\/achatpublic\/actu-formations\/\/app\/uploads\/sites\/4\/2022\/04\/1.jpg\",\"width\":596,\"height\":484},{\"@type\":\"WebPage\",\"@id\":\"https:\/\/evenements.infopro-digital.com\/achatpublic\/actu-formations\/informations-pratiques-sur-notre-organisme\/formations-intra\/#webpage\",\"url\":\"https:\/\/evenements.infopro-digital.com\/achatpublic\/actu-formations\/informations-pratiques-sur-notre-organisme\/formations-intra\/\",\"name\":\"Formations intra-entreprise et sur-mesure - Formation Achatpublic\",\"isPartOf\":{\"@id\":\"https:\/\/evenements.infopro-digital.com\/achatpublic\/actu-formations\/#website\"},\"primaryImageOfPage\":{\"@id\":\"https:\/\/evenements.infopro-digital.com\/achatpublic\/actu-formations\/informations-pratiques-sur-notre-organisme\/formations-intra\/#primaryimage\"},\"datePublished\":\"2022-03-31T08:23:26+00:00\",\"dateModified\":\"2022-05-13T11:48:57+00:00\",\"description\":\"Achatpublic.com organise des formations intra-entreprise dans le domaine des march\u00e9s publics \u00e0 destination des acheteurs publics et des entreprises soumissionnaires. Organisme certifi\u00e9 Qualiopi.\",\"breadcrumb\":{\"@id\":\"https:\/\/evenements.infopro-digital.com\/achatpublic\/actu-formations\/informations-pratiques-sur-notre-organisme\/formations-intra\/#breadcrumb\"},\"inLanguage\":\"fr-FR\",\"potentialAction\":[{\"@type\":\"ReadAction\",\"target\":[\"https:\/\/evenements.infopro-digital.com\/achatpublic\/actu-formations\/informations-pratiques-sur-notre-organisme\/formations-intra\/\"]}]},{\"@type\":\"BreadcrumbList\",\"@id\":\"https:\/\/evenements.infopro-digital.com\/achatpublic\/actu-formations\/informations-pratiques-sur-notre-organisme\/formations-intra\/#breadcrumb\",\"itemListElement\":[{\"@type\":\"ListItem\",\"position\":1,\"name\":\"Accueil\",\"item\":\"https:\/\/evenements.infopro-digital.com\/achatpublic\/actu-formations\/\"},{\"@type\":\"ListItem\",\"position\":2,\"name\":\"Informations pratiques sur notre organisme\",\"item\":\"https:\/\/evenements.infopro-digital.com\/achatpublic\/actu-formations\/informations-pratiques-sur-notre-organisme\/\"},{\"@type\":\"ListItem\",\"position\":3,\"name\":\"Formations intra-entreprise et sur-mesure\"}]}]}<\/script>\n<!-- \/ Yoast SEO plugin. -->","yoast_head_json":{"title":"Formations intra-entreprise et sur-mesure - Formation Achatpublic","description":"Achatpublic.com organise des formations intra-entreprise dans le domaine des march\u00e9s publics \u00e0 destination des acheteurs publics et des entreprises soumissionnaires. Organisme certifi\u00e9 Qualiopi.","robots":{"index":"index","follow":"follow","max-snippet":"max-snippet:-1","max-image-preview":"max-image-preview:large","max-video-preview":"max-video-preview:-1"},"canonical":"https:\/\/evenements.infopro-digital.com\/achatpublic\/actu-formations\/informations-pratiques-sur-notre-organisme\/formations-intra\/","og_locale":"fr_FR","og_type":"article","og_title":"Formations intra-entreprise et sur-mesure - Formation Achatpublic","og_description":"Achatpublic.com organise des formations intra-entreprise dans le domaine des march\u00e9s publics \u00e0 destination des acheteurs publics et des entreprises soumissionnaires. Organisme certifi\u00e9 Qualiopi.","og_url":"https:\/\/evenements.infopro-digital.com\/achatpublic\/actu-formations\/informations-pratiques-sur-notre-organisme\/formations-intra\/","og_site_name":"Formation Achatpublic","article_modified_time":"2022-05-13T11:48:57+00:00","og_image":[{"url":"https:\/\/evenements.infopro-digital.com\/achatpublic\/actu-formations\/\/app\/uploads\/sites\/4\/2022\/04\/1.jpg"}],"twitter_card":"summary_large_image","twitter_misc":{"Est. reading time":"3 minutes"},"schema":{"@context":"https:\/\/schema.org","@graph":[{"@type":"WebSite","@id":"https:\/\/evenements.infopro-digital.com\/achatpublic\/actu-formations\/#website","url":"https:\/\/evenements.infopro-digital.com\/achatpublic\/actu-formations\/","name":"Formation Achatpublic","description":"Un site utilisant Les sites de Formation argus","potentialAction":[{"@type":"SearchAction","target":{"@type":"EntryPoint","urlTemplate":"https:\/\/evenements.infopro-digital.com\/achatpublic\/actu-formations\/?s={search_term_string}"},"query-input":"required name=search_term_string"}],"inLanguage":"fr-FR"},{"@type":"ImageObject","inLanguage":"fr-FR","@id":"https:\/\/evenements.infopro-digital.com\/achatpublic\/actu-formations\/informations-pratiques-sur-notre-organisme\/formations-intra\/#primaryimage","url":"https:\/\/evenements.infopro-digital.com\/achatpublic\/actu-formations\/\/app\/uploads\/sites\/4\/2022\/04\/1.jpg","contentUrl":"https:\/\/evenements.infopro-digital.com\/achatpublic\/actu-formations\/\/app\/uploads\/sites\/4\/2022\/04\/1.jpg","width":596,"height":484},{"@type":"WebPage","@id":"https:\/\/evenements.infopro-digital.com\/achatpublic\/actu-formations\/informations-pratiques-sur-notre-organisme\/formations-intra\/#webpage","url":"https:\/\/evenements.infopro-digital.com\/achatpublic\/actu-formations\/informations-pratiques-sur-notre-organisme\/formations-intra\/","name":"Formations intra-entreprise et sur-mesure - Formation Achatpublic","isPartOf":{"@id":"https:\/\/evenements.infopro-digital.com\/achatpublic\/actu-formations\/#website"},"primaryImageOfPage":{"@id":"https:\/\/evenements.infopro-digital.com\/achatpublic\/actu-formations\/informations-pratiques-sur-notre-organisme\/formations-intra\/#primaryimage"},"datePublished":"2022-03-31T08:23:26+00:00","dateModified":"2022-05-13T11:48:57+00:00","description":"Achatpublic.com organise des formations intra-entreprise dans le domaine des march\u00e9s publics \u00e0 destination des acheteurs publics et des entreprises soumissionnaires. Organisme certifi\u00e9 Qualiopi.","breadcrumb":{"@id":"https:\/\/evenements.infopro-digital.com\/achatpublic\/actu-formations\/informations-pratiques-sur-notre-organisme\/formations-intra\/#breadcrumb"},"inLanguage":"fr-FR","potentialAction":[{"@type":"ReadAction","target":["https:\/\/evenements.infopro-digital.com\/achatpublic\/actu-formations\/informations-pratiques-sur-notre-organisme\/formations-intra\/"]}]},{"@type":"BreadcrumbList","@id":"https:\/\/evenements.infopro-digital.com\/achatpublic\/actu-formations\/informations-pratiques-sur-notre-organisme\/formations-intra\/#breadcrumb","itemListElement":[{"@type":"ListItem","position":1,"name":"Accueil","item":"https:\/\/evenements.infopro-digital.com\/achatpublic\/actu-formations\/"},{"@type":"ListItem","position":2,"name":"Informations pratiques sur notre organisme","item":"https:\/\/evenements.infopro-digital.com\/achatpublic\/actu-formations\/informations-pratiques-sur-notre-organisme\/"},{"@type":"ListItem","position":3,"name":"Formations intra-entreprise et sur-mesure"}]}]}},"_links":{"self":[{"href":"https:\/\/evenements.infopro-digital.com\/achatpublic\/actu-formations\/wp-json\/wp\/v2\/pages\/228"}],"collection":[{"href":"https:\/\/evenements.infopro-digital.com\/achatpublic\/actu-formations\/wp-json\/wp\/v2\/pages"}],"about":[{"href":"https:\/\/evenements.infopro-digital.com\/achatpublic\/actu-formations\/wp-json\/wp\/v2\/types\/page"}],"author":[{"embeddable":true,"href":"https:\/\/evenements.infopro-digital.com\/achatpublic\/actu-formations\/wp-json\/wp\/v2\/users\/5"}],"replies":[{"embeddable":true,"href":"https:\/\/evenements.infopro-digital.com\/achatpublic\/actu-formations\/wp-json\/wp\/v2\/comments?post=228"}],"version-history":[{"count":11,"href":"https:\/\/evenements.infopro-digital.com\/achatpublic\/actu-formations\/wp-json\/wp\/v2\/pages\/228\/revisions"}],"predecessor-version":[{"id":503,"href":"https:\/\/evenements.infopro-digital.com\/achatpublic\/actu-formations\/wp-json\/wp\/v2\/pages\/228\/revisions\/503"}],"up":[{"embeddable":true,"href":"https:\/\/evenements.infopro-digital.com\/achatpublic\/actu-formations\/wp-json\/wp\/v2\/pages\/232"}],"wp:attachment":[{"href":"https:\/\/evenements.infopro-digital.com\/achatpublic\/actu-formations\/wp-json\/wp\/v2\/media?parent=228"}],"curies":[{"name":"wp","href":"https:\/\/api.w.org\/{rel}","templated":true}]}}