{"id":2,"date":"2022-03-22T09:42:22","date_gmt":"2022-03-22T08:42:22","guid":{"rendered":"http:\/\/achatpublic.smerle.modern.evenements-actus-argus.sbx.dev2.gisi-interactive.net\/?page_id=2"},"modified":"2026-03-06T13:26:42","modified_gmt":"2026-03-06T12:26:42","slug":"accueil","status":"publish","type":"page","link":"https:\/\/evenements.infopro-digital.com\/achatpublic\/actu-formations\/","title":{"rendered":"Accueil"},"content":{"rendered":"\n<div class=\"wp-block-cover has-background-dim\"><img width=\"500\" height=\"500\" class=\"wp-block-cover__image-background wp-image-262\" alt=\"\" src=\"https:\/\/evenements.infopro-digital.com\/achatpublic\/actu-formations\/\/app\/uploads\/sites\/4\/2022\/04\/image-blog-APC.png\" data-object-fit=\"cover\" srcset=\"https:\/\/evenements.infopro-digital.com\/achatpublic\/actu-formations\/\/app\/uploads\/sites\/4\/2022\/04\/image-blog-APC.png 500w, https:\/\/evenements.infopro-digital.com\/achatpublic\/actu-formations\/\/app\/uploads\/sites\/4\/2022\/04\/image-blog-APC-300x300.png 300w, https:\/\/evenements.infopro-digital.com\/achatpublic\/actu-formations\/\/app\/uploads\/sites\/4\/2022\/04\/image-blog-APC-150x150.png 150w, https:\/\/evenements.infopro-digital.com\/achatpublic\/actu-formations\/\/app\/uploads\/sites\/4\/2022\/04\/image-blog-APC-400x400.png 400w\" sizes=\"(max-width: 500px) 100vw, 500px\" \/><div class=\"wp-block-cover__inner-container\"><div  class=\"strate alignfull has-background-color-opacity-100\" style=\" background-position: 50% 50%;\"><div class=\"centrage\">\n\n<p class=\"has-text-align-center has-huge-font-size\">Faites confiance \u00e0 l&rsquo;expert de la commande publique pour vous former <\/p>\n\n\n\n<p class=\"has-text-align-center has-large-font-size\"><span class=\"has-inline-color has-white-color\">Acheteurs publics<\/span> &amp; Entreprises soumissionnaires<\/p>\n\n<\/div><\/div><\/div><\/div>\n\n\n<div  class=\"strate alignfull has-background-color-opacity-100\" style=\" background-position: 50% 50%;\"><div class=\"centrage\">\n\n<p class=\"has-color-1-color has-text-color has-large-font-size\">Actualit\u00e9s<\/p>\n\n\n<div class=\"has-3-columns wp-block-columns wp-block-columns-shortcode\"><div class=\"wp-block-column\"><section class=\"card-simple has-box-shadow card-simple--equal-height is-lien\" style=\"box-shadow:0px 5px 15px  rgba(0,0,0,0.1);\"><a href=\"https:\/\/evenements.infopro-digital.com\/achatpublic\/actu-formations\/2025\/10\/02\/revoir-le-webinaire-acheteurs-tout-ce-qui-vous-attend\/\" class=\"card-simple__wrapper-lien\"><div itemscope itemtype=\"https:\/\/schema.org\/ImageObject\" class=\"card-simple__cont-img card-simple__cont-img--\" style=\"background-image: url(https:\/\/evenements.infopro-digital.com\/achatpublic\/actu-formations\/\/app\/uploads\/sites\/4\/2025\/10\/Capture_SVE_FSMP.jpg)\"><meta itemprop=\"contentUrl\" content=\"https:\/\/evenements.infopro-digital.com\/achatpublic\/actu-formations\/\/app\/uploads\/sites\/4\/2025\/10\/Capture_SVE_FSMP.jpg\"\/><\/div><div class=\"card-simple__cont-infos\"><time class=\"card-simple__date\" datetime=\"2025-10-02T16:25:24+02:00\">2 octobre 2025<\/time><h3 class=\"card-simple__titre \">Revoir le webinaire \u00ab\u00a0Acheteurs&#8230; tout ce qui vous attend !\u00a0\u00bb<\/h3><div class=\"card-simple__content\"><p>Revoir le webinaire \u00ab\u00a0Acheteurs&#8230; tout ce qui vous attend \u00ab\u00a0<\/p><\/div><\/div><\/a><\/section><\/div><div class=\"wp-block-column\"><section class=\"card-simple has-box-shadow card-simple--equal-height is-lien\" style=\"box-shadow:0px 5px 15px  rgba(0,0,0,0.1);\"><a href=\"https:\/\/evenements.infopro-digital.com\/achatpublic\/actu-formations\/2025\/10\/01\/webinaire-communication-de-crise-cyber\/\" class=\"card-simple__wrapper-lien\"><div itemscope itemtype=\"https:\/\/schema.org\/ImageObject\" class=\"card-simple__cont-img card-simple__cont-img--\" style=\"background-image: url(https:\/\/evenements.infopro-digital.com\/achatpublic\/actu-formations\/\/app\/uploads\/sites\/4\/2025\/03\/Image1.jpg)\"><meta itemprop=\"contentUrl\" content=\"https:\/\/evenements.infopro-digital.com\/achatpublic\/actu-formations\/\/app\/uploads\/sites\/4\/2025\/03\/Image1.jpg\"\/><\/div><div class=\"card-simple__cont-infos\"><time class=\"card-simple__date\" datetime=\"2025-10-01T08:05:37+02:00\">1 octobre 2025<\/time><h3 class=\"card-simple__titre \">Webinaire \u00ab\u00a0Communication de crise cyber  \u00ab\u00a0<\/h3><div class=\"card-simple__content\"><p>Revoir le webinaire \u00ab\u00a0Communication de crise cyber\u00a0\u00bb<\/p><\/div><\/div><\/a><\/section><\/div><div class=\"wp-block-column\"><section class=\"card-simple has-box-shadow card-simple--equal-height is-lien\" style=\"box-shadow:0px 5px 15px  rgba(0,0,0,0.1);\"><a href=\"https:\/\/evenements.infopro-digital.com\/achatpublic\/actu-formations\/2025\/10\/01\/webinaire-achat-de-cybersecurite\/\" class=\"card-simple__wrapper-lien\"><div itemscope itemtype=\"https:\/\/schema.org\/ImageObject\" class=\"card-simple__cont-img card-simple__cont-img--\" style=\"background-image: url(https:\/\/evenements.infopro-digital.com\/achatpublic\/actu-formations\/\/app\/uploads\/sites\/4\/2025\/03\/Image1.jpg)\"><meta itemprop=\"contentUrl\" content=\"https:\/\/evenements.infopro-digital.com\/achatpublic\/actu-formations\/\/app\/uploads\/sites\/4\/2025\/03\/Image1.jpg\"\/><\/div><div class=\"card-simple__cont-infos\"><time class=\"card-simple__date\" datetime=\"2025-10-01T07:58:17+02:00\">1 octobre 2025<\/time><h3 class=\"card-simple__titre \">Webinaire \u00ab\u00a0Achat de cybers\u00e9curit\u00e9\u00a0\u00bb<\/h3><div class=\"card-simple__content\"><p>Revoir le webinaire \u00ab\u00a0Achat de cybers\u00e9curit\u00e9\u00a0\u00bb<\/p><\/div><\/div><\/a><\/section><\/div><\/div>\n\n<div class=\"bttn-align-center\"><a href=\"https:\/\/evenements.infopro-digital.com\/achatpublic\/actu-formations\/les-dernieres-infos\/\" target=\"_self\" class=\"bttn  bttn--big\"><span class=\"bttn__cont-label-icon\"><span class=\"bttn__label\">D\u00e9couvrir toutes les actualit\u00e9s<\/span><\/span><\/a><\/div>\n<\/div><\/div>\n\n<section style=\"\" class=\"media-text       media-text--img-20  media-text--content-align-vertical-middle media-text--media-align-vertical-middle has-background has-color-2-background-color  media-text--img-cover\" ><div class=\"centrage media-text__layout\"><figure class=\"media-text__media\" style=\"background-image: url(https:\/\/evenements.infopro-digital.com\/achatpublic\/actu-formations\/\/app\/uploads\/sites\/4\/2022\/04\/BannRF.png); background-position: 65% 43%; \"><img src=\"https:\/\/evenements.infopro-digital.com\/achatpublic\/actu-formations\/\/app\/uploads\/sites\/4\/2022\/04\/BannRF.png\" width=\"500\" height=\"500\" alt=\"\" style=\"\" \/><\/figure><div class=\"media-text__content\">\n\n<p class=\"has-large-font-size\">Vous \u00eates Responsable formation \/ RH ?<\/p>\n\n\n\n<p class=\"has-medium-font-size\">D\u00e9couvrez notre offre Intra-entreprise et sur-mesure :<br>&#8211; Une formation adapt\u00e9es aux besoins de vos collaborateurs<br>&#8211; Dans vos locaux ou \u00e0 distance, aux dates de votre choix<\/p>\n\n\n<div class=\"bttns bttns-align-center\">\n<div class=\"bttn-align-center\"><a href=\"https:\/\/evenements.infopro-digital.com\/achatpublic\/actu-formations\/informations-pratiques-sur-notre-organisme\/formations-intra\/\" target=\"_self\" class=\"bttn  bttn--big\"><span class=\"bttn__cont-label-icon\"><span class=\"bttn__label\">En savoir plus sur l&rsquo;intra-entreprise<\/span><\/span><\/a><\/div>\n\n<div class=\"bttn-align-center\"><a href=\"https:\/\/evenements.infopro-digital.com\/achatpublic-public\/contact\/context\/6\" target=\"_blank\" class=\"bttn bttn--icon  bttn--md\"><span class=\"bttn__cont-label-icon\"><span class=\"bttn__label\">Nous contacter<\/span><svg role=\"img\" aria-hidden=\"true\" viewBox=\"0 0 16 16\"><use href=\"#icon-enveloppe\" class=\"icon__unicolor\" \/><\/svg><\/span><\/a><\/div>\n<\/div>\n<\/div><\/div><\/section>\n\n<section style=\"\" class=\"media-text       media-text--img-20  media-text--content-align-vertical-middle media-text--media-align-vertical-middle has-background has-color-3-background-color media-text--img-right media-text--img-contain\" ><div class=\"centrage media-text__layout\"><figure class=\"media-text__media\"><img src=\"https:\/\/evenements.infopro-digital.com\/achatpublic\/actu-formations\/\/app\/uploads\/sites\/4\/2025\/10\/couverture-APC-2026.jpg\" width=\"532\" height=\"726\" alt=\"\" style=\"\" \/><\/figure><div class=\"media-text__content\">\n\n<p class=\"has-large-font-size\">D\u00e9couvrir toutes les formations 2026<\/p>\n\n\n\n<p class=\"has-medium-font-size\">Nous vous proposons de t\u00e9l\u00e9charger notre catalogue de formations 2026 pour d\u00e9couvrir, par th\u00e9matiques, toute l&rsquo;\u00e9tendue des formations achatpublic.com<\/p>\n\n\n<div class=\"bttn-align-center\"><a href=\"https:\/\/evenements.infopro-digital.com\/achatpublic\/actu-formations\/telechargez-le-catalogue-des-formations-achatpublic-com\/\" target=\"_blank\" class=\"bttn bttn--icon  bttn--md\"><span class=\"bttn__cont-label-icon\"><span class=\"bttn__label\">Je t\u00e9l\u00e9charge le catalogue en PDF <\/span><svg role=\"img\" aria-hidden=\"true\" viewBox=\"0 0 16 16\"><use href=\"#icon-fichier-pdf\" class=\"icon__unicolor\" \/><\/svg><\/span><\/a><\/div>\n<\/div><\/div><\/section>","protected":false},"excerpt":{"rendered":"","protected":false},"author":1,"featured_media":0,"parent":0,"menu_order":0,"comment_status":"closed","ping_status":"open","template":"tpl_homepage.php","meta":[],"yoast_head":"<!-- This site is optimized with the Yoast SEO plugin v18.9 - https:\/\/yoast.com\/wordpress\/plugins\/seo\/ -->\n<title>Accueil - Formation Achatpublic<\/title>\n<meta name=\"description\" content=\"Achatpublic.com propose plus de 100 formations en march\u00e9s publics \u00e0 destination des acheteurs publics et des entreprises soumissionnaires. Certifi\u00e9 Qualiopi.\" \/>\n<meta name=\"robots\" content=\"index, follow, max-snippet:-1, max-image-preview:large, max-video-preview:-1\" \/>\n<link rel=\"canonical\" href=\"https:\/\/evenements.infopro-digital.com\/achatpublic\/actu-formations\/\" \/>\n<meta property=\"og:locale\" content=\"fr_FR\" \/>\n<meta property=\"og:type\" content=\"article\" \/>\n<meta property=\"og:title\" content=\"Accueil - Formation Achatpublic\" \/>\n<meta property=\"og:description\" content=\"Achatpublic.com propose plus de 100 formations en march\u00e9s publics \u00e0 destination des acheteurs publics et des entreprises soumissionnaires. Certifi\u00e9 Qualiopi.\" \/>\n<meta property=\"og:url\" content=\"https:\/\/evenements.infopro-digital.com\/achatpublic\/actu-formations\/\" \/>\n<meta property=\"og:site_name\" content=\"Formation Achatpublic\" \/>\n<meta property=\"article:modified_time\" content=\"2026-03-06T12:26:42+00:00\" \/>\n<meta property=\"og:image\" content=\"https:\/\/evenements.infopro-digital.com\/achatpublic\/actu-formations\/\/app\/uploads\/sites\/4\/2022\/04\/image-blog-APC.png\" \/>\n<meta name=\"twitter:card\" content=\"summary_large_image\" \/>\n<meta name=\"twitter:label1\" content=\"Est. reading time\" \/>\n\t<meta name=\"twitter:data1\" content=\"1 minute\" \/>\n<script type=\"application\/ld+json\" class=\"yoast-schema-graph\">{\"@context\":\"https:\/\/schema.org\",\"@graph\":[{\"@type\":\"WebSite\",\"@id\":\"https:\/\/evenements.infopro-digital.com\/achatpublic\/actu-formations\/#website\",\"url\":\"https:\/\/evenements.infopro-digital.com\/achatpublic\/actu-formations\/\",\"name\":\"Formation Achatpublic\",\"description\":\"Un site utilisant Les sites de Formation argus\",\"potentialAction\":[{\"@type\":\"SearchAction\",\"target\":{\"@type\":\"EntryPoint\",\"urlTemplate\":\"https:\/\/evenements.infopro-digital.com\/achatpublic\/actu-formations\/?s={search_term_string}\"},\"query-input\":\"required name=search_term_string\"}],\"inLanguage\":\"fr-FR\"},{\"@type\":\"ImageObject\",\"inLanguage\":\"fr-FR\",\"@id\":\"https:\/\/evenements.infopro-digital.com\/achatpublic\/actu-formations\/#primaryimage\",\"url\":\"https:\/\/evenements.infopro-digital.com\/achatpublic\/actu-formations\/\/app\/uploads\/sites\/4\/2022\/04\/image-blog-APC.png\",\"contentUrl\":\"https:\/\/evenements.infopro-digital.com\/achatpublic\/actu-formations\/\/app\/uploads\/sites\/4\/2022\/04\/image-blog-APC.png\",\"width\":500,\"height\":500},{\"@type\":\"WebPage\",\"@id\":\"https:\/\/evenements.infopro-digital.com\/achatpublic\/actu-formations\/#webpage\",\"url\":\"https:\/\/evenements.infopro-digital.com\/achatpublic\/actu-formations\/\",\"name\":\"Accueil - Formation Achatpublic\",\"isPartOf\":{\"@id\":\"https:\/\/evenements.infopro-digital.com\/achatpublic\/actu-formations\/#website\"},\"primaryImageOfPage\":{\"@id\":\"https:\/\/evenements.infopro-digital.com\/achatpublic\/actu-formations\/#primaryimage\"},\"datePublished\":\"2022-03-22T08:42:22+00:00\",\"dateModified\":\"2026-03-06T12:26:42+00:00\",\"description\":\"Achatpublic.com propose plus de 100 formations en march\u00e9s publics \u00e0 destination des acheteurs publics et des entreprises soumissionnaires. Certifi\u00e9 Qualiopi.\",\"breadcrumb\":{\"@id\":\"https:\/\/evenements.infopro-digital.com\/achatpublic\/actu-formations\/#breadcrumb\"},\"inLanguage\":\"fr-FR\",\"potentialAction\":[{\"@type\":\"ReadAction\",\"target\":[\"https:\/\/evenements.infopro-digital.com\/achatpublic\/actu-formations\/\"]}]},{\"@type\":\"BreadcrumbList\",\"@id\":\"https:\/\/evenements.infopro-digital.com\/achatpublic\/actu-formations\/#breadcrumb\",\"itemListElement\":[{\"@type\":\"ListItem\",\"position\":1,\"name\":\"Accueil\",\"item\":\"https:\/\/evenements.infopro-digital.com\/achatpublic\/actu-formations\/\"},{\"@type\":\"ListItem\",\"position\":2,\"name\":\"Accueil\"}]}]}<\/script>\n<!-- \/ Yoast SEO plugin. -->","yoast_head_json":{"title":"Accueil - Formation Achatpublic","description":"Achatpublic.com propose plus de 100 formations en march\u00e9s publics \u00e0 destination des acheteurs publics et des entreprises soumissionnaires. Certifi\u00e9 Qualiopi.","robots":{"index":"index","follow":"follow","max-snippet":"max-snippet:-1","max-image-preview":"max-image-preview:large","max-video-preview":"max-video-preview:-1"},"canonical":"https:\/\/evenements.infopro-digital.com\/achatpublic\/actu-formations\/","og_locale":"fr_FR","og_type":"article","og_title":"Accueil - Formation Achatpublic","og_description":"Achatpublic.com propose plus de 100 formations en march\u00e9s publics \u00e0 destination des acheteurs publics et des entreprises soumissionnaires. Certifi\u00e9 Qualiopi.","og_url":"https:\/\/evenements.infopro-digital.com\/achatpublic\/actu-formations\/","og_site_name":"Formation Achatpublic","article_modified_time":"2026-03-06T12:26:42+00:00","og_image":[{"url":"https:\/\/evenements.infopro-digital.com\/achatpublic\/actu-formations\/\/app\/uploads\/sites\/4\/2022\/04\/image-blog-APC.png"}],"twitter_card":"summary_large_image","twitter_misc":{"Est. reading time":"1 minute"},"schema":{"@context":"https:\/\/schema.org","@graph":[{"@type":"WebSite","@id":"https:\/\/evenements.infopro-digital.com\/achatpublic\/actu-formations\/#website","url":"https:\/\/evenements.infopro-digital.com\/achatpublic\/actu-formations\/","name":"Formation Achatpublic","description":"Un site utilisant Les sites de Formation argus","potentialAction":[{"@type":"SearchAction","target":{"@type":"EntryPoint","urlTemplate":"https:\/\/evenements.infopro-digital.com\/achatpublic\/actu-formations\/?s={search_term_string}"},"query-input":"required name=search_term_string"}],"inLanguage":"fr-FR"},{"@type":"ImageObject","inLanguage":"fr-FR","@id":"https:\/\/evenements.infopro-digital.com\/achatpublic\/actu-formations\/#primaryimage","url":"https:\/\/evenements.infopro-digital.com\/achatpublic\/actu-formations\/\/app\/uploads\/sites\/4\/2022\/04\/image-blog-APC.png","contentUrl":"https:\/\/evenements.infopro-digital.com\/achatpublic\/actu-formations\/\/app\/uploads\/sites\/4\/2022\/04\/image-blog-APC.png","width":500,"height":500},{"@type":"WebPage","@id":"https:\/\/evenements.infopro-digital.com\/achatpublic\/actu-formations\/#webpage","url":"https:\/\/evenements.infopro-digital.com\/achatpublic\/actu-formations\/","name":"Accueil - Formation Achatpublic","isPartOf":{"@id":"https:\/\/evenements.infopro-digital.com\/achatpublic\/actu-formations\/#website"},"primaryImageOfPage":{"@id":"https:\/\/evenements.infopro-digital.com\/achatpublic\/actu-formations\/#primaryimage"},"datePublished":"2022-03-22T08:42:22+00:00","dateModified":"2026-03-06T12:26:42+00:00","description":"Achatpublic.com propose plus de 100 formations en march\u00e9s publics \u00e0 destination des acheteurs publics et des entreprises soumissionnaires. Certifi\u00e9 Qualiopi.","breadcrumb":{"@id":"https:\/\/evenements.infopro-digital.com\/achatpublic\/actu-formations\/#breadcrumb"},"inLanguage":"fr-FR","potentialAction":[{"@type":"ReadAction","target":["https:\/\/evenements.infopro-digital.com\/achatpublic\/actu-formations\/"]}]},{"@type":"BreadcrumbList","@id":"https:\/\/evenements.infopro-digital.com\/achatpublic\/actu-formations\/#breadcrumb","itemListElement":[{"@type":"ListItem","position":1,"name":"Accueil","item":"https:\/\/evenements.infopro-digital.com\/achatpublic\/actu-formations\/"},{"@type":"ListItem","position":2,"name":"Accueil"}]}]}},"_links":{"self":[{"href":"https:\/\/evenements.infopro-digital.com\/achatpublic\/actu-formations\/wp-json\/wp\/v2\/pages\/2"}],"collection":[{"href":"https:\/\/evenements.infopro-digital.com\/achatpublic\/actu-formations\/wp-json\/wp\/v2\/pages"}],"about":[{"href":"https:\/\/evenements.infopro-digital.com\/achatpublic\/actu-formations\/wp-json\/wp\/v2\/types\/page"}],"author":[{"embeddable":true,"href":"https:\/\/evenements.infopro-digital.com\/achatpublic\/actu-formations\/wp-json\/wp\/v2\/users\/1"}],"replies":[{"embeddable":true,"href":"https:\/\/evenements.infopro-digital.com\/achatpublic\/actu-formations\/wp-json\/wp\/v2\/comments?post=2"}],"version-history":[{"count":43,"href":"https:\/\/evenements.infopro-digital.com\/achatpublic\/actu-formations\/wp-json\/wp\/v2\/pages\/2\/revisions"}],"predecessor-version":[{"id":2501,"href":"https:\/\/evenements.infopro-digital.com\/achatpublic\/actu-formations\/wp-json\/wp\/v2\/pages\/2\/revisions\/2501"}],"wp:attachment":[{"href":"https:\/\/evenements.infopro-digital.com\/achatpublic\/actu-formations\/wp-json\/wp\/v2\/media?parent=2"}],"curies":[{"name":"wp","href":"https:\/\/api.w.org\/{rel}","templated":true}]}}