{"id":1964,"date":"2025-06-02T16:59:28","date_gmt":"2025-06-02T14:59:28","guid":{"rendered":"https:\/\/evenements.infopro-digital.com\/achatpublic\/actu-formations\/?page_id=1964"},"modified":"2025-10-01T09:43:36","modified_gmt":"2025-10-01T07:43:36","slug":"outils-et-techniques-dachats","status":"publish","type":"page","link":"https:\/\/evenements.infopro-digital.com\/achatpublic\/actu-formations\/la-folle-semaine-des-marches-publics\/outils-et-techniques-dachats\/","title":{"rendered":"Outils et techniques d&rsquo;achats"},"content":{"rendered":"<div  class=\"strate alignfull has-background-color-opacity-100\" style=\" background-position: 50% 50%;\"><div class=\"centrage\">\n<div class=\"bttns bttns-align-center\">\n<div class=\"bttn-align-center\"><a href=\"https:\/\/evenements.infopro-digital.com\/achatpublic-public\/formation-outils-et-techniques-d-achats-p-17595\" target=\"_blank\" class=\"bttn  bttn--md\"><span class=\"bttn__cont-label-icon\"><span class=\"bttn__label\">S&rsquo;inscrire \u00e0 ce parcours<\/span><\/span><\/a><\/div>\n\n<div class=\"bttn-align-center\"><a href=\"https:\/\/evenements.infopro-digital.com\/achatpublic\/actu-formations\/la-folle-semaine-des-marches-publics\/#les-parcours\" target=\"_self\" class=\"bttn  bttn--md\"><span class=\"bttn__cont-label-icon\"><span class=\"bttn__label\">D\u00e9couvrir les autres parcours<\/span><\/span><\/a><\/div>\n\n<div class=\"bttn-align-center\"><a href=\"https:\/\/evenements.infopro-digital.com\/achatpublic\/actu-formations\/\/app\/uploads\/sites\/4\/2025\/10\/Folle-Semaine-des-MP-2025.pdf\" target=\"_blank\" class=\"bttn bttn--icon  bttn--md\"><span class=\"bttn__cont-label-icon\"><span class=\"bttn__label\">T\u00e9l\u00e9charger la brochure<\/span><svg role=\"img\" aria-hidden=\"true\" viewBox=\"0 0 16 16\"><use href=\"#icon-fichier-pdf\" class=\"icon__unicolor\" \/><\/svg><\/span><\/a><\/div>\n\n<div class=\"bttn-align-center\"><a href=\"https:\/\/evenements.infopro-digital.com\/achatpublic-public\/contact\/type\/2#\/\" target=\"_blank\" class=\"bttn bttn--icon  bttn--md\"><span class=\"bttn__cont-label-icon\"><span class=\"bttn__label\">Nous contacter <\/span><svg role=\"img\" aria-hidden=\"true\" viewBox=\"0 0 16 16\"><use href=\"#icon-enveloppe\" class=\"icon__unicolor\" \/><\/svg><\/span><\/a><\/div>\n<\/div>\n\n\n<p>Du Legal Design \u00e0 la n\u00e9gociation complexe, ce parcours vous propose des approches modernes, immersives et pratiques pour enrichir votre bo\u00eete \u00e0 outils d\u2019acheteur.<\/p>\n\n\n\n<p><strong>Vous pouvez vous inscrire au parcours entier ou choisir une ou plusieurs formation(s) propos\u00e9e(s) \u00e0 l&rsquo;unit\u00e9. <\/strong><\/p>\n\n\n\n<figure class=\"wp-block-table is-style-stripes\"><table class=\"has-fixed-layout\"><tbody><tr><td class=\"has-text-align-center\" data-align=\"center\"><strong><span class=\"has-inline-color has-color-1-color\">LUNDI 24 NOVEMBRE 2025<\/span><\/strong><br><br><strong><span class=\"has-inline-color has-color-2-color\">CONFERENCE<\/span><\/strong><br><br><br><a href=\"https:\/\/evenements.infopro-digital.com\/achatpublic-public\/formation-conference-d-actualite-p-17596\" target=\"_blank\" rel=\"noreferrer noopener\">S&rsquo;inscrire \u00e0 la conf\u00e9rence<\/a><\/td><td><strong><strong><strong><strong>Conf\u00e9rence d&rsquo;actualit\u00e9<\/strong><\/strong> : <strong>une commande publique \u00ab\u00a0simplifi\u00e9e\u00a0\u00bb&#8230; et sous surveillance !<\/strong><br><\/strong><\/strong><br>Conf\u00e9rence anim\u00e9e par Jean-Marc Joann\u00e8s, R\u00e9dacteur en chef de achatpublic.info<br><br>Parmi les experts pr\u00e9sents :<br><br>&#8211; <strong>Cl\u00e9mence Olsina<\/strong> : (DAJ) &#8211; Minist\u00e8re de l\u2019\u00e9conomie, des finances et de la souverainet\u00e9 industrielle et num\u00e9rique<br>&#8211; <strong>Simon Uzenat<\/strong> : S\u00e9nat, Pr\u00e9sident de la commission d&rsquo;enqu\u00eate du S\u00e9nat sur \u00ab\u00a0les co\u00fbts et les modalit\u00e9s effectifs de la commande publique et la mesure de leur effet d&rsquo;entra\u00eenement sur l&rsquo;\u00e9conomie fran\u00e7aise\u00a0\u00bb<br>&#8211; <strong>V\u00e9ronique Hamayon<\/strong> : Procureure g\u00e9n\u00e9rale pr\u00e8s la Cour des comptes<\/td><\/tr><tr><td class=\"has-text-align-center\" data-align=\"center\"><span class=\"has-inline-color has-color-1-color\"><strong>MARDI 25 NOVEMBRE 2025<\/strong><\/span><br><br><strong><span class=\"has-inline-color has-color-2-color\">FORMATION<\/span><\/strong><br><br><a href=\"http:\/\/google.fr\">S&rsquo;inscrire \u00e0 ce <\/a><a href=\"https:\/\/evenements.infopro-digital.com\/achatpublic-public\/formation-s-initier-au-legal-design-p-17448\" target=\"_blank\" rel=\"noreferrer noopener\">module \u00e0 la journ\u00e9e<\/a><\/td><td><strong>JOUR 2 : S\u2019initier au Legal Design<\/strong><br><br>Renforcer l\u2019impact de ses documents juridiques :<br><br>&#8211; Assimiler les concepts cl\u00e9s du Legal Design<br>&#8211; S\u2019approprier les techniques de Legal Design<br>&#8211; S\u00e9lectionner l\u2019outil adapt\u00e9 \u00e0 son projet<br><\/td><\/tr><tr><td class=\"has-text-align-center\" data-align=\"center\"><span class=\"has-inline-color has-color-1-color\"><strong>MERCREDI 26 NOVEMBRE 2025<br><\/strong><\/span><br><strong><span class=\"has-inline-color has-color-2-color\">FORMATION<\/span><\/strong><br><br><a href=\"https:\/\/evenements.infopro-digital.com\/achatpublic-public\/formation-atelier-pratiquez-le-legal-design-p-17451\" target=\"_blank\" rel=\"noreferrer noopener\">S&rsquo;inscrire \u00e0 ce module \u00e0 la journ\u00e9e<\/a><\/td><td><strong>JOUR 3 : Atelier : pratiquez le Legal Design<\/strong><br><br>Renforcer vos communications aupr\u00e8s de vos interlocuteurs :<br><br>&#8211; Appliquer la m\u00e9thodologie du Legal Design<br>&#8211; Exp\u00e9rimenter le Legal Design sur des outils de cr\u00e9ation graphique<\/td><\/tr><tr><td class=\"has-text-align-center\" data-align=\"center\"><strong><span class=\"has-inline-color has-color-1-color\">JEUDI 27 NOVEMBRE 2025<\/span><\/strong><br><br><strong><span class=\"has-inline-color has-color-2-color\">FORMATION<\/span><\/strong><br><br><a href=\"https:\/\/evenements.infopro-digital.com\/achatpublic-public\/formation-appliquer-les-techniques-de-negociation-dans-les-achats-p-11809\" target=\"_blank\" rel=\"noreferrer noopener\">S&rsquo;inscrire \u00e0 ce module \u00e0 la journ\u00e9e<\/a><\/td><td><strong>JOUR 4 : Appliquer les techniques de n\u00e9gociation dans les achats<\/strong><br><br>Comment les mettre en \u0153uvre efficacement :<br><br>&#8211; Cerner le cadre g\u00e9n\u00e9ral de la n\u00e9gociation dans les march\u00e9s publics<br>&#8211; D\u00e9couvrir les principales techniques de n\u00e9gociation<br>&#8211; Conduire et conclure une n\u00e9gociation efficiente<\/td><\/tr><tr><td class=\"has-text-align-center\" data-align=\"center\"><strong><span class=\"has-inline-color has-color-1-color\">VENDREDI<strong> 28 NOVEMBRE 2025<\/strong><\/span><\/strong><br><br><strong><span class=\"has-inline-color has-color-2-color\">FORMATION<\/span><\/strong><br><br><a href=\"https:\/\/evenements.infopro-digital.com\/achatpublic-public\/formation-negociation-complexe-atelier-immersif-pour-acheteurs-et-entreprises-p-17545\" target=\"_blank\" rel=\"noreferrer noopener\">S&rsquo;inscrire \u00e0 ce module \u00e0 la journ\u00e9e<\/a><\/td><td><strong>JOUR 5 : N\u00e9gociation complexe : Atelier immersif pour acheteurs et entreprises<\/strong><br><br>Transformez les d\u00e9fis de la n\u00e9gociation en opportunit\u00e9s strat\u00e9giques :<br><br>&#8211; D\u00e9crypter les enjeux de la n\u00e9gociation complexe dans le cadre des march\u00e9s publics<br>&#8211; Identifier les d\u00e9fis et les contraintes sp\u00e9cifiques \u00e0 la n\u00e9gociation complexe<br>&#8211; Utiliser les outils analytiques pour pr\u00e9parer la n\u00e9gociation<br>&#8211; S\u2019approprier la m\u00e9thodologie pour \u00e9laborer une strat\u00e9gie efficace dans le cadre d\u2019une n\u00e9gociation complexe<\/td><\/tr><\/tbody><\/table><\/figure>\n\n\n\n<p class=\"has-color-1-color has-text-color has-large-font-size\"><strong>Tarifs et Inscription<\/strong><\/p>\n\n\n<div  class=\"strate has-background has-white-background-color alignfull has-background-color-opacity-100\" style=\" background-position: 50% 50%;\"><div class=\"centrage\">\n\n<figure class=\"wp-block-table aligncenter is-style-stripes\"><table class=\"has-fixed-layout\"><thead><tr><th class=\"has-text-align-center\" data-align=\"center\">Votre s\u00e9lection<\/th><th class=\"has-text-align-left\" data-align=\"left\">Tarifs<\/th><th class=\"has-text-align-left\" data-align=\"left\">S&rsquo;inscrire<\/th><\/tr><\/thead><tbody><tr><td class=\"has-text-align-center\" data-align=\"center\"><strong>La conf\u00e9rence d&rsquo;actualit\u00e9<\/strong><\/td><td class=\"has-text-align-left\" data-align=\"left\"><strong><span class=\"has-inline-color has-color-1-color\">650 \u20ac <\/span><\/strong>TTC<\/td><td class=\"has-text-align-left\" data-align=\"left\"><a href=\"https:\/\/evenements.infopro-digital.com\/achatpublic-public\/formation-conference-d-actualite-p-17596\" target=\"_blank\" rel=\"noreferrer noopener\">S&rsquo;inscrire \u00e0 la conf\u00e9rence<\/a> <\/td><\/tr><tr><td class=\"has-text-align-center\" data-align=\"center\"><strong>Formation \u00e0 l&rsquo;unit\u00e9<\/strong><br><\/td><td class=\"has-text-align-left\" data-align=\"left\">\u00e0 partir de  jour <strong><span class=\"has-inline-color has-color-1-color\">790 \u20ac<\/span><\/strong> TTC<\/td><td class=\"has-text-align-left\" data-align=\"left\">Pour s&rsquo;inscrire, cliquez sur la formation de votre choix dans la section \u00ab\u00a0Les parcours\u00a0\u00bb ou <br>contactez-nous au 01 81 93 38 84<\/td><\/tr><tr><td class=\"has-text-align-center\" data-align=\"center\"><strong>Choix d&rsquo;un parcours<\/strong><\/td><td class=\"has-text-align-left\" data-align=\"left\"><strong>Parcours M\u00e9tier  5 jours <\/strong>: <br><strong><span class=\"has-inline-color has-color-1-color\">2 900 \u20ac<\/span> <\/strong>TTC<br><br><strong>Parcours Th\u00e9matiques 5 jours : <\/strong><br><span class=\"has-inline-color has-color-1-color\"><strong>3 050 \u20ac<\/strong><\/span> TTC<\/td><td class=\"has-text-align-left\" data-align=\"left\"><a href=\"https:\/\/evenements.infopro-digital.com\/achatpublic\/actu-formations\/la-folle-semaine-des-marches-publics-2024\/le-parcours-metier\/\" target=\"_blank\" rel=\"noreferrer noopener\">S&rsquo;inscrire <\/a><a href=\"https:\/\/evenements.infopro-digital.com\/achatpublic-public\/formation-parcours-metier-acheteur-public-p-11834\" target=\"_blank\" rel=\"noreferrer noopener\">\u00e0<\/a><a href=\"https:\/\/evenements.infopro-digital.com\/achatpublic\/actu-formations\/la-folle-semaine-des-marches-publics-2024\/le-parcours-metier\/\" target=\"_blank\" rel=\"noreferrer noopener\"> ce parcours<\/a> <br><br><br>Pour s&rsquo;inscrire, cliquez sur le parcours de votre choix dans la section \u00ab\u00a0Les parcours\u00a0\u00bb ou<br>contactez-nous au 01 81 93 38 84<br><\/td><\/tr><tr><td class=\"has-text-align-center\" data-align=\"center\"><strong>Plusieurs formations \u00e0 la carte<\/strong><\/td><td class=\"has-text-align-left\" data-align=\"left\">\u00e0 partir de jour de <span class=\"has-inline-color has-color-1-color\"><strong>1 425 \u20ac<\/strong> <\/span>TTC<\/td><td class=\"has-text-align-left\" data-align=\"left\">Pour s&rsquo;inscrire, contactez-nous au 01 81 93 38 84<br><\/td><\/tr><\/tbody><\/table><\/figure>\n\n<\/div><\/div>\n<\/div><\/div>","protected":false},"excerpt":{"rendered":"","protected":false},"author":11,"featured_media":0,"parent":2215,"menu_order":0,"comment_status":"closed","ping_status":"closed","template":"","meta":[],"yoast_head":"<!-- This site is optimized with the Yoast SEO plugin v18.9 - https:\/\/yoast.com\/wordpress\/plugins\/seo\/ -->\n<title>Outils et techniques d&#039;achats - Formation Achatpublic<\/title>\n<meta name=\"robots\" content=\"index, follow, max-snippet:-1, max-image-preview:large, max-video-preview:-1\" \/>\n<link rel=\"canonical\" href=\"https:\/\/evenements.infopro-digital.com\/achatpublic\/actu-formations\/la-folle-semaine-des-marches-publics\/outils-et-techniques-dachats\/\" \/>\n<meta property=\"og:locale\" content=\"fr_FR\" \/>\n<meta property=\"og:type\" content=\"article\" \/>\n<meta property=\"og:title\" content=\"Outils et techniques d&#039;achats - Formation Achatpublic\" \/>\n<meta property=\"og:url\" content=\"https:\/\/evenements.infopro-digital.com\/achatpublic\/actu-formations\/la-folle-semaine-des-marches-publics\/outils-et-techniques-dachats\/\" \/>\n<meta property=\"og:site_name\" content=\"Formation Achatpublic\" \/>\n<meta property=\"article:modified_time\" content=\"2025-10-01T07:43:36+00:00\" \/>\n<meta name=\"twitter:card\" content=\"summary_large_image\" \/>\n<meta name=\"twitter:label1\" content=\"Est. reading time\" \/>\n\t<meta name=\"twitter:data1\" content=\"2 minutes\" \/>\n<script type=\"application\/ld+json\" class=\"yoast-schema-graph\">{\"@context\":\"https:\/\/schema.org\",\"@graph\":[{\"@type\":\"WebSite\",\"@id\":\"https:\/\/evenements.infopro-digital.com\/achatpublic\/actu-formations\/#website\",\"url\":\"https:\/\/evenements.infopro-digital.com\/achatpublic\/actu-formations\/\",\"name\":\"Formation Achatpublic\",\"description\":\"Un site utilisant Les sites de Formation argus\",\"potentialAction\":[{\"@type\":\"SearchAction\",\"target\":{\"@type\":\"EntryPoint\",\"urlTemplate\":\"https:\/\/evenements.infopro-digital.com\/achatpublic\/actu-formations\/?s={search_term_string}\"},\"query-input\":\"required name=search_term_string\"}],\"inLanguage\":\"fr-FR\"},{\"@type\":\"WebPage\",\"@id\":\"https:\/\/evenements.infopro-digital.com\/achatpublic\/actu-formations\/la-folle-semaine-des-marches-publics\/outils-et-techniques-dachats\/#webpage\",\"url\":\"https:\/\/evenements.infopro-digital.com\/achatpublic\/actu-formations\/la-folle-semaine-des-marches-publics\/outils-et-techniques-dachats\/\",\"name\":\"Outils et techniques d'achats - Formation Achatpublic\",\"isPartOf\":{\"@id\":\"https:\/\/evenements.infopro-digital.com\/achatpublic\/actu-formations\/#website\"},\"datePublished\":\"2025-06-02T14:59:28+00:00\",\"dateModified\":\"2025-10-01T07:43:36+00:00\",\"breadcrumb\":{\"@id\":\"https:\/\/evenements.infopro-digital.com\/achatpublic\/actu-formations\/la-folle-semaine-des-marches-publics\/outils-et-techniques-dachats\/#breadcrumb\"},\"inLanguage\":\"fr-FR\",\"potentialAction\":[{\"@type\":\"ReadAction\",\"target\":[\"https:\/\/evenements.infopro-digital.com\/achatpublic\/actu-formations\/la-folle-semaine-des-marches-publics\/outils-et-techniques-dachats\/\"]}]},{\"@type\":\"BreadcrumbList\",\"@id\":\"https:\/\/evenements.infopro-digital.com\/achatpublic\/actu-formations\/la-folle-semaine-des-marches-publics\/outils-et-techniques-dachats\/#breadcrumb\",\"itemListElement\":[{\"@type\":\"ListItem\",\"position\":1,\"name\":\"Accueil\",\"item\":\"https:\/\/evenements.infopro-digital.com\/achatpublic\/actu-formations\/\"},{\"@type\":\"ListItem\",\"position\":2,\"name\":\"La Folle Semaine des March\u00e9s Publics\",\"item\":\"https:\/\/evenements.infopro-digital.com\/achatpublic\/actu-formations\/la-folle-semaine-des-marches-publics\/\"},{\"@type\":\"ListItem\",\"position\":3,\"name\":\"Outils et techniques d&rsquo;achats\"}]}]}<\/script>\n<!-- \/ Yoast SEO plugin. -->","yoast_head_json":{"title":"Outils et techniques d'achats - Formation Achatpublic","robots":{"index":"index","follow":"follow","max-snippet":"max-snippet:-1","max-image-preview":"max-image-preview:large","max-video-preview":"max-video-preview:-1"},"canonical":"https:\/\/evenements.infopro-digital.com\/achatpublic\/actu-formations\/la-folle-semaine-des-marches-publics\/outils-et-techniques-dachats\/","og_locale":"fr_FR","og_type":"article","og_title":"Outils et techniques d'achats - Formation Achatpublic","og_url":"https:\/\/evenements.infopro-digital.com\/achatpublic\/actu-formations\/la-folle-semaine-des-marches-publics\/outils-et-techniques-dachats\/","og_site_name":"Formation Achatpublic","article_modified_time":"2025-10-01T07:43:36+00:00","twitter_card":"summary_large_image","twitter_misc":{"Est. reading time":"2 minutes"},"schema":{"@context":"https:\/\/schema.org","@graph":[{"@type":"WebSite","@id":"https:\/\/evenements.infopro-digital.com\/achatpublic\/actu-formations\/#website","url":"https:\/\/evenements.infopro-digital.com\/achatpublic\/actu-formations\/","name":"Formation Achatpublic","description":"Un site utilisant Les sites de Formation argus","potentialAction":[{"@type":"SearchAction","target":{"@type":"EntryPoint","urlTemplate":"https:\/\/evenements.infopro-digital.com\/achatpublic\/actu-formations\/?s={search_term_string}"},"query-input":"required name=search_term_string"}],"inLanguage":"fr-FR"},{"@type":"WebPage","@id":"https:\/\/evenements.infopro-digital.com\/achatpublic\/actu-formations\/la-folle-semaine-des-marches-publics\/outils-et-techniques-dachats\/#webpage","url":"https:\/\/evenements.infopro-digital.com\/achatpublic\/actu-formations\/la-folle-semaine-des-marches-publics\/outils-et-techniques-dachats\/","name":"Outils et techniques d'achats - Formation Achatpublic","isPartOf":{"@id":"https:\/\/evenements.infopro-digital.com\/achatpublic\/actu-formations\/#website"},"datePublished":"2025-06-02T14:59:28+00:00","dateModified":"2025-10-01T07:43:36+00:00","breadcrumb":{"@id":"https:\/\/evenements.infopro-digital.com\/achatpublic\/actu-formations\/la-folle-semaine-des-marches-publics\/outils-et-techniques-dachats\/#breadcrumb"},"inLanguage":"fr-FR","potentialAction":[{"@type":"ReadAction","target":["https:\/\/evenements.infopro-digital.com\/achatpublic\/actu-formations\/la-folle-semaine-des-marches-publics\/outils-et-techniques-dachats\/"]}]},{"@type":"BreadcrumbList","@id":"https:\/\/evenements.infopro-digital.com\/achatpublic\/actu-formations\/la-folle-semaine-des-marches-publics\/outils-et-techniques-dachats\/#breadcrumb","itemListElement":[{"@type":"ListItem","position":1,"name":"Accueil","item":"https:\/\/evenements.infopro-digital.com\/achatpublic\/actu-formations\/"},{"@type":"ListItem","position":2,"name":"La Folle Semaine des March\u00e9s Publics","item":"https:\/\/evenements.infopro-digital.com\/achatpublic\/actu-formations\/la-folle-semaine-des-marches-publics\/"},{"@type":"ListItem","position":3,"name":"Outils et techniques d&rsquo;achats"}]}]}},"_links":{"self":[{"href":"https:\/\/evenements.infopro-digital.com\/achatpublic\/actu-formations\/wp-json\/wp\/v2\/pages\/1964"}],"collection":[{"href":"https:\/\/evenements.infopro-digital.com\/achatpublic\/actu-formations\/wp-json\/wp\/v2\/pages"}],"about":[{"href":"https:\/\/evenements.infopro-digital.com\/achatpublic\/actu-formations\/wp-json\/wp\/v2\/types\/page"}],"author":[{"embeddable":true,"href":"https:\/\/evenements.infopro-digital.com\/achatpublic\/actu-formations\/wp-json\/wp\/v2\/users\/11"}],"replies":[{"embeddable":true,"href":"https:\/\/evenements.infopro-digital.com\/achatpublic\/actu-formations\/wp-json\/wp\/v2\/comments?post=1964"}],"version-history":[{"count":18,"href":"https:\/\/evenements.infopro-digital.com\/achatpublic\/actu-formations\/wp-json\/wp\/v2\/pages\/1964\/revisions"}],"predecessor-version":[{"id":2415,"href":"https:\/\/evenements.infopro-digital.com\/achatpublic\/actu-formations\/wp-json\/wp\/v2\/pages\/1964\/revisions\/2415"}],"up":[{"embeddable":true,"href":"https:\/\/evenements.infopro-digital.com\/achatpublic\/actu-formations\/wp-json\/wp\/v2\/pages\/2215"}],"wp:attachment":[{"href":"https:\/\/evenements.infopro-digital.com\/achatpublic\/actu-formations\/wp-json\/wp\/v2\/media?parent=1964"}],"curies":[{"name":"wp","href":"https:\/\/api.w.org\/{rel}","templated":true}]}}